{"id":50227,"date":"2025-07-01T16:42:05","date_gmt":"2025-07-01T16:42:05","guid":{"rendered":"https:\/\/espacetriathlon.com\/um\/"},"modified":"2025-08-14T14:55:31","modified_gmt":"2025-08-14T14:55:31","slug":"um","status":"publish","type":"page","link":"https:\/\/espacetriathlon.com\/de\/um\/","title":{"rendered":"Um"},"content":{"rendered":"\t\t<div data-elementor-type=\"wp-page\" data-elementor-id=\"50227\" class=\"elementor elementor-50227 elementor-104\" data-elementor-post-type=\"page\">\n\t\t\t\t<div class=\"elementor-element elementor-element-0914b17 e-flex e-con-boxed e-con e-parent\" data-id=\"0914b17\" data-element_type=\"container\" data-e-type=\"container\" data-settings=\"{&quot;background_background&quot;:&quot;classic&quot;}\">\n\t\t\t\t\t<div class=\"e-con-inner\">\n\t\t\t\t<div class=\"elementor-element elementor-element-d5bcced elementor-widget elementor-widget-heading\" data-id=\"d5bcced\" data-element_type=\"widget\" data-e-type=\"widget\" data-widget_type=\"heading.default\">\n\t\t\t\t\t<h2 class=\"elementor-heading-title elementor-size-default\">\u00dcber uns<\/h2>\t\t\t\t<\/div>\n\t\t\t\t\t<\/div>\n\t\t\t\t<\/div>\n\t\t<div class=\"elementor-element elementor-element-9299316 e-flex e-con-boxed e-con e-parent\" data-id=\"9299316\" data-element_type=\"container\" data-e-type=\"container\">\n\t\t\t\t\t<div class=\"e-con-inner\">\n\t\t<div class=\"elementor-element elementor-element-b439be6 e-con-full e-flex e-con e-child\" data-id=\"b439be6\" data-element_type=\"container\" data-e-type=\"container\">\n\t\t\t\t<div class=\"elementor-element elementor-element-f0be9cb elementor-widget elementor-widget-heading\" data-id=\"f0be9cb\" data-element_type=\"widget\" data-e-type=\"widget\" data-widget_type=\"heading.default\">\n\t\t\t\t\t<h2 class=\"elementor-heading-title elementor-size-default\">\n\u00dcber uns\n<\/h2>\t\t\t\t<\/div>\n\t\t\t\t<div class=\"elementor-element elementor-element-ee62cbc elementor-widget elementor-widget-text-editor\" data-id=\"ee62cbc\" data-element_type=\"widget\" data-e-type=\"widget\" data-widget_type=\"text-editor.default\">\n\t\t\t\t\t\t\t\t\tDer Espace Triathlon (Sportmax) Lausanne und Nyon ist ein einzigartiger Ort f\u00fcr Triathlonausr\u00fcstung und allgemein f\u00fcr das Schwimmen im Schwimmbad oder im offenen Wasser.\nHier findet jeder Ausdauersportler (Triathlet, Schwimmer) unabh\u00e4ngig von seinen Ambitionen die passende Ausr\u00fcstung zum Vorab-Testen, entweder im Gesch\u00e4ft oder am See.\n\t\t\t\t\t\t\t\t<\/div>\n\t\t\t\t<\/div>\n\t\t<div class=\"elementor-element elementor-element-ea22b63 e-con-full e-flex e-con e-child\" data-id=\"ea22b63\" data-element_type=\"container\" data-e-type=\"container\">\n\t\t\t\t<div class=\"elementor-element elementor-element-0649c90 elementor-widget elementor-widget-image\" data-id=\"0649c90\" data-element_type=\"widget\" data-e-type=\"widget\" data-widget_type=\"image.default\">\n\t\t\t\t\t\t\t\t\t\t\t\t\t\t\t<img decoding=\"async\" src=\"https:\/\/darkslateblue-cattle-473851.hostingersite.com\/wp-content\/uploads\/2025\/07\/about-page-min.png\" title=\"\" alt=\"\" loading=\"lazy\" \/>\t\t\t\t\t\t\t\t\t\t\t\t\t\t\t<\/div>\n\t\t\t\t<\/div>\n\t\t\t\t\t<\/div>\n\t\t\t\t<\/div>\n\t\t\t\t<\/div>\n\t\t","protected":false},"excerpt":{"rendered":"<p>\u00dcber uns \u00dcber uns Der Espace Triathlon (Sportmax) Lausanne und Nyon ist ein einzigartiger Ort f\u00fcr Triathlonausr\u00fcstung und allgemein f\u00fcr das Schwimmen im Schwimmbad oder im offenen Wasser. Hier findet jeder Ausdauersportler (Triathlet, Schwimmer) unabh\u00e4ngig von seinen Ambitionen die passende Ausr\u00fcstung zum Vorab-Testen, entweder im Gesch\u00e4ft oder am See.<\/p>\n","protected":false},"author":1,"featured_media":0,"parent":0,"menu_order":0,"comment_status":"closed","ping_status":"closed","template":"","meta":{"footnotes":""},"class_list":["post-50227","page","type-page","status-publish","hentry"],"_links":{"self":[{"href":"https:\/\/espacetriathlon.com\/de\/wp-json\/wp\/v2\/pages\/50227","targetHints":{"allow":["GET"]}}],"collection":[{"href":"https:\/\/espacetriathlon.com\/de\/wp-json\/wp\/v2\/pages"}],"about":[{"href":"https:\/\/espacetriathlon.com\/de\/wp-json\/wp\/v2\/types\/page"}],"author":[{"embeddable":true,"href":"https:\/\/espacetriathlon.com\/de\/wp-json\/wp\/v2\/users\/1"}],"replies":[{"embeddable":true,"href":"https:\/\/espacetriathlon.com\/de\/wp-json\/wp\/v2\/comments?post=50227"}],"version-history":[{"count":13,"href":"https:\/\/espacetriathlon.com\/de\/wp-json\/wp\/v2\/pages\/50227\/revisions"}],"predecessor-version":[{"id":53802,"href":"https:\/\/espacetriathlon.com\/de\/wp-json\/wp\/v2\/pages\/50227\/revisions\/53802"}],"wp:attachment":[{"href":"https:\/\/espacetriathlon.com\/de\/wp-json\/wp\/v2\/media?parent=50227"}],"curies":[{"name":"wp","href":"https:\/\/api.w.org\/{rel}","templated":true}]}}