{"id":50244,"date":"2025-07-07T17:30:37","date_gmt":"2025-07-07T17:30:37","guid":{"rendered":"https:\/\/espacetriathlon.com\/verkaufsbedingungen-und-konditionen\/"},"modified":"2025-08-08T17:39:37","modified_gmt":"2025-08-08T17:39:37","slug":"verkaufsbedingungen-und-konditionen","status":"publish","type":"page","link":"https:\/\/espacetriathlon.com\/de\/verkaufsbedingungen-und-konditionen\/","title":{"rendered":"Verkaufsbedingungen und Konditionen"},"content":{"rendered":"\t\t<div data-elementor-type=\"wp-page\" data-elementor-id=\"50244\" class=\"elementor elementor-50244 elementor-49220\" data-elementor-post-type=\"page\">\n\t\t\t\t<div class=\"elementor-element elementor-element-50b9b73b e-flex e-con-boxed e-con e-parent\" data-id=\"50b9b73b\" data-element_type=\"container\" data-e-type=\"container\" data-settings=\"{&quot;background_background&quot;:&quot;classic&quot;}\">\n\t\t\t\t\t<div class=\"e-con-inner\">\n\t\t\t\t<div class=\"elementor-element elementor-element-663928cb elementor-widget elementor-widget-heading\" data-id=\"663928cb\" data-element_type=\"widget\" data-e-type=\"widget\" data-widget_type=\"heading.default\">\n\t\t\t\t\t<h2 class=\"elementor-heading-title elementor-size-default\"> Verkaufsbedingungen und Konditionen <\/h2>\t\t\t\t<\/div>\n\t\t\t\t\t<\/div>\n\t\t\t\t<\/div>\n\t\t<div class=\"elementor-element elementor-element-13a4ffed e-flex e-con-boxed e-con e-parent\" data-id=\"13a4ffed\" data-element_type=\"container\" data-e-type=\"container\">\n\t\t\t\t\t<div class=\"e-con-inner\">\n\t\t<div class=\"elementor-element elementor-element-6576ac02 e-con-full e-flex e-con e-child\" data-id=\"6576ac02\" data-element_type=\"container\" data-e-type=\"container\">\n\t\t\t\t<div class=\"elementor-element elementor-element-77648660 elementor-widget elementor-widget-heading\" data-id=\"77648660\" data-element_type=\"widget\" data-e-type=\"widget\" data-widget_type=\"heading.default\">\n\t\t\t\t\t<h2 class=\"elementor-heading-title elementor-size-default\">\nPreis\n\n<\/h2>\t\t\t\t<\/div>\n\t\t\t\t<div class=\"elementor-element elementor-element-210dd3d9 elementor-widget elementor-widget-text-editor\" data-id=\"210dd3d9\" data-element_type=\"widget\" data-e-type=\"widget\" data-widget_type=\"text-editor.default\">\n\t\t\t\t\t\t\t\t\tDie Preise in diesem Katalog verstehen sich in Schweizer Franken, netto, inklusive Mehrwertsteuer und sind garantiert.<br>F\u00fcr Artikel mit Garantie gelten die Bedingungen des zum Zeitpunkt des Kaufs g\u00fcltigen Angebots. Die Garantie tritt am Tag der Lieferung des Artikels in Kraft, wie aus dem Begleitdokument (Rechnung) hervorgeht, das wir Sie bitten, an einem sicheren Ort aufzubewahren. Sch\u00e4den, die durch unsachgem\u00e4\u00dfe Wartung, Nichtbeachtung der Anweisungen oder normale Abnutzung entstanden sind, sind nicht abgedeckt.\t\t\t\t\t\t\t\t<\/div>\n\t\t\t\t<div class=\"elementor-element elementor-element-2cb246b elementor-widget elementor-widget-heading\" data-id=\"2cb246b\" data-element_type=\"widget\" data-e-type=\"widget\" data-widget_type=\"heading.default\">\n\t\t\t\t\t<h2 class=\"elementor-heading-title elementor-size-default\">Verf\u00fcgbarkeit \n\n\n<\/h2>\t\t\t\t<\/div>\n\t\t\t\t<div class=\"elementor-element elementor-element-2bb4ab3 elementor-widget elementor-widget-text-editor\" data-id=\"2bb4ab3\" data-element_type=\"widget\" data-e-type=\"widget\" data-widget_type=\"text-editor.default\">\n\t\t\t\t\t\t\t\t\tUnsere Lieferverpflichtung entf\u00e4llt bei Ausfall oder Nichteinhaltung von Lieferfristen seitens unserer eigenen Lieferanten und sofern diese Nichtverf\u00fcgbarkeit nicht von Sportmax Sarl zu vertreten ist. Sollte ein Produkt nicht mehr verf\u00fcgbar sein, werden wir Sie so schnell wie m\u00f6glich informieren.\t\t\t\t\t\t\t\t<\/div>\n\t\t\t\t<div class=\"elementor-element elementor-element-0ff5e72 elementor-widget elementor-widget-heading\" data-id=\"0ff5e72\" data-element_type=\"widget\" data-e-type=\"widget\" data-widget_type=\"heading.default\">\n\t\t\t\t\t<h2 class=\"elementor-heading-title elementor-size-default\">Zahlungsmethoden\n\n\n\n<\/h2>\t\t\t\t<\/div>\n\t\t\t\t<div class=\"elementor-element elementor-element-90dc880 elementor-widget elementor-widget-text-editor\" data-id=\"90dc880\" data-element_type=\"widget\" data-e-type=\"widget\" data-widget_type=\"text-editor.default\">\n\t\t\t\t\t\t\t\t\tZahlungsarten: Zahlung per Kreditkarte.\t\t\t\t\t\t\t\t<\/div>\n\t\t\t\t<div class=\"elementor-element elementor-element-8c3a554 elementor-widget elementor-widget-heading\" data-id=\"8c3a554\" data-element_type=\"widget\" data-e-type=\"widget\" data-widget_type=\"heading.default\">\n\t\t\t\t\t<h2 class=\"elementor-heading-title elementor-size-default\">Lieferung und Transport\n\n\n\n<\/h2>\t\t\t\t<\/div>\n\t\t\t\t<div class=\"elementor-element elementor-element-870fbb5 elementor-widget elementor-widget-text-editor\" data-id=\"870fbb5\" data-element_type=\"widget\" data-e-type=\"widget\" data-widget_type=\"text-editor.default\">\n\t\t\t\t\t\t\t\t\tLieferung und Transport\nVerf\u00fcgbare Artikel werden innerhalb von ca. 1 bis 2 Tagen per Post verschickt. Sportmax Sarl liefert nicht an Postf\u00e4cher und liefert nicht an Minderj\u00e4hrige oder Personen unter Vormundschaft, es sei denn, es liegt eine schriftliche Genehmigung der Eltern oder des Vormunds vor.\t\t\t\t\t\t\t\t<\/div>\n\t\t\t\t<div class=\"elementor-element elementor-element-78e4003 elementor-widget elementor-widget-heading\" data-id=\"78e4003\" data-element_type=\"widget\" data-e-type=\"widget\" data-widget_type=\"heading.default\">\n\t\t\t\t\t<h2 class=\"elementor-heading-title elementor-size-default\">R\u00fcckgabe oder Umtausch von Waren\n\n\n\n<\/h2>\t\t\t\t<\/div>\n\t\t\t\t<div class=\"elementor-element elementor-element-f798ea0 elementor-widget elementor-widget-text-editor\" data-id=\"f798ea0\" data-element_type=\"widget\" data-e-type=\"widget\" data-widget_type=\"text-editor.default\">\n\t\t\t\t\t\t\t\t\tLieferung und Transport\nR\u00fcckgabe oder Umtausch von Waren\nArtikel m\u00fcssen unbesch\u00e4digt und vollst\u00e4ndig in der Originalverpackung (mit Referenzetiketten) innerhalb von 7 Tagen nach Erhalt Ihres Pakets zur\u00fcckgesendet werden. Die Kosten f\u00fcr die R\u00fccksendung m\u00fcssen Sie selbst tragen. Im Falle einer Umtauschbestellung sind die Versandkosten f\u00fcr Ihre neue Bestellung kostenlos.\t\t\t\t\t\t\t\t<\/div>\n\t\t\t\t<div class=\"elementor-element elementor-element-dd81346 elementor-widget elementor-widget-heading\" data-id=\"dd81346\" data-element_type=\"widget\" data-e-type=\"widget\" data-widget_type=\"heading.default\">\n\t\t\t\t\t<h2 class=\"elementor-heading-title elementor-size-default\">Gesetzliche Garantie\n\n\n\n<\/h2>\t\t\t\t<\/div>\n\t\t\t\t<div class=\"elementor-element elementor-element-1d0c202 elementor-widget elementor-widget-text-editor\" data-id=\"1d0c202\" data-element_type=\"widget\" data-e-type=\"widget\" data-widget_type=\"text-editor.default\">\n\t\t\t\t\t\t\t\t\tGesetzliche Gew\u00e4hrleistung\n\u00dcberpr\u00fcfen Sie die gelieferte Ware unverz\u00fcglich auf offensichtliche Material- und Herstellungsfehler sowie Transportsch\u00e4den. Gem\u00e4\u00df den gesetzlichen Bestimmungen sind Sie verpflichtet, uns M\u00e4ngel oder Fehler an den gelieferten Waren mitzuteilen, damit wir diese beheben k\u00f6nnen.\t\t\t\t\t\t\t\t<\/div>\n\t\t\t\t<div class=\"elementor-element elementor-element-a3637de elementor-widget elementor-widget-heading\" data-id=\"a3637de\" data-element_type=\"widget\" data-e-type=\"widget\" data-widget_type=\"heading.default\">\n\t\t\t\t\t<h2 class=\"elementor-heading-title elementor-size-default\">Datenschutz\n\n\n\n<\/h2>\t\t\t\t<\/div>\n\t\t\t\t<div class=\"elementor-element elementor-element-7f96bcd elementor-widget elementor-widget-text-editor\" data-id=\"7f96bcd\" data-element_type=\"widget\" data-e-type=\"widget\" data-widget_type=\"text-editor.default\">\n\t\t\t\t\t\t\t\t\tAlle pers\u00f6nlichen Daten werden vertraulich behandelt. Die f\u00fcr die Bearbeitung Ihrer Bestellung erforderlichen Informationen werden elektronisch verarbeitet und nicht an Dritte weitergegeben.\t\t\t\t\t\t\t\t<\/div>\n\t\t\t\t<div class=\"elementor-element elementor-element-2a8a12f elementor-widget elementor-widget-heading\" data-id=\"2a8a12f\" data-element_type=\"widget\" data-e-type=\"widget\" data-widget_type=\"heading.default\">\n\t\t\t\t\t<h2 class=\"elementor-heading-title elementor-size-default\">Anwendbares Recht und Gerichtsstand\n\n\n\n<\/h2>\t\t\t\t<\/div>\n\t\t\t\t<div class=\"elementor-element elementor-element-908dbd8 elementor-widget elementor-widget-text-editor\" data-id=\"908dbd8\" data-element_type=\"widget\" data-e-type=\"widget\" data-widget_type=\"text-editor.default\">\n\t\t\t\t\t\t\t\t\tEs gilt Schweizer Recht. Alle Streitigkeiten werden vom Bezirksgericht Nyon verhandelt.\nSportmax Sarl \u2013 Route du Boiron 77 \u2013 1260 Nyon CHE-110.199.286\t\t\t\t\t\t\t\t<\/div>\n\t\t\t\t<\/div>\n\t\t\t\t\t<\/div>\n\t\t\t\t<\/div>\n\t\t\t\t<\/div>\n\t\t","protected":false},"excerpt":{"rendered":"<p>Verkaufsbedingungen und Konditionen Preis Die Preise in diesem Katalog verstehen sich in Schweizer Franken, netto, inklusive Mehrwertsteuer und sind garantiert.F\u00fcr Artikel mit Garantie gelten die Bedingungen des zum Zeitpunkt des Kaufs g\u00fcltigen Angebots. Die Garantie tritt am Tag der Lieferung des Artikels in Kraft, wie aus dem Begleitdokument (Rechnung) hervorgeht, das wir Sie bitten, an [&hellip;]<\/p>\n","protected":false},"author":1,"featured_media":0,"parent":0,"menu_order":0,"comment_status":"closed","ping_status":"closed","template":"","meta":{"footnotes":""},"class_list":["post-50244","page","type-page","status-publish","hentry"],"_links":{"self":[{"href":"https:\/\/espacetriathlon.com\/de\/wp-json\/wp\/v2\/pages\/50244","targetHints":{"allow":["GET"]}}],"collection":[{"href":"https:\/\/espacetriathlon.com\/de\/wp-json\/wp\/v2\/pages"}],"about":[{"href":"https:\/\/espacetriathlon.com\/de\/wp-json\/wp\/v2\/types\/page"}],"author":[{"embeddable":true,"href":"https:\/\/espacetriathlon.com\/de\/wp-json\/wp\/v2\/users\/1"}],"replies":[{"embeddable":true,"href":"https:\/\/espacetriathlon.com\/de\/wp-json\/wp\/v2\/comments?post=50244"}],"version-history":[{"count":4,"href":"https:\/\/espacetriathlon.com\/de\/wp-json\/wp\/v2\/pages\/50244\/revisions"}],"predecessor-version":[{"id":51841,"href":"https:\/\/espacetriathlon.com\/de\/wp-json\/wp\/v2\/pages\/50244\/revisions\/51841"}],"wp:attachment":[{"href":"https:\/\/espacetriathlon.com\/de\/wp-json\/wp\/v2\/media?parent=50244"}],"curies":[{"name":"wp","href":"https:\/\/api.w.org\/{rel}","templated":true}]}}