{"id":50259,"date":"2025-07-04T16:31:55","date_gmt":"2025-07-04T16:31:55","guid":{"rendered":"https:\/\/espacetriathlon.com\/auswahl-eines-neoprenanzugs\/"},"modified":"2025-08-08T17:39:23","modified_gmt":"2025-08-08T17:39:23","slug":"auswahl-eines-neoprenanzugs","status":"publish","type":"page","link":"https:\/\/espacetriathlon.com\/de\/auswahl-eines-neoprenanzugs\/","title":{"rendered":"Auswahl eines Neoprenanzugs"},"content":{"rendered":"\t\t<div data-elementor-type=\"wp-page\" data-elementor-id=\"50259\" class=\"elementor elementor-50259 elementor-49218\" data-elementor-post-type=\"page\">\n\t\t\t\t<div class=\"elementor-element elementor-element-6f3841d1 e-flex e-con-boxed e-con e-parent\" data-id=\"6f3841d1\" data-element_type=\"container\" data-e-type=\"container\" data-settings=\"{&quot;background_background&quot;:&quot;classic&quot;}\">\n\t\t\t\t\t<div class=\"e-con-inner\">\n\t\t\t\t<div class=\"elementor-element elementor-element-7a899fd4 elementor-widget elementor-widget-heading\" data-id=\"7a899fd4\" data-element_type=\"widget\" data-e-type=\"widget\" data-widget_type=\"heading.default\">\n\t\t\t\t\t<h2 class=\"elementor-heading-title elementor-size-default\"> Auswahl eines Neoprenanzugs <\/h2>\t\t\t\t<\/div>\n\t\t\t\t\t<\/div>\n\t\t\t\t<\/div>\n\t\t<div class=\"elementor-element elementor-element-ca7882c e-flex e-con-boxed e-con e-parent\" data-id=\"ca7882c\" data-element_type=\"container\" data-e-type=\"container\">\n\t\t\t\t\t<div class=\"e-con-inner\">\n\t\t<div class=\"elementor-element elementor-element-29bfef64 e-con-full e-flex e-con e-child\" data-id=\"29bfef64\" data-element_type=\"container\" data-e-type=\"container\">\n\t\t\t\t<div class=\"elementor-element elementor-element-18ba13a9 elementor-widget elementor-widget-heading\" data-id=\"18ba13a9\" data-element_type=\"widget\" data-e-type=\"widget\" data-widget_type=\"heading.default\">\n\t\t\t\t\t<h2 class=\"elementor-heading-title elementor-size-default\">Ben\u00f6tigen Sie Hilfe bei der Auswahl des am besten geeigneten Neoprenanzugs?\n<\/h2>\t\t\t\t<\/div>\n\t\t\t\t<div class=\"elementor-element elementor-element-72599807 elementor-widget elementor-widget-text-editor\" data-id=\"72599807\" data-element_type=\"widget\" data-e-type=\"widget\" data-widget_type=\"text-editor.default\">\n\t\t\t\t\t\t\t\t\tEin Neoprenanzug kostet zwischen 200 und 800 Franken. Jedes Modell hat seine eigenen Eigenschaften und passt zu einem bestimmten Schwimmertyp. Die Kriterien f\u00fcr die Modellwahl sind vielf\u00e4ltig: Budget, Eigenschaften (Zieldistanz, Auftriebsniveau, Leistungsniveau), sportliche Ziele (Freizeitschwimmen, Freiwasserschwimmen, Kurz- oder Mittelstrecken-Triathlon) und sogar Wettkampfstrategien. Auch die genaue Gr\u00f6sse l\u00e4sst sich manchmal nur schwer bestimmen, wenn man den Neoprenanzug im Gesch\u00e4ft anprobiert.   \n<br><br>Wie geht es weiter?\n<br><br>\u2013 Besuchen Sie uns in unseren Filialen: Dort erhalten Sie alle Informationen f\u00fcr Ihre Wahl und haben die M\u00f6glichkeit, die Neoprenanz\u00fcge anzuprobieren.\n\n\u2013 Nehmen Sie an einem Test auf dem See teil: Wir organisieren verschiedene Tests, bei denen Sie einen Neoprenanzug im Wasser ausprobieren und Ihre Meinung \u00e4u\u00dfern k\u00f6nnen.\n<br><br>\u2013 Antworten auf einige Fragen: Wir haben ein spezielles Bewertungstool entwickelt, das Ihnen bei der Auswahl des Neoprenanzugs hilft, der am besten zu Ihren Eigenschaften und Zielen passt. Fordern Sie den Fragebogen bei uns an, wir senden ihn Ihnen zu \n\t\t\t\t\t\t\t\t<\/div>\n\t\t\t\t<\/div>\n\t\t<div class=\"elementor-element elementor-element-3bf95cc6 e-con-full e-flex e-con e-child\" data-id=\"3bf95cc6\" data-element_type=\"container\" data-e-type=\"container\">\n\t\t\t\t<div class=\"elementor-element elementor-element-3ca4695f elementor-widget elementor-widget-image\" data-id=\"3ca4695f\" data-element_type=\"widget\" data-e-type=\"widget\" data-widget_type=\"image.default\">\n\t\t\t\t\t\t\t\t\t\t\t\t\t\t\t<img fetchpriority=\"high\" decoding=\"async\" width=\"620\" height=\"620\" src=\"https:\/\/espacetriathlon.com\/wp-content\/uploads\/2020\/10\/KA62TT01-FRONT.jpg\" class=\"attachment-large size-large wp-image-1043\" alt=\"\" srcset=\"https:\/\/espacetriathlon.com\/wp-content\/uploads\/2020\/10\/KA62TT01-FRONT.jpg 620w, https:\/\/espacetriathlon.com\/wp-content\/uploads\/2020\/10\/KA62TT01-FRONT-430x430.jpg 430w, https:\/\/espacetriathlon.com\/wp-content\/uploads\/2020\/10\/KA62TT01-FRONT-150x150.jpg 150w, https:\/\/espacetriathlon.com\/wp-content\/uploads\/2020\/10\/KA62TT01-FRONT-300x300.jpg 300w, https:\/\/espacetriathlon.com\/wp-content\/uploads\/2020\/10\/KA62TT01-FRONT-600x600.jpg 600w, https:\/\/espacetriathlon.com\/wp-content\/uploads\/2020\/10\/KA62TT01-FRONT-100x100.jpg 100w\" sizes=\"(max-width: 620px) 100vw, 620px\" \/>\t\t\t\t\t\t\t\t\t\t\t\t\t\t\t<\/div>\n\t\t\t\t<\/div>\n\t\t\t\t\t<\/div>\n\t\t\t\t<\/div>\n\t\t\t\t<\/div>\n\t\t","protected":false},"excerpt":{"rendered":"<p>Auswahl eines Neoprenanzugs Ben\u00f6tigen Sie Hilfe bei der Auswahl des am besten geeigneten Neoprenanzugs? Ein Neoprenanzug kostet zwischen 200 und 800 Franken. Jedes Modell hat seine eigenen Eigenschaften und passt zu einem bestimmten Schwimmertyp. Die Kriterien f\u00fcr die Modellwahl sind vielf\u00e4ltig: Budget, Eigenschaften (Zieldistanz, Auftriebsniveau, Leistungsniveau), sportliche Ziele (Freizeitschwimmen, Freiwasserschwimmen, Kurz- oder Mittelstrecken-Triathlon) und sogar [&hellip;]<\/p>\n","protected":false},"author":1,"featured_media":0,"parent":0,"menu_order":0,"comment_status":"closed","ping_status":"closed","template":"","meta":{"footnotes":""},"class_list":["post-50259","page","type-page","status-publish","hentry"],"_links":{"self":[{"href":"https:\/\/espacetriathlon.com\/de\/wp-json\/wp\/v2\/pages\/50259","targetHints":{"allow":["GET"]}}],"collection":[{"href":"https:\/\/espacetriathlon.com\/de\/wp-json\/wp\/v2\/pages"}],"about":[{"href":"https:\/\/espacetriathlon.com\/de\/wp-json\/wp\/v2\/types\/page"}],"author":[{"embeddable":true,"href":"https:\/\/espacetriathlon.com\/de\/wp-json\/wp\/v2\/users\/1"}],"replies":[{"embeddable":true,"href":"https:\/\/espacetriathlon.com\/de\/wp-json\/wp\/v2\/comments?post=50259"}],"version-history":[{"count":4,"href":"https:\/\/espacetriathlon.com\/de\/wp-json\/wp\/v2\/pages\/50259\/revisions"}],"predecessor-version":[{"id":51838,"href":"https:\/\/espacetriathlon.com\/de\/wp-json\/wp\/v2\/pages\/50259\/revisions\/51838"}],"wp:attachment":[{"href":"https:\/\/espacetriathlon.com\/de\/wp-json\/wp\/v2\/media?parent=50259"}],"curies":[{"name":"wp","href":"https:\/\/api.w.org\/{rel}","templated":true}]}}