{"id":11924,"date":"2022-03-02T16:02:53","date_gmt":"2022-03-02T16:02:53","guid":{"rendered":"https:\/\/espacetriathlon.com\/product\/killa-hydro-mirror\/"},"modified":"2024-07-12T12:31:14","modified_gmt":"2024-07-12T12:31:14","slug":"killa-hydro-mirror","status":"publish","type":"product","link":"https:\/\/espacetriathlon.com\/de\/product\/killa-hydro-mirror\/","title":{"rendered":"Killa Hydro Mirror"},"content":{"rendered":"<p>OPTIMALER SITZ Die ergonomische, dreidimensionale Dichtung passt sich gut an das Gesicht an, vermindert den Druck um die Augen und erh\u00f6ht die Wasserundurchl\u00e4ssigkeit. SCHNELLVERSCHLUSS Das Verschlusssystem mit Schnalle erm\u00f6glicht eine schnelle und einfache Anpassung des Silikonbands. ANTI-BESCHLAG Die exklusive Antibeschlagbeschichtung ANTI-FOG verhindert langanhaltend den Beschlag der Gl\u00e4ser und erm\u00f6glicht somit jederzeit eine klare Sicht.<\/p>\n","protected":false},"excerpt":{"rendered":"<p>Die Hochleistungs-Schwimmbrille Killa 180\u00ba ist vielseitig und ergonomisch. Sie bietet Komfort, gleichzeitig unterst\u00fctzt sie deine Leistung, indem sie Hydrodynamik und das Gleiten im Wasser verbessert. Die \u00fcberragend klare Sicht machen sie zu einem idealen Begleiter f\u00fcr Training und Wettkampf. Aufgrund der verschiedenen Gl\u00e4ser ist sie sehr vielseitig und f\u00fcr alle klimatischen Verh\u00e4ltnisse geeignet. Der perfekte Sitz gibt Ihnen das Vertrauen, das Du brauchst.<\/p>\n","protected":false},"featured_media":49619,"template":"","meta":[],"product_brand":[],"product_cat":[283],"product_tag":[],"class_list":{"0":"post-11924","1":"product","2":"type-product","3":"status-publish","4":"has-post-thumbnail","6":"product_cat-goggles-de","7":"pa_brand-orca-de","9":"first","10":"instock","11":"shipping-taxable","12":"purchasable","13":"product-type-simple"},"_links":{"self":[{"href":"https:\/\/espacetriathlon.com\/de\/wp-json\/wp\/v2\/product\/11924","targetHints":{"allow":["GET"]}}],"collection":[{"href":"https:\/\/espacetriathlon.com\/de\/wp-json\/wp\/v2\/product"}],"about":[{"href":"https:\/\/espacetriathlon.com\/de\/wp-json\/wp\/v2\/types\/product"}],"version-history":[{"count":2,"href":"https:\/\/espacetriathlon.com\/de\/wp-json\/wp\/v2\/product\/11924\/revisions"}],"predecessor-version":[{"id":36433,"href":"https:\/\/espacetriathlon.com\/de\/wp-json\/wp\/v2\/product\/11924\/revisions\/36433"}],"wp:featuredmedia":[{"embeddable":true,"href":"https:\/\/espacetriathlon.com\/de\/wp-json\/wp\/v2\/media\/49619"}],"wp:attachment":[{"href":"https:\/\/espacetriathlon.com\/de\/wp-json\/wp\/v2\/media?parent=11924"}],"wp:term":[{"taxonomy":"product_brand","embeddable":true,"href":"https:\/\/espacetriathlon.com\/de\/wp-json\/wp\/v2\/product_brand?post=11924"},{"taxonomy":"product_cat","embeddable":true,"href":"https:\/\/espacetriathlon.com\/de\/wp-json\/wp\/v2\/product_cat?post=11924"},{"taxonomy":"product_tag","embeddable":true,"href":"https:\/\/espacetriathlon.com\/de\/wp-json\/wp\/v2\/product_tag?post=11924"}],"curies":[{"name":"wp","href":"https:\/\/api.w.org\/{rel}","templated":true}]}}