{"id":1270,"date":"2020-10-29T17:28:51","date_gmt":"2020-10-29T17:28:51","guid":{"rendered":"https:\/\/espacetriathlon.com\/product\/urban-waterproof-backpack\/"},"modified":"2024-07-15T11:01:35","modified_gmt":"2024-07-15T11:01:35","slug":"urban-waterproof-backpack","status":"publish","type":"product","link":"https:\/\/espacetriathlon.com\/de\/product\/urban-waterproof-backpack\/","title":{"rendered":"Waterproof Backpack"},"content":{"rendered":"<p>Der neue Rucksack Waterproof Backpack ist ideal f\u00fcr den t\u00e4glichen Gebrauch. Mit seinem urbanen und modernen Design bietet er Platz f\u00fcr Ihren Laptop, Ihr B\u00fcromaterial und Ihre Trainingskleidung. Somit haben Sie stets alles Wichtige griffbereit.<\/p>\n","protected":false},"excerpt":{"rendered":"<p>Orca<\/p>\n<p>Der neue Rucksack Waterproof Backpack ist ideal f\u00fcr den t\u00e4glichen Gebrauch. Mit seinem urbanen und modernen Design bietet er Platz f\u00fcr Ihren Laptop, Ihr B\u00fcromaterial und Ihre Trainingskleidung. Somit haben Sie stets alles Wichtige griffbereit.<\/p>\n","protected":false},"featured_media":49234,"template":"","meta":[],"product_brand":[],"product_cat":[326],"product_tag":[],"class_list":{"0":"post-1270","1":"product","2":"type-product","3":"status-publish","4":"has-post-thumbnail","6":"product_cat-bags-de","7":"pa_brand-orca-de","9":"first","10":"instock","11":"sale","12":"shipping-taxable","13":"purchasable","14":"product-type-simple"},"_links":{"self":[{"href":"https:\/\/espacetriathlon.com\/de\/wp-json\/wp\/v2\/product\/1270","targetHints":{"allow":["GET"]}}],"collection":[{"href":"https:\/\/espacetriathlon.com\/de\/wp-json\/wp\/v2\/product"}],"about":[{"href":"https:\/\/espacetriathlon.com\/de\/wp-json\/wp\/v2\/types\/product"}],"version-history":[{"count":3,"href":"https:\/\/espacetriathlon.com\/de\/wp-json\/wp\/v2\/product\/1270\/revisions"}],"predecessor-version":[{"id":36932,"href":"https:\/\/espacetriathlon.com\/de\/wp-json\/wp\/v2\/product\/1270\/revisions\/36932"}],"wp:featuredmedia":[{"embeddable":true,"href":"https:\/\/espacetriathlon.com\/de\/wp-json\/wp\/v2\/media\/49234"}],"wp:attachment":[{"href":"https:\/\/espacetriathlon.com\/de\/wp-json\/wp\/v2\/media?parent=1270"}],"wp:term":[{"taxonomy":"product_brand","embeddable":true,"href":"https:\/\/espacetriathlon.com\/de\/wp-json\/wp\/v2\/product_brand?post=1270"},{"taxonomy":"product_cat","embeddable":true,"href":"https:\/\/espacetriathlon.com\/de\/wp-json\/wp\/v2\/product_cat?post=1270"},{"taxonomy":"product_tag","embeddable":true,"href":"https:\/\/espacetriathlon.com\/de\/wp-json\/wp\/v2\/product_tag?post=1270"}],"curies":[{"name":"wp","href":"https:\/\/api.w.org\/{rel}","templated":true}]}}