{"id":1276,"date":"2020-10-29T17:28:50","date_gmt":"2020-10-29T17:28:50","guid":{"rendered":"https:\/\/espacetriathlon.com\/product\/swimrun-race-belt\/"},"modified":"2024-07-22T08:46:43","modified_gmt":"2024-07-22T08:46:43","slug":"swimrun-race-belt","status":"publish","type":"product","link":"https:\/\/espacetriathlon.com\/de\/product\/swimrun-race-belt\/","title":{"rendered":"SwimRun Race Belt"},"content":{"rendered":"<p>Der Swimrun Belt von Orca hilft Ihnen und Ihrem Partner w\u00e4hrend des Wettkampfes zusammenzubleiben. Die Ringe sorgen f\u00fcr die optimale Fixierung. Au\u00dferdem k\u00f6nnen Sie Ihr wichtiges SwimRun-Zubeh\u00f6r mitnehmen und sich so ganz auf den Wettkampf konzentrieren.<\/p>\n","protected":false},"excerpt":{"rendered":"<p>Orca<\/p>\n<p>Der Swimrun Belt von Orca hilft Ihnen und Ihrem Partner w\u00e4hrend des Wettkampfes zusammenzubleiben. Die Ringe sorgen f\u00fcr die optimale Fixierung. Au\u00dferdem k\u00f6nnen Sie Ihr wichtiges SwimRun-Zubeh\u00f6r mitnehmen und sich so ganz auf den Wettkampf konzentrieren.<\/p>\n","protected":false},"featured_media":1043,"template":"","meta":[],"product_brand":[],"product_cat":[274],"product_tag":[],"class_list":{"0":"post-1276","1":"product","2":"type-product","3":"status-publish","4":"has-post-thumbnail","6":"product_cat-swimrun-de","7":"pa_brand-orca-de","9":"first","10":"instock","11":"shipping-taxable","12":"purchasable","13":"product-type-simple"},"_links":{"self":[{"href":"https:\/\/espacetriathlon.com\/de\/wp-json\/wp\/v2\/product\/1276","targetHints":{"allow":["GET"]}}],"collection":[{"href":"https:\/\/espacetriathlon.com\/de\/wp-json\/wp\/v2\/product"}],"about":[{"href":"https:\/\/espacetriathlon.com\/de\/wp-json\/wp\/v2\/types\/product"}],"version-history":[{"count":3,"href":"https:\/\/espacetriathlon.com\/de\/wp-json\/wp\/v2\/product\/1276\/revisions"}],"predecessor-version":[{"id":38205,"href":"https:\/\/espacetriathlon.com\/de\/wp-json\/wp\/v2\/product\/1276\/revisions\/38205"}],"wp:featuredmedia":[{"embeddable":true,"href":"https:\/\/espacetriathlon.com\/de\/wp-json\/wp\/v2\/media\/1043"}],"wp:attachment":[{"href":"https:\/\/espacetriathlon.com\/de\/wp-json\/wp\/v2\/media?parent=1276"}],"wp:term":[{"taxonomy":"product_brand","embeddable":true,"href":"https:\/\/espacetriathlon.com\/de\/wp-json\/wp\/v2\/product_brand?post=1276"},{"taxonomy":"product_cat","embeddable":true,"href":"https:\/\/espacetriathlon.com\/de\/wp-json\/wp\/v2\/product_cat?post=1276"},{"taxonomy":"product_tag","embeddable":true,"href":"https:\/\/espacetriathlon.com\/de\/wp-json\/wp\/v2\/product_tag?post=1276"}],"curies":[{"name":"wp","href":"https:\/\/api.w.org\/{rel}","templated":true}]}}