{"id":1282,"date":"2020-10-29T17:28:19","date_gmt":"2020-10-29T17:28:19","guid":{"rendered":"https:\/\/espacetriathlon.com\/product\/race-belt-with-pocket\/"},"modified":"2026-03-17T11:16:42","modified_gmt":"2026-03-17T11:16:42","slug":"race-belt-with-pocket","status":"publish","type":"product","link":"https:\/\/espacetriathlon.com\/de\/product\/race-belt-with-pocket\/","title":{"rendered":"RACE BELT with Pocket"},"content":{"rendered":"<p>Unser elastischer Wettkampfgurt hat Schn\u00fcre f\u00fcr jede Art von Tragekomfort. Er verf\u00fcgt au\u00dferdem \u00fcber eine horizontale, elastische Rei\u00dfverschlusstasche, sodass Sie Ihre Nahrung und Wertsachen tragen k\u00f6nnen, ohne sie zu verlieren. F\u00fcr mehr Komfort sorgt der verstellbare Verschluss, mit dem die Spannung des Gurtes eingestellt werden kann. Das unverzichtbare Zubeh\u00f6r f\u00fcr jeden Triathleten.<\/p>\n","protected":false},"excerpt":{"rendered":"<p>Orca<\/p>\n<p>Unser elastischer Wettkampfgurt hat Schn\u00fcre f\u00fcr jede Art von Tragekomfort. Er verf\u00fcgt au\u00dferdem \u00fcber eine horizontale, elastische Rei\u00dfverschlusstasche, sodass Sie Ihre Nahrung und Wertsachen tragen k\u00f6nnen, ohne sie zu verlieren. F\u00fcr mehr Komfort sorgt der verstellbare Verschluss, mit dem die Spannung des Gurtes eingestellt werden kann. Das unverzichtbare Zubeh\u00f6r f\u00fcr jeden Triathleten.<\/p>\n","protected":false},"featured_media":1027,"template":"","meta":[],"product_brand":[],"product_cat":[1712,301],"product_tag":[],"class_list":{"0":"post-1282","1":"product","2":"type-product","3":"status-publish","4":"has-post-thumbnail","6":"product_cat-accessories-tri-de-2","7":"product_cat-run-accessories-triathlon-de","8":"product_shipping_class-petitarticle-de","9":"pa_brand-orca-de","11":"first","12":"instock","13":"featured","14":"shipping-taxable","15":"purchasable","16":"product-type-simple"},"_links":{"self":[{"href":"https:\/\/espacetriathlon.com\/de\/wp-json\/wp\/v2\/product\/1282","targetHints":{"allow":["GET"]}}],"collection":[{"href":"https:\/\/espacetriathlon.com\/de\/wp-json\/wp\/v2\/product"}],"about":[{"href":"https:\/\/espacetriathlon.com\/de\/wp-json\/wp\/v2\/types\/product"}],"version-history":[{"count":3,"href":"https:\/\/espacetriathlon.com\/de\/wp-json\/wp\/v2\/product\/1282\/revisions"}],"predecessor-version":[{"id":36858,"href":"https:\/\/espacetriathlon.com\/de\/wp-json\/wp\/v2\/product\/1282\/revisions\/36858"}],"wp:featuredmedia":[{"embeddable":true,"href":"https:\/\/espacetriathlon.com\/de\/wp-json\/wp\/v2\/media\/1027"}],"wp:attachment":[{"href":"https:\/\/espacetriathlon.com\/de\/wp-json\/wp\/v2\/media?parent=1282"}],"wp:term":[{"taxonomy":"product_brand","embeddable":true,"href":"https:\/\/espacetriathlon.com\/de\/wp-json\/wp\/v2\/product_brand?post=1282"},{"taxonomy":"product_cat","embeddable":true,"href":"https:\/\/espacetriathlon.com\/de\/wp-json\/wp\/v2\/product_cat?post=1282"},{"taxonomy":"product_tag","embeddable":true,"href":"https:\/\/espacetriathlon.com\/de\/wp-json\/wp\/v2\/product_tag?post=1282"}],"curies":[{"name":"wp","href":"https:\/\/api.w.org\/{rel}","templated":true}]}}