{"id":1285,"date":"2020-10-29T17:28:19","date_gmt":"2020-10-29T17:28:19","guid":{"rendered":"https:\/\/espacetriathlon.com\/?post_type=product&#038;p=1285"},"modified":"2025-10-27T19:45:24","modified_gmt":"2025-10-27T19:45:24","slug":"neoprene-headband","status":"publish","type":"product","link":"https:\/\/espacetriathlon.com\/de\/product\/neoprene-headband\/","title":{"rendered":"Neopren-HEADBAND"},"content":{"rendered":"<p>Orca<\/p>\n<p>Unser Neopren-Haarband ist das perfekte Zubeh\u00f6r zum Schutz Ihrer Stirn und Ohren vor der Witterung und h\u00e4lt Sie l\u00e4nger warm. Es ist aus 2.5mm-Neopren mit abgerundetem Rand gefertigt, um die Ohren voll abzudecken. Der verstellbarer Klettstreifen an der R\u00fcckseite des Stirnbands sorgt f\u00fcr perfekten Sitz.<\/p>\n","protected":false},"excerpt":{"rendered":"<p>Orca Unser Neopren-Haarband ist das perfekte Zubeh\u00f6r zum Schutz Ihrer Stirn und Ohren vor der Witterung und h\u00e4lt Sie l\u00e4nger warm. Es ist aus 2.5mm-Neopren mit abgerundetem Rand gefertigt, um die Ohren voll abzudecken. Der verstellbarer Klettstreifen an der R\u00fcckseite des Stirnbands sorgt f\u00fcr perfekten Sitz.<\/p>\n","protected":false},"featured_media":1019,"template":"","meta":[],"product_brand":[],"product_cat":[271],"product_tag":[],"class_list":{"0":"post-1285","1":"product","2":"type-product","3":"status-publish","4":"has-post-thumbnail","6":"product_cat-openwater-de","7":"pa_brand-orca-de","9":"first","10":"instock","11":"shipping-taxable","12":"purchasable","13":"product-type-simple"},"_links":{"self":[{"href":"https:\/\/espacetriathlon.com\/de\/wp-json\/wp\/v2\/product\/1285","targetHints":{"allow":["GET"]}}],"collection":[{"href":"https:\/\/espacetriathlon.com\/de\/wp-json\/wp\/v2\/product"}],"about":[{"href":"https:\/\/espacetriathlon.com\/de\/wp-json\/wp\/v2\/types\/product"}],"version-history":[{"count":2,"href":"https:\/\/espacetriathlon.com\/de\/wp-json\/wp\/v2\/product\/1285\/revisions"}],"predecessor-version":[{"id":36900,"href":"https:\/\/espacetriathlon.com\/de\/wp-json\/wp\/v2\/product\/1285\/revisions\/36900"}],"wp:featuredmedia":[{"embeddable":true,"href":"https:\/\/espacetriathlon.com\/de\/wp-json\/wp\/v2\/media\/1019"}],"wp:attachment":[{"href":"https:\/\/espacetriathlon.com\/de\/wp-json\/wp\/v2\/media?parent=1285"}],"wp:term":[{"taxonomy":"product_brand","embeddable":true,"href":"https:\/\/espacetriathlon.com\/de\/wp-json\/wp\/v2\/product_brand?post=1285"},{"taxonomy":"product_cat","embeddable":true,"href":"https:\/\/espacetriathlon.com\/de\/wp-json\/wp\/v2\/product_cat?post=1285"},{"taxonomy":"product_tag","embeddable":true,"href":"https:\/\/espacetriathlon.com\/de\/wp-json\/wp\/v2\/product_tag?post=1285"}],"curies":[{"name":"wp","href":"https:\/\/api.w.org\/{rel}","templated":true}]}}