{"id":13012,"date":"2022-04-12T14:20:04","date_gmt":"2022-04-12T14:20:04","guid":{"rendered":"https:\/\/espacetriathlon.com\/?post_type=product&#038;p=13012"},"modified":"2025-04-26T12:28:24","modified_gmt":"2025-04-26T12:28:24","slug":"athlex-flow-menv2","status":"publish","type":"product","link":"https:\/\/espacetriathlon.com\/de\/product\/athlex-flow-menv2\/","title":{"rendered":"Athlex Flow V2 Men"},"content":{"rendered":"<p>39+: Die hohe Flexibilit\u00e4t des Yamamoto 39 Neoprens, kombiniert mit der erstklassigen Elastizit\u00e4t des Inifinty Skin 2 Innenfutters, gibt Freiwasserschwimmer*innen ein Gef\u00fchl von maximaler Freiheit. Dank dieser Kombination ist f\u00fcr schnelle Bewegungen 35% weniger Kraft erforderlich als bei herk\u00f6mmlichem Neopren. Bei langsameren Bewegungen und weiteren Z\u00fcgen ist 45% weniger Kraftaufwand n\u00f6tig als bei anderen Neoprenanz\u00fcgen. Dar\u00fcberhinaus tr\u00e4gt die SCS-Oberfl\u00e4chenbehandlung dazu bei, den Widerstand und die Wasserreibung zu verringern, was die Hydrodynamik verbessert und richtig schnell macht.<\/p>\n<p>39 FS: Die Kombination aus Yamamoto 39 Neopren, Infinity Skin 2 Futter und Smoothskin-Oberfl\u00e4che sorgt f\u00fcr Elastizit\u00e4t, maximale Flexibilit\u00e4t und somit f\u00fcr ein vollkommenes Gef\u00fchl der Freiheit. Freiwasserschwimmer*in brauchen so 35% weniger Kraft bei schnellen Bewegungen und kurzen Z\u00fcgen, w\u00e4hrend langsamere und weitere Bewegungen 45% weniger Kraft erfordern, als mit jedem anderen, herk\u00f6mmlichen Neoprenanzug.<\/p>\n<p>Aerodome: Diese neue Technologie, die am unteren Rumpf angewendet wird, bietet dem Schwimmer 30% mehr Auftrieb. Das Geheimnis liegt in der besonderen Struktur: Zwischen zwei zuvor behandelten Neoprenschichten befinden sich hunderte von Lufthohlr\u00e4umen. Im Gegensatz zu Exo-Lift besteht die Innenschicht dieses Materials aus einem hochwertigen Futter, das dem Neopren noch mehr Elastizit\u00e4t verleiht. Orca verwendet dieses Material in bestimmten Bereichen, abgestimmt auf die Bed\u00fcrfnisse des Schwimmers, um eine korrekte Schwimmbewegung zu f\u00f6rdern.<\/p>\n","protected":false},"excerpt":{"rendered":"<p>Der Athlex-Flow-Neoprenanzug bietet die perfekte Balance aus Elastizit\u00e4t und Auftrieb. Im Oberk\u00f6rperbereich besteht er aus hochelastischen Materialien, w\u00e4hrend an den Beinen Technologien f\u00fcr mehr Auftrieb zum Tragen kommen. Diese Eigenschaften verhelfen dem*der Schwimmer*in zu einer korrekten K\u00f6rperhaltung und somit einer optimalen Wasserlage.<\/p>\n<p><em>Sportmax-Garantie: Beratung und kostenlose Kleinreparaturen f\u00fcr ein Jahr nach dem Kauf <\/em><\/p>\n<p><strong>Modele 2025<\/strong><\/p>\n<p><a href=\"https:\/\/espacetriathlon.com\/de\/wahl-eines-neoprenanzugs\/\">Brauchen Sie Hilfe bei der Auswahl Ihres Neoprenanzugs?<\/a><\/p>\n","protected":false},"featured_media":49644,"template":"","meta":[],"product_brand":[],"product_cat":[1720],"product_tag":[],"class_list":{"0":"post-13012","1":"product","2":"type-product","3":"status-publish","4":"has-post-thumbnail","6":"product_cat-wetsuit-neopren-de-2","7":"pa_brand-orca-de","8":"pa_taille-orca-h-t5-162-172-cm-61-66-kg-de","9":"pa_taille-orca-h-t6-167-175-cm-67-75-kg-de","10":"pa_taille-orca-h-tmt-177-190-cm-68-76-kg","11":"pa_taille-orca-h-t7-173-185-cm-75-82-kg-de","12":"pa_taille-orca-h-t8-180-188-cm-82-89-kg-de","13":"pa_taille-orca-h-t9-185-193-cm-89-97-kg-de","14":"pa_taille-orca-h-t10-190-196-cm-98-109-kg-de","16":"first","17":"instock","18":"shipping-taxable","19":"purchasable","20":"product-type-variable"},"_links":{"self":[{"href":"https:\/\/espacetriathlon.com\/de\/wp-json\/wp\/v2\/product\/13012","targetHints":{"allow":["GET"]}}],"collection":[{"href":"https:\/\/espacetriathlon.com\/de\/wp-json\/wp\/v2\/product"}],"about":[{"href":"https:\/\/espacetriathlon.com\/de\/wp-json\/wp\/v2\/types\/product"}],"version-history":[{"count":5,"href":"https:\/\/espacetriathlon.com\/de\/wp-json\/wp\/v2\/product\/13012\/revisions"}],"predecessor-version":[{"id":47606,"href":"https:\/\/espacetriathlon.com\/de\/wp-json\/wp\/v2\/product\/13012\/revisions\/47606"}],"wp:featuredmedia":[{"embeddable":true,"href":"https:\/\/espacetriathlon.com\/de\/wp-json\/wp\/v2\/media\/49644"}],"wp:attachment":[{"href":"https:\/\/espacetriathlon.com\/de\/wp-json\/wp\/v2\/media?parent=13012"}],"wp:term":[{"taxonomy":"product_brand","embeddable":true,"href":"https:\/\/espacetriathlon.com\/de\/wp-json\/wp\/v2\/product_brand?post=13012"},{"taxonomy":"product_cat","embeddable":true,"href":"https:\/\/espacetriathlon.com\/de\/wp-json\/wp\/v2\/product_cat?post=13012"},{"taxonomy":"product_tag","embeddable":true,"href":"https:\/\/espacetriathlon.com\/de\/wp-json\/wp\/v2\/product_tag?post=13012"}],"curies":[{"name":"wp","href":"https:\/\/api.w.org\/{rel}","templated":true}]}}