{"id":1304,"date":"2020-10-29T17:28:18","date_gmt":"2020-10-29T17:28:18","guid":{"rendered":"https:\/\/espacetriathlon.com\/product\/mesh-bagpack\/"},"modified":"2026-01-05T10:36:28","modified_gmt":"2026-01-05T10:36:28","slug":"mesh-backpack","status":"publish","type":"product","link":"https:\/\/espacetriathlon.com\/de\/product\/mesh-backpack\/","title":{"rendered":"MESH Backpack"},"content":{"rendered":"<p>Diese Netztasche ist besonders praktisch f\u00fcr alle Schwimmutensilien. Die wasserfeste Rei\u00dfverschlusstasche auf der R\u00fcckseite sch\u00fctzt au\u00dferdem die Wertsachen. Dieser Mehrzweckbeutel mit Kordelzug oben und wasserfestem Boden und R\u00fcckseite sch\u00fctzt deinen R\u00fccken gegen die Feuchtigkeit, w\u00e4hrend das Wasser durch die drei \u00d6sen\u00f6ffnungen unten auf dem Boden ablaufen kann. Ma\u00dfe: 42\u00a0x\u00a056\u00a0cm.<\/p>\n","protected":false},"excerpt":{"rendered":"<p>Orca<\/p>\n<p>Diese Netztasche ist besonders praktisch f\u00fcr alle Schwimmutensilien. Die wasserfeste Rei\u00dfverschlusstasche auf der R\u00fcckseite sch\u00fctzt au\u00dferdem die Wertsachen. Dieser Mehrzweckbeutel mit Kordelzug oben und wasserfestem Boden und R\u00fcckseite sch\u00fctzt deinen R\u00fccken gegen die Feuchtigkeit, w\u00e4hrend das Wasser durch die drei \u00d6sen\u00f6ffnungen unten auf dem Boden ablaufen kann. Ma\u00dfe: 42\u00a0x\u00a056\u00a0cm.<\/p>\n","protected":false},"featured_media":1015,"template":"","meta":[],"product_brand":[],"product_cat":[280,326],"product_tag":[],"class_list":{"0":"post-1304","1":"product","2":"type-product","3":"status-publish","4":"has-post-thumbnail","6":"product_cat-accessories-swims-de","7":"product_cat-bags-de","8":"pa_brand-orca-de","10":"first","11":"instock","12":"shipping-taxable","13":"purchasable","14":"product-type-simple"},"_links":{"self":[{"href":"https:\/\/espacetriathlon.com\/de\/wp-json\/wp\/v2\/product\/1304","targetHints":{"allow":["GET"]}}],"collection":[{"href":"https:\/\/espacetriathlon.com\/de\/wp-json\/wp\/v2\/product"}],"about":[{"href":"https:\/\/espacetriathlon.com\/de\/wp-json\/wp\/v2\/types\/product"}],"version-history":[{"count":3,"href":"https:\/\/espacetriathlon.com\/de\/wp-json\/wp\/v2\/product\/1304\/revisions"}],"predecessor-version":[{"id":60028,"href":"https:\/\/espacetriathlon.com\/de\/wp-json\/wp\/v2\/product\/1304\/revisions\/60028"}],"wp:featuredmedia":[{"embeddable":true,"href":"https:\/\/espacetriathlon.com\/de\/wp-json\/wp\/v2\/media\/1015"}],"wp:attachment":[{"href":"https:\/\/espacetriathlon.com\/de\/wp-json\/wp\/v2\/media?parent=1304"}],"wp:term":[{"taxonomy":"product_brand","embeddable":true,"href":"https:\/\/espacetriathlon.com\/de\/wp-json\/wp\/v2\/product_brand?post=1304"},{"taxonomy":"product_cat","embeddable":true,"href":"https:\/\/espacetriathlon.com\/de\/wp-json\/wp\/v2\/product_cat?post=1304"},{"taxonomy":"product_tag","embeddable":true,"href":"https:\/\/espacetriathlon.com\/de\/wp-json\/wp\/v2\/product_tag?post=1304"}],"curies":[{"name":"wp","href":"https:\/\/api.w.org\/{rel}","templated":true}]}}