{"id":13097,"date":"2022-04-15T13:31:52","date_gmt":"2022-04-15T13:31:52","guid":{"rendered":"https:\/\/espacetriathlon.com\/product\/athlex-flex-men-equip\/"},"modified":"2025-06-15T15:43:57","modified_gmt":"2025-06-15T15:43:57","slug":"athlex-flex-men-v2","status":"publish","type":"product","link":"https:\/\/espacetriathlon.com\/de\/product\/athlex-flex-men-v2\/","title":{"rendered":"Athlex Flex Men V2"},"content":{"rendered":"<p>39+: Die hohe Flexibilit\u00e4t des Yamamoto 39 Neoprens, kombiniert mit der erstklassigen Elastizit\u00e4t des Inifinty Skin 2 Innenfutters, gibt Freiwasserschwimmer*innen ein Gef\u00fchl von maximaler Freiheit. Dank dieser Kombination ist f\u00fcr schnelle Bewegungen 35% weniger Kraft erforderlich als bei herk\u00f6mmlichem Neopren. Bei langsameren Bewegungen und weiteren Z\u00fcgen ist 45% weniger Kraftaufwand n\u00f6tig als bei anderen Neoprenanz\u00fcgen. Dar\u00fcberhinaus tr\u00e4gt die SCS-Oberfl\u00e4chenbehandlung dazu bei, den Widerstand und die Wasserreibung zu verringern, was die Hydrodynamik verbessert und richtig schnell macht.<\/p>\n<p>39 FS: Die Kombination aus Yamamoto 39 Neopren, Infinity Skin 2 Futter und Smoothskin-Oberfl\u00e4che sorgt f\u00fcr Elastizit\u00e4t, maximale Flexibilit\u00e4t und somit f\u00fcr ein vollkommenes Gef\u00fchl der Freiheit. Freiwasserschwimmer*in brauchen so 35% weniger Kraft bei schnellen Bewegungen und kurzen Z\u00fcgen, w\u00e4hrend langsamere und weitere Bewegungen 45% weniger Kraft erfordern, als mit jedem anderen, herk\u00f6mmlichen Neoprenanzug.<\/p>\n<p>38+: Yamamoto 38 bietet eine bessere Kompression f\u00fcr eine hervorragende Passform des Neoprenanzugs und f\u00f6rdert den Komfort beim Schwimmen im offenen Wasser. Um die Hydrodynamik zu erh\u00f6hen, kommt ein SCS-Oberfl\u00e4chenfinish zur Anwendung, das die Reibung im Wasser verringert und somit die Geschwindigkeit erh\u00f6ht.<\/p>\n","protected":false},"excerpt":{"rendered":"<p>Der Athlex-Flex-Neoprenanzug kombiniert hohe Dehnbarkeit mit mittlerem Auftrieb f\u00fcr Schwimmer*innen, die in der Lage sind, ohne zus\u00e4tzliche Auftriebshilfe eine gute Wasserlage zu halten. Die geringe Materialst\u00e4rke am Oberk\u00f6rper und die mittlere St\u00e4rke an den Beinen ergeben zusammen einen Neoprenanzug, der maximale Freiheit bietet.<\/p>\n<p><em>Sportmax-Garantie: Beratung und kostenlose Kleinreparaturen f\u00fcr ein Jahr nach dem Kauf <\/em><\/p>\n<p>Modell 2025<\/p>\n","protected":false},"featured_media":48524,"template":"","meta":[],"product_brand":[],"product_cat":[1720],"product_tag":[],"class_list":{"0":"post-13097","1":"product","2":"type-product","3":"status-publish","4":"has-post-thumbnail","6":"product_cat-wetsuit-neopren-de-2","7":"pa_brand-orca-de","8":"pa_taille-orca-h-t5-162-172-cm-61-66-kg-de","9":"pa_taille-orca-h-t6-167-175-cm-67-75-kg-de","10":"pa_taille-orca-h-tmt-177-190-cm-68-76-kg","11":"pa_taille-orca-h-t7-173-185-cm-75-82-kg-de","12":"pa_taille-orca-h-t8-180-188-cm-82-89-kg-de","13":"pa_taille-orca-h-t9-185-193-cm-89-97-kg-de","14":"pa_taille-orca-h-t10-190-196-cm-98-109-kg-de","16":"first","17":"instock","18":"shipping-taxable","19":"purchasable","20":"product-type-variable"},"_links":{"self":[{"href":"https:\/\/espacetriathlon.com\/de\/wp-json\/wp\/v2\/product\/13097","targetHints":{"allow":["GET"]}}],"collection":[{"href":"https:\/\/espacetriathlon.com\/de\/wp-json\/wp\/v2\/product"}],"about":[{"href":"https:\/\/espacetriathlon.com\/de\/wp-json\/wp\/v2\/types\/product"}],"version-history":[{"count":5,"href":"https:\/\/espacetriathlon.com\/de\/wp-json\/wp\/v2\/product\/13097\/revisions"}],"predecessor-version":[{"id":48532,"href":"https:\/\/espacetriathlon.com\/de\/wp-json\/wp\/v2\/product\/13097\/revisions\/48532"}],"wp:featuredmedia":[{"embeddable":true,"href":"https:\/\/espacetriathlon.com\/de\/wp-json\/wp\/v2\/media\/48524"}],"wp:attachment":[{"href":"https:\/\/espacetriathlon.com\/de\/wp-json\/wp\/v2\/media?parent=13097"}],"wp:term":[{"taxonomy":"product_brand","embeddable":true,"href":"https:\/\/espacetriathlon.com\/de\/wp-json\/wp\/v2\/product_brand?post=13097"},{"taxonomy":"product_cat","embeddable":true,"href":"https:\/\/espacetriathlon.com\/de\/wp-json\/wp\/v2\/product_cat?post=13097"},{"taxonomy":"product_tag","embeddable":true,"href":"https:\/\/espacetriathlon.com\/de\/wp-json\/wp\/v2\/product_tag?post=13097"}],"curies":[{"name":"wp","href":"https:\/\/api.w.org\/{rel}","templated":true}]}}