{"id":1310,"date":"2020-10-29T17:28:17","date_gmt":"2020-10-29T17:28:17","guid":{"rendered":"https:\/\/espacetriathlon.com\/product\/foam-pull-buoy\/"},"modified":"2025-10-21T14:35:11","modified_gmt":"2025-10-21T14:35:11","slug":"foam-pull-buoy","status":"publish","type":"product","link":"https:\/\/espacetriathlon.com\/de\/product\/foam-pull-buoy\/","title":{"rendered":"FOAM Pull Buoy"},"content":{"rendered":"<p>Die Foam Pull Buoy immobilisiert die Beine und sorgt f\u00fcr Auftrieb, um die Kraft des Oberk\u00f6rpers aufzubauen und den Fokus auf die richtige H\u00fcftrotation zu erh\u00f6hen. Die Foam Pull Buoy richtet den K\u00f6rper von Kopf bis Fu\u00df aus und verbessert die Symmetrie. Sie besteht aus EVA-Schaumstoff, der die Haut nicht scheuert oder reizt.<\/p>\n","protected":false},"excerpt":{"rendered":"<p>Finisi<\/p>\n<p>Die Foam Pull Buoy immobilisiert die Beine und sorgt f\u00fcr Auftrieb, um die Kraft des Oberk\u00f6rpers aufzubauen und den Fokus auf die richtige H\u00fcftrotation zu erh\u00f6hen. Die Foam Pull Buoy richtet den K\u00f6rper von Kopf bis Fu\u00df aus und verbessert die Symmetrie. Sie besteht aus EVA-Schaumstoff, der die Haut nicht scheuert oder reizt.<\/p>\n","protected":false},"featured_media":999,"template":"","meta":[],"product_brand":[],"product_cat":[292],"product_tag":[],"class_list":{"0":"post-1310","1":"product","2":"type-product","3":"status-publish","4":"has-post-thumbnail","6":"product_cat-training-aid-de","7":"pa_age-junior-de","8":"pa_age-senior-de","9":"pa_brand-finis-de","11":"first","12":"instock","13":"shipping-taxable","14":"purchasable","15":"product-type-variable"},"_links":{"self":[{"href":"https:\/\/espacetriathlon.com\/de\/wp-json\/wp\/v2\/product\/1310","targetHints":{"allow":["GET"]}}],"collection":[{"href":"https:\/\/espacetriathlon.com\/de\/wp-json\/wp\/v2\/product"}],"about":[{"href":"https:\/\/espacetriathlon.com\/de\/wp-json\/wp\/v2\/types\/product"}],"version-history":[{"count":2,"href":"https:\/\/espacetriathlon.com\/de\/wp-json\/wp\/v2\/product\/1310\/revisions"}],"predecessor-version":[{"id":36789,"href":"https:\/\/espacetriathlon.com\/de\/wp-json\/wp\/v2\/product\/1310\/revisions\/36789"}],"wp:featuredmedia":[{"embeddable":true,"href":"https:\/\/espacetriathlon.com\/de\/wp-json\/wp\/v2\/media\/999"}],"wp:attachment":[{"href":"https:\/\/espacetriathlon.com\/de\/wp-json\/wp\/v2\/media?parent=1310"}],"wp:term":[{"taxonomy":"product_brand","embeddable":true,"href":"https:\/\/espacetriathlon.com\/de\/wp-json\/wp\/v2\/product_brand?post=1310"},{"taxonomy":"product_cat","embeddable":true,"href":"https:\/\/espacetriathlon.com\/de\/wp-json\/wp\/v2\/product_cat?post=1310"},{"taxonomy":"product_tag","embeddable":true,"href":"https:\/\/espacetriathlon.com\/de\/wp-json\/wp\/v2\/product_tag?post=1310"}],"curies":[{"name":"wp","href":"https:\/\/api.w.org\/{rel}","templated":true}]}}