{"id":1313,"date":"2020-10-29T17:27:45","date_gmt":"2020-10-29T17:27:45","guid":{"rendered":"https:\/\/espacetriathlon.com\/product\/fastskin-elite-goggle\/"},"modified":"2024-07-15T09:21:39","modified_gmt":"2024-07-15T09:21:39","slug":"fastskin-elite-goggle","status":"publish","type":"product","link":"https:\/\/espacetriathlon.com\/de\/product\/fastskin-elite-goggle\/","title":{"rendered":"FASTSKIN Hyper Elite Goggle"},"content":{"rendered":"","protected":false},"excerpt":{"rendered":"<p>Speedo<\/p>\n<p>Einzigartige, extraflache, hydroskopische Linse bietet eine verbesserte periphere Sicht mit 180-Grad-Passmarkierungen und IQ Fit-Technologie f\u00fcr pr\u00e4zisen Sitz und Anpassung Beinhaltet drei unterschiedlich gro\u00dfe Nasenstege S\/M\/L f\u00fcr einen sicheren und individuellen IQ Fit: Einzigartige 3D-Brillendichtung, die sich perfekt an die Augenkontur anpasst und keine Undichtigkeiten aufweist UV-Schutz, Antibeschlagbeschichtung<\/p>\n","protected":false},"featured_media":49229,"template":"","meta":[],"product_brand":[],"product_cat":[283],"product_tag":[],"class_list":{"0":"post-1313","1":"product","2":"type-product","3":"status-publish","4":"has-post-thumbnail","6":"product_cat-goggles-de","7":"pa_brand-speedo-de","9":"first","10":"instock","11":"sale","12":"shipping-taxable","13":"purchasable","14":"product-type-simple"},"_links":{"self":[{"href":"https:\/\/espacetriathlon.com\/de\/wp-json\/wp\/v2\/product\/1313","targetHints":{"allow":["GET"]}}],"collection":[{"href":"https:\/\/espacetriathlon.com\/de\/wp-json\/wp\/v2\/product"}],"about":[{"href":"https:\/\/espacetriathlon.com\/de\/wp-json\/wp\/v2\/types\/product"}],"version-history":[{"count":2,"href":"https:\/\/espacetriathlon.com\/de\/wp-json\/wp\/v2\/product\/1313\/revisions"}],"predecessor-version":[{"id":36738,"href":"https:\/\/espacetriathlon.com\/de\/wp-json\/wp\/v2\/product\/1313\/revisions\/36738"}],"wp:featuredmedia":[{"embeddable":true,"href":"https:\/\/espacetriathlon.com\/de\/wp-json\/wp\/v2\/media\/49229"}],"wp:attachment":[{"href":"https:\/\/espacetriathlon.com\/de\/wp-json\/wp\/v2\/media?parent=1313"}],"wp:term":[{"taxonomy":"product_brand","embeddable":true,"href":"https:\/\/espacetriathlon.com\/de\/wp-json\/wp\/v2\/product_brand?post=1313"},{"taxonomy":"product_cat","embeddable":true,"href":"https:\/\/espacetriathlon.com\/de\/wp-json\/wp\/v2\/product_cat?post=1313"},{"taxonomy":"product_tag","embeddable":true,"href":"https:\/\/espacetriathlon.com\/de\/wp-json\/wp\/v2\/product_tag?post=1313"}],"curies":[{"name":"wp","href":"https:\/\/api.w.org\/{rel}","templated":true}]}}