{"id":13157,"date":"2022-04-16T08:17:24","date_gmt":"2022-04-16T08:17:24","guid":{"rendered":"https:\/\/espacetriathlon.com\/product\/base-layer-women\/"},"modified":"2025-10-07T14:13:29","modified_gmt":"2025-10-07T14:13:29","slug":"base-layer-women","status":"publish","type":"product","link":"https:\/\/espacetriathlon.com\/de\/product\/base-layer-women\/","title":{"rendered":"Base Layer Women"},"content":{"rendered":"<p>Material: Hergestellt aus 1,3 mm starkem Neopren, mit einem Innenfutter aus Nylon f\u00fcr maximale Elastizit\u00e4t<\/p>\n","protected":false},"excerpt":{"rendered":"<p>Das Base Layer kann als \u00e4u\u00dfere Schicht oder als innere Schicht unter dem Neopren verwendet werden. In w\u00e4rmeren Gew\u00e4ssern kannst du dieses hochelastische Kleidungsst\u00fcck als \u00e4u\u00dfere Schicht tragen, die dich uneingeschr\u00e4nkt vor K\u00e4lte und Sonne sch\u00fctzt. Bei k\u00e4lteren Temperaturen ist es die ideale Erg\u00e4nzung zum Neoprenanzug. Erh\u00e4ltlich in einer speziell auf den weiblichen K\u00f6rper zugeschnittenen Variante, f\u00fcr mehr Leistung und Komfort.<\/p>\n","protected":false},"featured_media":49652,"template":"","meta":[],"product_brand":[],"product_cat":[271],"product_tag":[],"class_list":{"0":"post-13157","1":"product","2":"type-product","3":"status-publish","4":"has-post-thumbnail","6":"product_cat-openwater-de","7":"pa_brand-orca-de","8":"pa_size-xs-de","9":"pa_size-s-de","10":"pa_size-m-de","11":"pa_size-l-de","12":"pa_size-xl-de","14":"first","15":"instock","16":"shipping-taxable","17":"purchasable","18":"product-type-variable"},"_links":{"self":[{"href":"https:\/\/espacetriathlon.com\/de\/wp-json\/wp\/v2\/product\/13157","targetHints":{"allow":["GET"]}}],"collection":[{"href":"https:\/\/espacetriathlon.com\/de\/wp-json\/wp\/v2\/product"}],"about":[{"href":"https:\/\/espacetriathlon.com\/de\/wp-json\/wp\/v2\/types\/product"}],"version-history":[{"count":3,"href":"https:\/\/espacetriathlon.com\/de\/wp-json\/wp\/v2\/product\/13157\/revisions"}],"predecessor-version":[{"id":36101,"href":"https:\/\/espacetriathlon.com\/de\/wp-json\/wp\/v2\/product\/13157\/revisions\/36101"}],"wp:featuredmedia":[{"embeddable":true,"href":"https:\/\/espacetriathlon.com\/de\/wp-json\/wp\/v2\/media\/49652"}],"wp:attachment":[{"href":"https:\/\/espacetriathlon.com\/de\/wp-json\/wp\/v2\/media?parent=13157"}],"wp:term":[{"taxonomy":"product_brand","embeddable":true,"href":"https:\/\/espacetriathlon.com\/de\/wp-json\/wp\/v2\/product_brand?post=13157"},{"taxonomy":"product_cat","embeddable":true,"href":"https:\/\/espacetriathlon.com\/de\/wp-json\/wp\/v2\/product_cat?post=13157"},{"taxonomy":"product_tag","embeddable":true,"href":"https:\/\/espacetriathlon.com\/de\/wp-json\/wp\/v2\/product_tag?post=13157"}],"curies":[{"name":"wp","href":"https:\/\/api.w.org\/{rel}","templated":true}]}}