{"id":1316,"date":"2020-10-29T17:28:17","date_gmt":"2020-10-29T17:28:17","guid":{"rendered":"https:\/\/espacetriathlon.com\/product\/finger-paddle\/"},"modified":"2024-07-15T09:47:46","modified_gmt":"2024-07-15T09:47:46","slug":"finger-paddle","status":"publish","type":"product","link":"https:\/\/espacetriathlon.com\/de\/product\/finger-paddle\/","title":{"rendered":"Finger Paddle"},"content":{"rendered":"<p>Mit dem Biofuse-Fingerpaddel k\u00f6nnen Sie sich auf die Handpositionierung im Becken konzentrieren und diese verbessern, einschlie\u00dflich Fangposition und Armzug. Dadurch, dass die Oberfl\u00e4che der Handfl\u00e4che frei bleibt, bietet es ein besseres Gef\u00fchl f\u00fcr das Wasser, w\u00e4hrend die Schultern weniger belastet werden. Verbessern Sie die Kraft des Oberk\u00f6rpers mit dem Biofuse-Fingerpaddel, da es einen maximalen Widerstand im Wasser erzeugt, und mehr Widerstand bedeutet mehr Kraft, mehr K\u00f6rperkraft und ein intensiveres Training.<\/p>\n","protected":false},"excerpt":{"rendered":"<p>Speedo<\/p>\n<p>Mit dem Biofuse-Fingerpaddel k\u00f6nnen Sie sich auf die Handpositionierung im Becken konzentrieren und diese verbessern, einschlie\u00dflich Fangposition und Armzug. Dadurch, dass die Oberfl\u00e4che der Handfl\u00e4che frei bleibt, bietet es ein besseres Gef\u00fchl f\u00fcr das Wasser, w\u00e4hrend die Schultern weniger belastet werden. Verbessern Sie die Kraft des Oberk\u00f6rpers mit dem Biofuse-Fingerpaddel, da es einen maximalen Widerstand im Wasser erzeugt, und mehr Widerstand bedeutet mehr Kraft, mehr K\u00f6rperkraft und ein intensiveres Training.<\/p>\n","protected":false},"featured_media":49239,"template":"","meta":[],"product_brand":[],"product_cat":[286],"product_tag":[],"class_list":{"0":"post-1316","1":"product","2":"type-product","3":"status-publish","4":"has-post-thumbnail","6":"product_cat-paddles-de","7":"pa_brand-speedo-de","9":"first","10":"instock","11":"shipping-taxable","12":"purchasable","13":"product-type-simple"},"_links":{"self":[{"href":"https:\/\/espacetriathlon.com\/de\/wp-json\/wp\/v2\/product\/1316","targetHints":{"allow":["GET"]}}],"collection":[{"href":"https:\/\/espacetriathlon.com\/de\/wp-json\/wp\/v2\/product"}],"about":[{"href":"https:\/\/espacetriathlon.com\/de\/wp-json\/wp\/v2\/types\/product"}],"version-history":[{"count":2,"href":"https:\/\/espacetriathlon.com\/de\/wp-json\/wp\/v2\/product\/1316\/revisions"}],"predecessor-version":[{"id":36802,"href":"https:\/\/espacetriathlon.com\/de\/wp-json\/wp\/v2\/product\/1316\/revisions\/36802"}],"wp:featuredmedia":[{"embeddable":true,"href":"https:\/\/espacetriathlon.com\/de\/wp-json\/wp\/v2\/media\/49239"}],"wp:attachment":[{"href":"https:\/\/espacetriathlon.com\/de\/wp-json\/wp\/v2\/media?parent=1316"}],"wp:term":[{"taxonomy":"product_brand","embeddable":true,"href":"https:\/\/espacetriathlon.com\/de\/wp-json\/wp\/v2\/product_brand?post=1316"},{"taxonomy":"product_cat","embeddable":true,"href":"https:\/\/espacetriathlon.com\/de\/wp-json\/wp\/v2\/product_cat?post=1316"},{"taxonomy":"product_tag","embeddable":true,"href":"https:\/\/espacetriathlon.com\/de\/wp-json\/wp\/v2\/product_tag?post=1316"}],"curies":[{"name":"wp","href":"https:\/\/api.w.org\/{rel}","templated":true}]}}