{"id":1320,"date":"2020-10-29T17:27:45","date_gmt":"2020-10-29T17:27:45","guid":{"rendered":"https:\/\/espacetriathlon.com\/product\/fastskin-elite-mirror\/"},"modified":"2026-01-21T16:37:29","modified_gmt":"2026-01-21T16:37:29","slug":"fastskin-elite-mirror","status":"publish","type":"product","link":"https:\/\/espacetriathlon.com\/de\/product\/fastskin-elite-mirror\/","title":{"rendered":"FASTSKIN hyper Elite Mirror"},"content":{"rendered":"","protected":false},"excerpt":{"rendered":"<p>Speedo<\/p>\n<p>Extraflache hydroskopische Linse bietet eine verbesserte periphere Sicht mit 180-Grad-Passmarkierungen und IQ Fit-Technologie f\u00fcr pr\u00e4zisen Sitz und Anpassung. Enth\u00e4lt drei unterschiedlich gro\u00dfe Nasenstege S\/M\/L f\u00fcr einen sicheren und individuellen IQ Fit: Einzigartige 3D-Glasdichtung, die sich perfekt an die Augenkontur anpasst und keine Lecks aufweist UV-Schutz, Antibeschlagbeschichtung, verspiegelte Gl\u00e4ser<\/p>\n","protected":false},"featured_media":55660,"template":"","meta":[],"product_brand":[],"product_cat":[283],"product_tag":[],"class_list":{"0":"post-1320","1":"product","2":"type-product","3":"status-publish","4":"has-post-thumbnail","6":"product_cat-goggles-de","7":"pa_brand-speedo-de","9":"first","10":"instock","11":"sale","12":"shipping-taxable","13":"purchasable","14":"product-type-variable"},"_links":{"self":[{"href":"https:\/\/espacetriathlon.com\/de\/wp-json\/wp\/v2\/product\/1320","targetHints":{"allow":["GET"]}}],"collection":[{"href":"https:\/\/espacetriathlon.com\/de\/wp-json\/wp\/v2\/product"}],"about":[{"href":"https:\/\/espacetriathlon.com\/de\/wp-json\/wp\/v2\/types\/product"}],"version-history":[{"count":3,"href":"https:\/\/espacetriathlon.com\/de\/wp-json\/wp\/v2\/product\/1320\/revisions"}],"predecessor-version":[{"id":36708,"href":"https:\/\/espacetriathlon.com\/de\/wp-json\/wp\/v2\/product\/1320\/revisions\/36708"}],"wp:featuredmedia":[{"embeddable":true,"href":"https:\/\/espacetriathlon.com\/de\/wp-json\/wp\/v2\/media\/55660"}],"wp:attachment":[{"href":"https:\/\/espacetriathlon.com\/de\/wp-json\/wp\/v2\/media?parent=1320"}],"wp:term":[{"taxonomy":"product_brand","embeddable":true,"href":"https:\/\/espacetriathlon.com\/de\/wp-json\/wp\/v2\/product_brand?post=1320"},{"taxonomy":"product_cat","embeddable":true,"href":"https:\/\/espacetriathlon.com\/de\/wp-json\/wp\/v2\/product_cat?post=1320"},{"taxonomy":"product_tag","embeddable":true,"href":"https:\/\/espacetriathlon.com\/de\/wp-json\/wp\/v2\/product_tag?post=1320"}],"curies":[{"name":"wp","href":"https:\/\/api.w.org\/{rel}","templated":true}]}}