{"id":1331,"date":"2020-10-29T17:27:44","date_gmt":"2020-10-29T17:27:44","guid":{"rendered":"https:\/\/espacetriathlon.com\/product\/dryland-cord\/"},"modified":"2024-07-15T09:03:16","modified_gmt":"2024-07-15T09:03:16","slug":"dryland-cord","status":"publish","type":"product","link":"https:\/\/espacetriathlon.com\/de\/product\/dryland-cord\/","title":{"rendered":"DRYLAND CORD"},"content":{"rendered":"","protected":false},"excerpt":{"rendered":"<p>Finis<\/p>\n<p>Die Dryland Cords werden mit haltbaren Gummischl\u00e4uchen und bequemen Griffen hergestellt. An einem Ankerpunkt befestigt, simulieren die Drylandcords Schwimmbewegungen aus dem Wasser, um St\u00e4rke und Bewegungsfreiheit zu verbessern. Die Dryland-Kordeln sind f\u00fcr Schwimmer aller Altersklassen und F\u00e4higkeiten geeignet und in drei verschiedenen Widerstandsklassen erh\u00e4ltlich. Die Dryland Cords bieten Trainingsm\u00f6glichkeiten au\u00dferhalb der Saison und in der Rehabilitation.<\/p>\n","protected":false},"featured_media":958,"template":"","meta":[],"product_brand":[],"product_cat":[2196,292],"product_tag":[],"class_list":{"0":"post-1331","1":"product","2":"type-product","3":"status-publish","4":"has-post-thumbnail","6":"product_cat-sales-de","7":"product_cat-training-aid-de","8":"pa_brand-finis-de","9":"pa_strength-light-de","10":"pa_strength-heavy-de","11":"pa_strength-medium-de","13":"first","14":"instock","15":"sale","16":"shipping-taxable","17":"purchasable","18":"product-type-variable"},"_links":{"self":[{"href":"https:\/\/espacetriathlon.com\/de\/wp-json\/wp\/v2\/product\/1331","targetHints":{"allow":["GET"]}}],"collection":[{"href":"https:\/\/espacetriathlon.com\/de\/wp-json\/wp\/v2\/product"}],"about":[{"href":"https:\/\/espacetriathlon.com\/de\/wp-json\/wp\/v2\/types\/product"}],"version-history":[{"count":2,"href":"https:\/\/espacetriathlon.com\/de\/wp-json\/wp\/v2\/product\/1331\/revisions"}],"predecessor-version":[{"id":36697,"href":"https:\/\/espacetriathlon.com\/de\/wp-json\/wp\/v2\/product\/1331\/revisions\/36697"}],"wp:featuredmedia":[{"embeddable":true,"href":"https:\/\/espacetriathlon.com\/de\/wp-json\/wp\/v2\/media\/958"}],"wp:attachment":[{"href":"https:\/\/espacetriathlon.com\/de\/wp-json\/wp\/v2\/media?parent=1331"}],"wp:term":[{"taxonomy":"product_brand","embeddable":true,"href":"https:\/\/espacetriathlon.com\/de\/wp-json\/wp\/v2\/product_brand?post=1331"},{"taxonomy":"product_cat","embeddable":true,"href":"https:\/\/espacetriathlon.com\/de\/wp-json\/wp\/v2\/product_cat?post=1331"},{"taxonomy":"product_tag","embeddable":true,"href":"https:\/\/espacetriathlon.com\/de\/wp-json\/wp\/v2\/product_tag?post=1331"}],"curies":[{"name":"wp","href":"https:\/\/api.w.org\/{rel}","templated":true}]}}