{"id":1352,"date":"2020-10-29T17:27:43","date_gmt":"2020-10-29T17:27:43","guid":{"rendered":"https:\/\/espacetriathlon.com\/product\/paddle-pro\/"},"modified":"2025-04-30T17:16:35","modified_gmt":"2025-04-30T17:16:35","slug":"paddle-pro","status":"publish","type":"product","link":"https:\/\/espacetriathlon.com\/de\/product\/paddle-pro\/","title":{"rendered":"Flat Paddle"},"content":{"rendered":"","protected":false},"excerpt":{"rendered":"<p>Orca<\/p>\n<p>F\u00fcr besonders kraftfordernde Trainingseinheiten. Um diese Paddles korrekt nutzen zu k\u00f6nnen, ist aufgrund ihrer gr\u00f6\u00dferen Oberfl\u00e4che und der flachen Form eine saubere Armzug-Technik erforderlich.<\/p>\n","protected":false},"featured_media":49224,"template":"","meta":[],"product_brand":[],"product_cat":[286],"product_tag":[],"class_list":{"0":"post-1352","1":"product","2":"type-product","3":"status-publish","4":"has-post-thumbnail","6":"product_cat-paddles-de","7":"pa_brand-orca-de","8":"pa_color_n-black-de","9":"pa_color_n-orange-de-2","10":"pa_size_cap-s-m-de","11":"pa_size_cap-l-xl-de","13":"first","14":"instock","15":"shipping-taxable","16":"purchasable","17":"product-type-variable"},"_links":{"self":[{"href":"https:\/\/espacetriathlon.com\/de\/wp-json\/wp\/v2\/product\/1352","targetHints":{"allow":["GET"]}}],"collection":[{"href":"https:\/\/espacetriathlon.com\/de\/wp-json\/wp\/v2\/product"}],"about":[{"href":"https:\/\/espacetriathlon.com\/de\/wp-json\/wp\/v2\/types\/product"}],"version-history":[{"count":2,"href":"https:\/\/espacetriathlon.com\/de\/wp-json\/wp\/v2\/product\/1352\/revisions"}],"predecessor-version":[{"id":36662,"href":"https:\/\/espacetriathlon.com\/de\/wp-json\/wp\/v2\/product\/1352\/revisions\/36662"}],"wp:featuredmedia":[{"embeddable":true,"href":"https:\/\/espacetriathlon.com\/de\/wp-json\/wp\/v2\/media\/49224"}],"wp:attachment":[{"href":"https:\/\/espacetriathlon.com\/de\/wp-json\/wp\/v2\/media?parent=1352"}],"wp:term":[{"taxonomy":"product_brand","embeddable":true,"href":"https:\/\/espacetriathlon.com\/de\/wp-json\/wp\/v2\/product_brand?post=1352"},{"taxonomy":"product_cat","embeddable":true,"href":"https:\/\/espacetriathlon.com\/de\/wp-json\/wp\/v2\/product_cat?post=1352"},{"taxonomy":"product_tag","embeddable":true,"href":"https:\/\/espacetriathlon.com\/de\/wp-json\/wp\/v2\/product_tag?post=1352"}],"curies":[{"name":"wp","href":"https:\/\/api.w.org\/{rel}","templated":true}]}}