{"id":13578,"date":"2022-05-06T08:49:42","date_gmt":"2022-05-06T08:49:42","guid":{"rendered":"https:\/\/espacetriathlon.com\/?post_type=product&#038;p=13578"},"modified":"2026-03-05T19:41:13","modified_gmt":"2026-03-05T19:41:13","slug":"athlex-aerosuit-men-white-black-copy-2","status":"publish","type":"product","link":"https:\/\/espacetriathlon.com\/de\/product\/athlex-aerosuit-men-white-black-copy-2\/","title":{"rendered":"Athlex Suit Men White Black"},"content":{"rendered":"<p>Aero: Dieser Stoff hat dank seiner optimierten Oberfl\u00e4chenstruktur hervorragende aerodynamische Eigenschaften. Au\u00dferdem ist das Material sehr elastisch, was eine perfekte Passform garantiert und Schwimmen ohne jegliche Einschr\u00e4nkung der Beweglichkeit erm\u00f6glicht.<\/p>\n<p>Vapour-Cool: Diese auf Nanokristallen basierende Technologie f\u00f6rdert die K\u00fchlung des K\u00f6rpers des*der Athlet*in, indem sie die schnelle Verdunstung von Schwei\u00df erleichtert. Au\u00dferdem bietet sie eine gute Kompression, ohne dabei die Flexibilit\u00e4t des Kleidungsst\u00fccks zu beeintr\u00e4chtigen, und garantiert einen sehr guten Sitz.<\/p>\n<p>Tri-Tech-Polster: Das italienische Tri-Tech-Polster mit 4 mm Dicke und 120 kg\/m3 Dichte bietet ultimativen Komfort im Sattel und trocknet schnell.<\/p>\n<p>Stauf\u00e4cher: Die beiden R\u00fcckentaschen haben den n\u00f6tigen Platz f\u00fcr die Verpflegung, die du w\u00e4hrend deines Triathlons brauchst.<\/p>\n","protected":false},"excerpt":{"rendered":"<p>Der Athlex Race Suit ist mit Technologien zur Verbesserung der Aerodynamik ausgestattet, um bei Triathlonwettk\u00e4mpfen bestm\u00f6gliche Leistungen zu erzielen zu k\u00f6nnen. Das Aero-Gewebe an den Schultern und am R\u00fccken sorgt f\u00fcr eine hervorragende aerodynamische Performance beim Radfahren und f\u00fcr Flexibilit\u00e4t beim Schwimmen. Am Rumpf und an den Beinen beg\u00fcnstigt die Vapour-Cool-Technologie die K\u00fchlung des K\u00f6rpers des*der Triathlet*in, indem sie die schnelle Verdunstung von Schwei\u00df erleichtert.<\/p>\n","protected":false},"featured_media":49677,"template":"","meta":[],"product_brand":[],"product_cat":[314],"product_tag":[],"class_list":{"0":"post-13578","1":"product","2":"type-product","3":"status-publish","4":"has-post-thumbnail","6":"product_cat-gear-de","7":"pa_brand-orca-de","8":"pa_size-s-de","9":"pa_size-m-de","10":"pa_size-l-de","11":"pa_size-xl-de","13":"first","14":"instock","15":"shipping-taxable","16":"purchasable","17":"product-type-variable"},"_links":{"self":[{"href":"https:\/\/espacetriathlon.com\/de\/wp-json\/wp\/v2\/product\/13578","targetHints":{"allow":["GET"]}}],"collection":[{"href":"https:\/\/espacetriathlon.com\/de\/wp-json\/wp\/v2\/product"}],"about":[{"href":"https:\/\/espacetriathlon.com\/de\/wp-json\/wp\/v2\/types\/product"}],"version-history":[{"count":3,"href":"https:\/\/espacetriathlon.com\/de\/wp-json\/wp\/v2\/product\/13578\/revisions"}],"predecessor-version":[{"id":36028,"href":"https:\/\/espacetriathlon.com\/de\/wp-json\/wp\/v2\/product\/13578\/revisions\/36028"}],"wp:featuredmedia":[{"embeddable":true,"href":"https:\/\/espacetriathlon.com\/de\/wp-json\/wp\/v2\/media\/49677"}],"wp:attachment":[{"href":"https:\/\/espacetriathlon.com\/de\/wp-json\/wp\/v2\/media?parent=13578"}],"wp:term":[{"taxonomy":"product_brand","embeddable":true,"href":"https:\/\/espacetriathlon.com\/de\/wp-json\/wp\/v2\/product_brand?post=13578"},{"taxonomy":"product_cat","embeddable":true,"href":"https:\/\/espacetriathlon.com\/de\/wp-json\/wp\/v2\/product_cat?post=13578"},{"taxonomy":"product_tag","embeddable":true,"href":"https:\/\/espacetriathlon.com\/de\/wp-json\/wp\/v2\/product_tag?post=13578"}],"curies":[{"name":"wp","href":"https:\/\/api.w.org\/{rel}","templated":true}]}}