{"id":1371,"date":"2020-10-29T17:27:41","date_gmt":"2020-10-29T17:27:41","guid":{"rendered":"https:\/\/espacetriathlon.com\/product\/agility-paddle\/"},"modified":"2025-04-09T16:05:25","modified_gmt":"2025-04-09T16:05:25","slug":"agility-paddle","status":"publish","type":"product","link":"https:\/\/espacetriathlon.com\/de\/product\/agility-paddle\/","title":{"rendered":"AGILITY Paddle"},"content":{"rendered":"<p>TR\u00c4GERLOSES DESIGN<br \/>\nKeine gebrochenen oder unbequemen Riemen, die Sie zum Kampf mit dem Wasser zwingen.<\/p>\n<p>STROMLINIENF\u00d6RMIGES DAUMENLOCH<br \/>\nSorgt f\u00fcr eine korrekte Platzierung der Hand &#8211; \u00dcben Sie Druck mit der Handfl\u00e4che aus, um sie festzuhalten, nicht zu greifen.<\/p>\n<p>NEUES SCHWIMMENDES MATERIAL<br \/>\nJetzt in einem schwimmenden Material hergestellt, das sich hervorragend f\u00fcr Schwimmlernprogramme und Freiwasserschwimmen eignet.<\/p>\n<p>SOFORTIGE R\u00dcCKMELDUNG<br \/>\nDie Paddels bleiben an Ort und Stelle, wenn Sie w\u00e4hrend der gesamten Zugphase Ihres Schlaganfalls einen hohen Ellenbogen halten (fr\u00fche vertikale Unterarmposition).<\/p>\n<p>ALLE VIER SCHWIMMSCHL\u00c4GE<br \/>\nVielseitiges Werkzeug f\u00fcr Schmetterling, R\u00fcckenschwimmen, Brustschwimmen und Freestyle.<\/p>\n<p>BAUT KRAFT AUF<br \/>\nGeringe Belastung, erm\u00f6glicht Ihnen einen sicheren Muskelaufbau.<\/p>\n","protected":false},"excerpt":{"rendered":"<p>Finis<\/p>\n<p>Entwickelt, um ein sofortiges Schlagfeedback f\u00fcr technische Unvollkommenheiten zu liefern.<\/p>\n<p>Ergonomisch fortschrittliches Design lehrt eine fr\u00fche vertikale Unterarmposition, um die Schlaganfalleffizienz zu erh\u00f6hen. Die konvexe Form erfordert eine korrekte positive Handfl\u00e4chenposition. Aufgrund des tr\u00e4gerlosen Designs der Paddels f\u00fchrt eine falsche Technik zum Abfallen der Paddels.<\/p>\n","protected":false},"featured_media":887,"template":"","meta":[],"product_brand":[],"product_cat":[286],"product_tag":[],"class_list":{"0":"post-1371","1":"product","2":"type-product","3":"status-publish","4":"has-post-thumbnail","6":"product_cat-paddles-de","7":"pa_brand-finis-de","8":"pa_size-xs-de","9":"pa_size-s-de","10":"pa_size-m-de","11":"pa_size-l-de","13":"first","14":"instock","15":"shipping-taxable","16":"purchasable","17":"product-type-variable"},"_links":{"self":[{"href":"https:\/\/espacetriathlon.com\/de\/wp-json\/wp\/v2\/product\/1371","targetHints":{"allow":["GET"]}}],"collection":[{"href":"https:\/\/espacetriathlon.com\/de\/wp-json\/wp\/v2\/product"}],"about":[{"href":"https:\/\/espacetriathlon.com\/de\/wp-json\/wp\/v2\/types\/product"}],"version-history":[{"count":2,"href":"https:\/\/espacetriathlon.com\/de\/wp-json\/wp\/v2\/product\/1371\/revisions"}],"predecessor-version":[{"id":36631,"href":"https:\/\/espacetriathlon.com\/de\/wp-json\/wp\/v2\/product\/1371\/revisions\/36631"}],"wp:featuredmedia":[{"embeddable":true,"href":"https:\/\/espacetriathlon.com\/de\/wp-json\/wp\/v2\/media\/887"}],"wp:attachment":[{"href":"https:\/\/espacetriathlon.com\/de\/wp-json\/wp\/v2\/media?parent=1371"}],"wp:term":[{"taxonomy":"product_brand","embeddable":true,"href":"https:\/\/espacetriathlon.com\/de\/wp-json\/wp\/v2\/product_brand?post=1371"},{"taxonomy":"product_cat","embeddable":true,"href":"https:\/\/espacetriathlon.com\/de\/wp-json\/wp\/v2\/product_cat?post=1371"},{"taxonomy":"product_tag","embeddable":true,"href":"https:\/\/espacetriathlon.com\/de\/wp-json\/wp\/v2\/product_tag?post=1371"}],"curies":[{"name":"wp","href":"https:\/\/api.w.org\/{rel}","templated":true}]}}