{"id":1377,"date":"2020-10-29T17:27:41","date_gmt":"2020-10-29T17:27:41","guid":{"rendered":"https:\/\/espacetriathlon.com\/product\/alignement-kickboard\/"},"modified":"2026-01-29T19:13:54","modified_gmt":"2026-01-29T19:13:54","slug":"alignement-kickboard","status":"publish","type":"product","link":"https:\/\/espacetriathlon.com\/de\/product\/alignement-kickboard\/","title":{"rendered":"ALIGNMENT KICKBOARD"},"content":{"rendered":"<p>Merkmale:<\/p>\n<p>&#8211; Hydrodynamisches Profil: F\u00f6rdert eine stromlinienf\u00f6rmige K\u00f6rperhaltung von den Fingerspitzen bis zu den Zehen<br \/>\n&#8211; Tauchf\u00e4higer Entwurf: Erzeugt eine ideale K\u00f6rperausrichtung, wenn es direkt unterhalb der Wasserlinie eingesetzt wird.<br \/>\n&#8211; Stabilisierende Handschlaufe: Erlaubt die Steuerung des Brettes, ohne es zu greifen, und bringt H\u00e4nde und Arme in eine korrekte, stromlinienf\u00f6rmige Position<br \/>\n&#8211; Schulter sicher: Kleineres Design reduziert den Druck auf die Schultern<br \/>\n&#8211; Leichte Struktur: Kompakter Rahmen f\u00fcr einfache Lagerung und Transport<br \/>\n&#8211; Alle vier Schwimmschl\u00e4ge: Hervorragend geeignet f\u00fcr Standard-Schwimmst\u00f6\u00dfe, Einarm\u00fcbungen und Seitentritte in allen vier Wettkampfschl\u00e4gen<br \/>\n&#8211; EVA-Schaumstoff: Bietet Haltbarkeit und verhindert Hautirritationen<\/p>\n","protected":false},"excerpt":{"rendered":"<p>Finis<\/p>\n<p>Das Alignment Kickboard verwendet ein hydrodynamisches Design zur Verbesserung der K\u00f6rperposition. Die stabilisierende Handschlaufe erm\u00f6glicht die vollst\u00e4ndige Kontrolle \u00fcber das Brett, ohne es zu greifen, wodurch eine perfekte Ausrichtung von den Fingerspitzen bis zu den Zehen entsteht. Bei richtiger Anwendung sitzt das Ausrichtungskickboard knapp unter der Wasserlinie, so dass Schwimmer ihren K\u00f6rper verl\u00e4ngern k\u00f6nnen, ohne an einer Schr\u00e4ge zu treten. Das k\u00fcrzere Design des Ausrichtungskickboards \u00fcbt im Vergleich zu herk\u00f6mmlichen Kickboards weniger Druck auf die Schultern aus. Das Brett ist ein gro\u00dfartiges Trainingsger\u00e4t, mit dem zus\u00e4tzlich zu normalen Tritten einarmige und seitliche Tritt\u00fcbungen durchgef\u00fchrt werden k\u00f6nnen. In Verbindung mit einem Schnorchel f\u00f6rdert das Alignment Kickboard die korrekte Ausrichtung des Kopfes und verbessert die gesamte Technik.<\/p>\n","protected":false},"featured_media":891,"template":"","meta":[],"product_brand":[],"product_cat":[292],"product_tag":[],"class_list":{"0":"post-1377","1":"product","2":"type-product","3":"status-publish","4":"has-post-thumbnail","6":"product_cat-training-aid-de","7":"pa_brand-finis-de","9":"first","10":"instock","11":"shipping-taxable","12":"purchasable","13":"product-type-simple"},"_links":{"self":[{"href":"https:\/\/espacetriathlon.com\/de\/wp-json\/wp\/v2\/product\/1377","targetHints":{"allow":["GET"]}}],"collection":[{"href":"https:\/\/espacetriathlon.com\/de\/wp-json\/wp\/v2\/product"}],"about":[{"href":"https:\/\/espacetriathlon.com\/de\/wp-json\/wp\/v2\/types\/product"}],"version-history":[{"count":3,"href":"https:\/\/espacetriathlon.com\/de\/wp-json\/wp\/v2\/product\/1377\/revisions"}],"predecessor-version":[{"id":45406,"href":"https:\/\/espacetriathlon.com\/de\/wp-json\/wp\/v2\/product\/1377\/revisions\/45406"}],"wp:featuredmedia":[{"embeddable":true,"href":"https:\/\/espacetriathlon.com\/de\/wp-json\/wp\/v2\/media\/891"}],"wp:attachment":[{"href":"https:\/\/espacetriathlon.com\/de\/wp-json\/wp\/v2\/media?parent=1377"}],"wp:term":[{"taxonomy":"product_brand","embeddable":true,"href":"https:\/\/espacetriathlon.com\/de\/wp-json\/wp\/v2\/product_brand?post=1377"},{"taxonomy":"product_cat","embeddable":true,"href":"https:\/\/espacetriathlon.com\/de\/wp-json\/wp\/v2\/product_cat?post=1377"},{"taxonomy":"product_tag","embeddable":true,"href":"https:\/\/espacetriathlon.com\/de\/wp-json\/wp\/v2\/product_tag?post=1377"}],"curies":[{"name":"wp","href":"https:\/\/api.w.org\/{rel}","templated":true}]}}