{"id":14016,"date":"2022-06-14T13:52:05","date_gmt":"2022-06-14T13:52:05","guid":{"rendered":"https:\/\/espacetriathlon.com\/product\/aesir-thermal-men-swimrun\/"},"modified":"2024-07-12T05:35:29","modified_gmt":"2024-07-12T05:35:29","slug":"aesir-thermal-men-swimrun","status":"publish","type":"product","link":"https:\/\/espacetriathlon.com\/de\/product\/aesir-thermal-men-swimrun\/","title":{"rendered":"Aesir Thermal men Swimrun"},"content":{"rendered":"<p>THERMAL INSULATION<br \/>\nWith the combination of 4 mm-thick Yamamoto neoprene and Light Thermal inner lining, you can enjoy even the coldest swimrun races. These technologies enhance the thermal insulation of the suit without sacrificing elasticity or the light weight you need to face your adventures.<\/p>\n<p>HIGH ELASTICITY<br \/>\nDespite being somewhat less elastic than wetsuits in the Flex range due to its high level of thermal insulation, the optimal combination of materials in this wetsuit will provide you with maximum performance.<\/p>\n<p>DURABILITY<br \/>\nThe DuraSkin 2 outer fabric in the lower torso protects the suit from any abrasions caused by accessories or obstacles encountered during your swimrun races, increasing the durability of your wetsuit.<\/p>\n<p>STORAGE<br \/>\nA 15&#215;12 cm back pocket is incorporated that allows you to store the basic safety equipment needed for training and competitions.<\/p>\n","protected":false},"excerpt":{"rendered":"<p>Der Aesir Thermal Swimrun Neoprenanzug ist die (R)evolution des Swimrun RS1.<\/p>\n<p>Der Aesir Thermal ist der am besten k\u00e4lteisolierte Neoprenanzug im Swimrun-Sortiment von Orca. Das leichte Light-Thermal-Futter sorgt f\u00fcr hervorragenden W\u00e4rmer\u00fcckhalt und der Frontrei\u00dfverschluss wiederum f\u00fcr mehr Komfort beim Laufen und Schwimmen. Die an den Beinen zum Einsatz kommende 40+ Technologie bietet zus\u00e4tzlichen Stretch, w\u00e4hrend das Au\u00dfenmaterial Strapazierf\u00e4higkeit garantiert.<\/p>\n","protected":false},"featured_media":49703,"template":"","meta":[],"product_brand":[],"product_cat":[274],"product_tag":[],"class_list":{"0":"post-14016","1":"product","2":"type-product","3":"status-publish","4":"has-post-thumbnail","6":"product_cat-swimrun-de","7":"pa_brand-orca-de","8":"pa_taille-orca-h-t5-162-172-cm-61-66-kg-de","9":"pa_taille-orca-h-t6-167-175-cm-67-75-kg-de","10":"pa_taille-orca-h-tmt-177-190-cm-68-76-kg","11":"pa_taille-orca-h-t7-173-185-cm-75-82-kg-de","12":"pa_taille-orca-h-t8-180-188-cm-82-89-kg-de","13":"pa_taille-orca-h-t9-185-193-cm-89-97-kg-de","15":"first","16":"instock","17":"shipping-taxable","18":"purchasable","19":"product-type-variable"},"_links":{"self":[{"href":"https:\/\/espacetriathlon.com\/de\/wp-json\/wp\/v2\/product\/14016","targetHints":{"allow":["GET"]}}],"collection":[{"href":"https:\/\/espacetriathlon.com\/de\/wp-json\/wp\/v2\/product"}],"about":[{"href":"https:\/\/espacetriathlon.com\/de\/wp-json\/wp\/v2\/types\/product"}],"version-history":[{"count":3,"href":"https:\/\/espacetriathlon.com\/de\/wp-json\/wp\/v2\/product\/14016\/revisions"}],"predecessor-version":[{"id":35976,"href":"https:\/\/espacetriathlon.com\/de\/wp-json\/wp\/v2\/product\/14016\/revisions\/35976"}],"wp:featuredmedia":[{"embeddable":true,"href":"https:\/\/espacetriathlon.com\/de\/wp-json\/wp\/v2\/media\/49703"}],"wp:attachment":[{"href":"https:\/\/espacetriathlon.com\/de\/wp-json\/wp\/v2\/media?parent=14016"}],"wp:term":[{"taxonomy":"product_brand","embeddable":true,"href":"https:\/\/espacetriathlon.com\/de\/wp-json\/wp\/v2\/product_brand?post=14016"},{"taxonomy":"product_cat","embeddable":true,"href":"https:\/\/espacetriathlon.com\/de\/wp-json\/wp\/v2\/product_cat?post=14016"},{"taxonomy":"product_tag","embeddable":true,"href":"https:\/\/espacetriathlon.com\/de\/wp-json\/wp\/v2\/product_tag?post=14016"}],"curies":[{"name":"wp","href":"https:\/\/api.w.org\/{rel}","templated":true}]}}