{"id":14216,"date":"2022-06-21T09:44:28","date_gmt":"2022-06-21T09:44:28","guid":{"rendered":"https:\/\/espacetriathlon.com\/?post_type=product&#038;p=14216"},"modified":"2025-06-27T06:14:23","modified_gmt":"2025-06-27T06:14:23","slug":"vanir-flex-swimrun-women","status":"publish","type":"product","link":"https:\/\/espacetriathlon.com\/de\/product\/vanir-flex-swimrun-women\/","title":{"rendered":"Vanir Flex Swimrun Women"},"content":{"rendered":"<p>ELASTICITY<br \/>\nThis is a balanced wetsuit that is suitable for all types of races and swimrunners. The Vanir Flex is the perfect combination of the thickness of Yamamoto 39 and high-performance fabrics.<\/p>\n<p>DURABILITY<br \/>\nThe DuraSkin 2 outer fabric in the lower torso protects the suit from any abrasions caused by accessories or obstacles, increasing its durability and allowing you to enjoy your Orca swimrun wetsuit for longer.<\/p>\n<p>STORAGE<br \/>\nA 15&#215;12 cm back pocket is incorporated that allows you to store the basic safety equipment needed for training and competitions.<\/p>\n","protected":false},"excerpt":{"rendered":"<p>Der Vanir Flex Swimrun Neoprenanzug ist die (R)evolution des Swimrun Core.<\/p>\n<p>Der Vanir-Flex-Neoprenanzug ist der komfortabelste im Swimrun-Sortiment von Orca. Er besteht aus hochelastischen Materialien und verf\u00fcgt \u00fcber einen Frontrei\u00dfverschluss, der sowohl beim Laufen als auch beim Freiwasserschwimmen f\u00fcr Tragekomfort sorgt.<\/p>\n","protected":false},"featured_media":49891,"template":"","meta":[],"product_brand":[],"product_cat":[274],"product_tag":[],"class_list":{"0":"post-14216","1":"product","2":"type-product","3":"status-publish","4":"has-post-thumbnail","6":"product_cat-swimrun-de","7":"pa_brand-orca-de","8":"pa_taille-orca-f-xs-144-160cm-46-53kg-de","9":"pa_taille-orca-f-s-157-167cm-54-61kg-de","10":"pa_taille-orca-f-m-165-177cm-60-67kg-de","11":"pa_taille-orca-f-l-170-185cm-66-74kg-de","12":"pa_taille-orca-f-xl-177-189cm-73-79kg-de","14":"first","15":"instock","16":"shipping-taxable","17":"purchasable","18":"product-type-variable"},"_links":{"self":[{"href":"https:\/\/espacetriathlon.com\/de\/wp-json\/wp\/v2\/product\/14216","targetHints":{"allow":["GET"]}}],"collection":[{"href":"https:\/\/espacetriathlon.com\/de\/wp-json\/wp\/v2\/product"}],"about":[{"href":"https:\/\/espacetriathlon.com\/de\/wp-json\/wp\/v2\/types\/product"}],"version-history":[{"count":3,"href":"https:\/\/espacetriathlon.com\/de\/wp-json\/wp\/v2\/product\/14216\/revisions"}],"predecessor-version":[{"id":35962,"href":"https:\/\/espacetriathlon.com\/de\/wp-json\/wp\/v2\/product\/14216\/revisions\/35962"}],"wp:featuredmedia":[{"embeddable":true,"href":"https:\/\/espacetriathlon.com\/de\/wp-json\/wp\/v2\/media\/49891"}],"wp:attachment":[{"href":"https:\/\/espacetriathlon.com\/de\/wp-json\/wp\/v2\/media?parent=14216"}],"wp:term":[{"taxonomy":"product_brand","embeddable":true,"href":"https:\/\/espacetriathlon.com\/de\/wp-json\/wp\/v2\/product_brand?post=14216"},{"taxonomy":"product_cat","embeddable":true,"href":"https:\/\/espacetriathlon.com\/de\/wp-json\/wp\/v2\/product_cat?post=14216"},{"taxonomy":"product_tag","embeddable":true,"href":"https:\/\/espacetriathlon.com\/de\/wp-json\/wp\/v2\/product_tag?post=14216"}],"curies":[{"name":"wp","href":"https:\/\/api.w.org\/{rel}","templated":true}]}}