{"id":14293,"date":"2022-06-23T11:35:57","date_gmt":"2022-06-23T11:35:57","guid":{"rendered":"https:\/\/espacetriathlon.com\/product\/apex-float-men-3-8\/"},"modified":"2026-02-09T14:05:06","modified_gmt":"2026-02-09T14:05:06","slug":"apex-float-men-3-8","status":"publish","type":"product","link":"https:\/\/espacetriathlon.com\/de\/product\/apex-float-men-3-8\/","title":{"rendered":"APEX Float Men (2024)"},"content":{"rendered":"<p>40+: Yamamoto 40, das in Orcas Top-Neoprenanz\u00fcgen Verwendung findet, kombiniert mit dem Infinity- Skin-2-Futter, gibt Schwimmer*innen ein Gef\u00fchl von totaler Freiheit. Das Futter enth\u00e4lt zudem Bambusfasern, die f\u00fcr zus\u00e4tzliche Flexibilit\u00e4t sorgen, Geruchsbildung zu vermeiden helfen und Bakterien fernhalten. Die Oberfl\u00e4chenbehandlung Nano Ice SCS erh\u00f6ht die Hydrodynamik, reduziert die Reibung im Wasser und bedeutet mehr Speed bei jedem Zug. Die Kombination dieser drei Technologien gibt dem*der Athlet*in maximale Flexibilit\u00e4t im Schulterbereich. Im Vergleich zu herk\u00f6mmlichen Neopren ist 72% weniger Kraft n\u00f6tig, um das Material zu dehnen.<\/p>\n<p>40 FS: F\u00fcr maximale Freiheit, Dehnbarkeit und Flexibilit\u00e4t verwenden wir f\u00fcr die Orca-Spitzenmodelle Yamamoto 40 in Kombination mit einem Futter aus Infinity Skin 2 und erg\u00e4nzt durch ein Smoothskin-Oberfl\u00e4chenfinish. Dadurch genie\u00dfen Freiwasserschwimmer*innen ein Maximum an Bewegungsfreiheit im Schulterbereich und ben\u00f6tigen 72% weniger Kraft als bei jedem anderen Neoprenanzug. Die Bambusfasern des Innenfutters sorgen f\u00fcr Flexibilit\u00e4t bei jedem Zug, reduzieren Ger\u00fcche und verhindern das Auftreten von Bakterien.<\/p>\n<p>40 PF: Bei Orcas Spitzenmodellen sorgt das Power-fit-Futter mit seinen Kompressionseigenschaften in Verbindung mit Yamamoto 40 f\u00fcr eine perfekte Passform im Rumpfbereich und verhindert, dass Wasser in den Anzug flie\u00dft. Dar\u00fcber hinaus sorgt die Nano Ice SCS-Oberfl\u00e4chenbehandlung f\u00fcr eine verbesserte Hydrodynamik, da sie die Reibung im Wasser reduziert und somit Freiwasserschwimmer*innen die Geschwindigkeit bei jedem Zug sp\u00fcren l\u00e4sst.<\/p>\n<p>Exo-Lift ist eine Art Sandwich-Design, das eine Neoprenschicht, die Aerodome-Technologie und eine dritte Schicht aus innerem Neopren mit einer speziellen Behandlung kombiniert, wodurch der Predator noch widerstandsf\u00e4higer wird und maximalen Auftrieb sowie eine Wasserabsorption von 0% erreicht. Eine kleine Hilfe bei der Aufrechterhaltung einer hydrodynamischen Position zu jeder Zeit, auch wenn Sie m\u00fcde sind.<\/p>\n","protected":false},"excerpt":{"rendered":"<p>Model 2024<br \/>\nDer Apex Float ist der auftriebst\u00e4rkste Wetsuit im gesamten Orca-Sortiment. Dieser Neoprenanzug enth\u00e4lt spezielle Technologien f\u00fcr maximalen Auftrieb und Technikkorrektur. Er hilft denjenigen Schwimmer*innen, die dabei Unterst\u00fctzung ben\u00f6tigen, im Freiwasser eine korrekte Wasserlage aufrechtzuerhalten. Au\u00dferdem sind im Oberk\u00f6rper hochelastische Materialien eingearbeitet, die einen ungehinderten Armzug beg\u00fcnstigen.<\/p>\n","protected":false},"featured_media":49883,"template":"","meta":[],"product_brand":[],"product_cat":[1720],"product_tag":[],"class_list":{"0":"post-14293","1":"product","2":"type-product","3":"status-publish","4":"has-post-thumbnail","6":"product_cat-wetsuit-neopren-de-2","7":"pa_brand-orca-de","8":"pa_taille-orca-h-t5-162-172-cm-61-66-kg-de","9":"pa_taille-orca-h-t6-167-175-cm-67-75-kg-de","10":"pa_taille-orca-h-tmt-177-190-cm-68-76-kg","11":"pa_taille-orca-h-t7-173-185-cm-75-82-kg-de","12":"pa_taille-orca-h-t8-180-188-cm-82-89-kg-de","13":"pa_taille-orca-h-t9-185-193-cm-89-97-kg-de","14":"pa_taille-orca-h-t10-190-196-cm-98-109-kg-de","16":"first","17":"instock","18":"sale","19":"shipping-taxable","20":"purchasable","21":"product-type-variable"},"_links":{"self":[{"href":"https:\/\/espacetriathlon.com\/de\/wp-json\/wp\/v2\/product\/14293","targetHints":{"allow":["GET"]}}],"collection":[{"href":"https:\/\/espacetriathlon.com\/de\/wp-json\/wp\/v2\/product"}],"about":[{"href":"https:\/\/espacetriathlon.com\/de\/wp-json\/wp\/v2\/types\/product"}],"version-history":[{"count":4,"href":"https:\/\/espacetriathlon.com\/de\/wp-json\/wp\/v2\/product\/14293\/revisions"}],"predecessor-version":[{"id":54495,"href":"https:\/\/espacetriathlon.com\/de\/wp-json\/wp\/v2\/product\/14293\/revisions\/54495"}],"wp:featuredmedia":[{"embeddable":true,"href":"https:\/\/espacetriathlon.com\/de\/wp-json\/wp\/v2\/media\/49883"}],"wp:attachment":[{"href":"https:\/\/espacetriathlon.com\/de\/wp-json\/wp\/v2\/media?parent=14293"}],"wp:term":[{"taxonomy":"product_brand","embeddable":true,"href":"https:\/\/espacetriathlon.com\/de\/wp-json\/wp\/v2\/product_brand?post=14293"},{"taxonomy":"product_cat","embeddable":true,"href":"https:\/\/espacetriathlon.com\/de\/wp-json\/wp\/v2\/product_cat?post=14293"},{"taxonomy":"product_tag","embeddable":true,"href":"https:\/\/espacetriathlon.com\/de\/wp-json\/wp\/v2\/product_tag?post=14293"}],"curies":[{"name":"wp","href":"https:\/\/api.w.org\/{rel}","templated":true}]}}