{"id":14390,"date":"2022-06-23T11:50:04","date_gmt":"2022-06-23T11:50:04","guid":{"rendered":"https:\/\/espacetriathlon.com\/?post_type=product&#038;p=14390"},"modified":"2025-06-14T19:26:04","modified_gmt":"2025-06-14T19:26:04","slug":"apex-flex-women-v2","status":"publish","type":"product","link":"https:\/\/espacetriathlon.com\/de\/product\/apex-flex-women-v2\/","title":{"rendered":"Apex Flex Women V2"},"content":{"rendered":"<p>44+: Die einzigartige Yamamoto 44-Technologie, die in den Spitzenmodellen von Orca zum Einsatz kommt, wird mit dem \u00e4u\u00dferst dehnbaren Infinity-Skin-2-Futter kombiniert, f\u00fcr optimale Bewegungsfreiheit der Schultern. Zur Verbesserung der Hydrodynamik wird die Oberfl\u00e4chenbehandlung Nano Ice SCS verwendet. Sie reduziert die Reibung im Wasser und hilft so, maximale Geschwindigkeiten zu erreichen. Das Innenfutter besteht aus Bambusfasern, die f\u00fcr Flexibilit\u00e4t bei jedem Armzug sorgen, Geruchsbildung verhindern und Bakterien fernhalten. Diese Kombination sorgt f\u00fcr absolute Flexibilit\u00e4t im Schulterbereich von Orcas Top-Neoprenanz\u00fcgen, die sich mit 90% weniger Kraftaufwand dehnen lassen, als solche aus herk\u00f6mmlichem Neopren.<\/p>\n<p>40 FS: F\u00fcr maximale Freiheit, Dehnbarkeit und Flexibilit\u00e4t verwenden wir f\u00fcr die Orca-Spitzenmodelle Yamamoto 40 in Kombination mit einem Futter aus Infinity Skin 2 und erg\u00e4nzt durch ein Smoothskin-Oberfl\u00e4chenfinish. Dadurch genie\u00dfen Freiwasserschwimmer*innen ein Maximum an Bewegungsfreiheit im Schulterbereich und ben\u00f6tigen 72% weniger Kraft als bei jedem anderen Neoprenanzug. Die Bambusfasern des Innenfutters sorgen f\u00fcr Flexibilit\u00e4t bei jedem Zug, reduzieren Ger\u00fcche und verhindern das Auftreten von Bakterien.<\/p>\n<p>40 PF: Bei Orcas Spitzenmodellen sorgt das Power-fit-Futter mit seinen Kompressionseigenschaften in Verbindung mit Yamamoto 40 f\u00fcr eine perfekte Passform im Rumpfbereich und verhindert, dass Wasser in den Anzug flie\u00dft. Dar\u00fcber hinaus sorgt die Nano Ice SCS-Oberfl\u00e4chenbehandlung f\u00fcr eine verbesserte Hydrodynamik, da sie die Reibung im Wasser reduziert und somit Freiwasserschwimmer*innen die Geschwindigkeit bei jedem Zug sp\u00fcren l\u00e4sst.<\/p>\n<p>0.88 Free: Die 0.88 Free Technologie wurde zusammen mit Yamamoto exklusiv f\u00fcr Orca entwickelt, um das elastischste Material der Gegenwart zu entwerfen. Das d\u00fcnnste Neopren auf dem Markt, mit einer Dicke von nur 0,5 mm, kombiniert das beste Futter mit einer Schicht aus Titan, um eine bessere W\u00e4rmed\u00e4mmung zu gew\u00e4hrleisten. Dieses revolution\u00e4re Material befindet sich an den Armen und gibt Ihnen die n\u00f6tige Kompression der Armmuskulatur und maximale Flexibilit\u00e4t beim Beugen des Ellenbogens w\u00e4hrend der Schwimmbewegung. Einen Schritt voraus in der Technik.<\/p>\n","protected":false},"excerpt":{"rendered":"<p>Der Apex Flex Neoprenanzug ist der flexibelste im Orca-Sortiment. Er wurde f\u00fcr technisch versierte Schwimmer konzipiert, die von gro\u00dfer Flexibilit\u00e4t profitieren und keinen zus\u00e4tzlichen Auftrieb ben\u00f6tigen. Seine kurze Reverse-Rei\u00dfverschluss-Konstruktion sorgt f\u00fcr eine elastischere Passform. Gepaart mit den flexibelsten Materialien auf dem Markt und den besten hydrodynamischen Eigenschaften, macht ihn dies zum schnellsten Neoprenanzug f\u00fcr die besten Freiwasserschwimmer*innen.<\/p>\n<p>Model 2025<\/p>\n","protected":false},"featured_media":54708,"template":"","meta":[],"product_brand":[],"product_cat":[1720],"product_tag":[],"class_list":{"0":"post-14390","1":"product","2":"type-product","3":"status-publish","4":"has-post-thumbnail","6":"product_cat-wetsuit-neopren-de-2","7":"pa_brand-orca-de","8":"pa_taille-orca-f-st-170-185-cm-60-67-kg-de","9":"pa_taille-orca-f-xst-157-167-cm-50-56-kg-de","10":"pa_taille-orca-f-xs-144-160cm-46-53kg-de","11":"pa_taille-orca-f-s-157-167cm-54-61kg-de","12":"pa_taille-orca-f-m-165-177cm-60-67kg-de","13":"pa_taille-orca-f-l-170-185cm-66-74kg-de","14":"pa_taille-orca-f-xl-177-189cm-73-79kg-de","16":"first","17":"instock","18":"shipping-taxable","19":"purchasable","20":"product-type-variable"},"_links":{"self":[{"href":"https:\/\/espacetriathlon.com\/de\/wp-json\/wp\/v2\/product\/14390","targetHints":{"allow":["GET"]}}],"collection":[{"href":"https:\/\/espacetriathlon.com\/de\/wp-json\/wp\/v2\/product"}],"about":[{"href":"https:\/\/espacetriathlon.com\/de\/wp-json\/wp\/v2\/types\/product"}],"version-history":[{"count":4,"href":"https:\/\/espacetriathlon.com\/de\/wp-json\/wp\/v2\/product\/14390\/revisions"}],"predecessor-version":[{"id":48391,"href":"https:\/\/espacetriathlon.com\/de\/wp-json\/wp\/v2\/product\/14390\/revisions\/48391"}],"wp:featuredmedia":[{"embeddable":true,"href":"https:\/\/espacetriathlon.com\/de\/wp-json\/wp\/v2\/media\/54708"}],"wp:attachment":[{"href":"https:\/\/espacetriathlon.com\/de\/wp-json\/wp\/v2\/media?parent=14390"}],"wp:term":[{"taxonomy":"product_brand","embeddable":true,"href":"https:\/\/espacetriathlon.com\/de\/wp-json\/wp\/v2\/product_brand?post=14390"},{"taxonomy":"product_cat","embeddable":true,"href":"https:\/\/espacetriathlon.com\/de\/wp-json\/wp\/v2\/product_cat?post=14390"},{"taxonomy":"product_tag","embeddable":true,"href":"https:\/\/espacetriathlon.com\/de\/wp-json\/wp\/v2\/product_tag?post=14390"}],"curies":[{"name":"wp","href":"https:\/\/api.w.org\/{rel}","templated":true}]}}