{"id":14490,"date":"2022-06-23T12:17:37","date_gmt":"2022-06-23T12:17:37","guid":{"rendered":"https:\/\/espacetriathlon.com\/product\/athlex-swimskin-women\/"},"modified":"2025-07-04T16:10:35","modified_gmt":"2025-07-04T16:10:35","slug":"athlex-swimskin-women","status":"publish","type":"product","link":"https:\/\/espacetriathlon.com\/de\/product\/athlex-swimskin-women\/","title":{"rendered":"Athlex Swimskin Women"},"content":{"rendered":"<p>&#8220;Geringere Muskelerm\u00fcdung<br \/>\nDas komprimierte Material unterst\u00fctzt die Muskeln, verbessert Ihre Leistungsf\u00e4higkeit und verz\u00f6gert das Auftreten von M\u00fcdigkeitserscheinungen.<br \/>\nKomfort<br \/>\nDie Passform Confort fit bietet Ihnen den Komfort und die Elastizit\u00e4t, die Sie brauchen, um mit v\u00f6lliger Bewegungsfreiheit schwimmen zu k\u00f6nnen.<br \/>\nWasserabweisend<br \/>\nDer Swimskin wurde aus einem wasserabweisenden technischen Gewebe gefertigt und verhindert das Eindringen von Wasser, wodurch Sie w\u00e4hrend des Wettkampfes trockener und leichter bleiben.Geringere Muskelerm\u00fcdung<br \/>\nDas komprimierte Material unterst\u00fctzt die Muskeln, verbessert Ihre Leistungsf\u00e4higkeit und verz\u00f6gert das Auftreten von M\u00fcdigkeitserscheinungen.&#8221;<\/p>\n","protected":false},"excerpt":{"rendered":"<p>&#8220;Geringere Muskelerm\u00fcdung Das komprimierte Material unterst\u00fctzt die Muskeln, verbessert Ihre Leistungsf\u00e4higkeit und verz\u00f6gert das Auftreten von M\u00fcdigkeitserscheinungen. Komfort Die Passform Confort fit bietet Ihnen den Komfort und die Elastizit\u00e4t, die Sie brauchen, um mit v\u00f6lliger Bewegungsfreiheit schwimmen zu k\u00f6nnen. Wasserabweisend Der Swimskin wurde aus einem wasserabweisenden technischen Gewebe gefertigt und verhindert das Eindringen von Wasser, [&hellip;]<\/p>\n","protected":false},"featured_media":49871,"template":"","meta":[],"product_brand":[],"product_cat":[314],"product_tag":[],"class_list":{"0":"post-14490","1":"product","2":"type-product","3":"status-publish","4":"has-post-thumbnail","6":"product_cat-gear-de","7":"pa_brand-orca-de","8":"pa_size-xs-de","9":"pa_size-s-de","10":"pa_size-m-de","11":"pa_size-l-de","13":"first","14":"instock","15":"shipping-taxable","16":"purchasable","17":"product-type-variable"},"_links":{"self":[{"href":"https:\/\/espacetriathlon.com\/de\/wp-json\/wp\/v2\/product\/14490","targetHints":{"allow":["GET"]}}],"collection":[{"href":"https:\/\/espacetriathlon.com\/de\/wp-json\/wp\/v2\/product"}],"about":[{"href":"https:\/\/espacetriathlon.com\/de\/wp-json\/wp\/v2\/types\/product"}],"version-history":[{"count":3,"href":"https:\/\/espacetriathlon.com\/de\/wp-json\/wp\/v2\/product\/14490\/revisions"}],"predecessor-version":[{"id":35940,"href":"https:\/\/espacetriathlon.com\/de\/wp-json\/wp\/v2\/product\/14490\/revisions\/35940"}],"wp:featuredmedia":[{"embeddable":true,"href":"https:\/\/espacetriathlon.com\/de\/wp-json\/wp\/v2\/media\/49871"}],"wp:attachment":[{"href":"https:\/\/espacetriathlon.com\/de\/wp-json\/wp\/v2\/media?parent=14490"}],"wp:term":[{"taxonomy":"product_brand","embeddable":true,"href":"https:\/\/espacetriathlon.com\/de\/wp-json\/wp\/v2\/product_brand?post=14490"},{"taxonomy":"product_cat","embeddable":true,"href":"https:\/\/espacetriathlon.com\/de\/wp-json\/wp\/v2\/product_cat?post=14490"},{"taxonomy":"product_tag","embeddable":true,"href":"https:\/\/espacetriathlon.com\/de\/wp-json\/wp\/v2\/product_tag?post=14490"}],"curies":[{"name":"wp","href":"https:\/\/api.w.org\/{rel}","templated":true}]}}