{"id":1458,"date":"2020-10-29T17:28:20","date_gmt":"2020-10-29T17:28:20","guid":{"rendered":"https:\/\/espacetriathlon.com\/product\/swimrun-bungee-cord\/"},"modified":"2025-06-28T17:32:19","modified_gmt":"2025-06-28T17:32:19","slug":"swimrun-bungee-cord","status":"publish","type":"product","link":"https:\/\/espacetriathlon.com\/de\/product\/swimrun-bungee-cord\/","title":{"rendered":"SwimRun Bungee Cord"},"content":{"rendered":"<p>Das Swimrun-Gummiband h\u00e4lt dich und deinen Partner w\u00e4hrend des Wettkampfes zusammen. Es besteht aus zwei Rennb\u00e4ndern, einem drei Meter langen Gummiband mit einem verstellbaren Ring, an denen sich dein Teamkollege festhalten kann, und einem weiterem Element zur Befestigung des Zubeh\u00f6rs, damit du w\u00e4hrend des Wettkampfes die H\u00e4nde frei hast. Bleib jederzeit unbesorgt mit deinem Partner verbunden.<\/p>\n","protected":false},"excerpt":{"rendered":"<p>Orca<\/p>\n<p>Das Swimrun-Gummiband h\u00e4lt dich und deinen Partner w\u00e4hrend des Wettkampfes zusammen. Es besteht aus zwei Rennb\u00e4ndern, einem drei Meter langen Gummiband mit einem verstellbaren Ring, an denen sich dein Teamkollege festhalten kann, und einem weiterem Element zur Befestigung des Zubeh\u00f6rs, damit du w\u00e4hrend des Wettkampfes die H\u00e4nde frei hast. Bleib jederzeit unbesorgt mit deinem Partner verbunden.<\/p>\n","protected":false},"featured_media":1031,"template":"","meta":[],"product_brand":[],"product_cat":[274],"product_tag":[],"class_list":{"0":"post-1458","1":"product","2":"type-product","3":"status-publish","4":"has-post-thumbnail","6":"product_cat-swimrun-de","7":"pa_brand-orca-de","9":"first","10":"instock","11":"shipping-taxable","12":"purchasable","13":"product-type-simple"},"_links":{"self":[{"href":"https:\/\/espacetriathlon.com\/de\/wp-json\/wp\/v2\/product\/1458","targetHints":{"allow":["GET"]}}],"collection":[{"href":"https:\/\/espacetriathlon.com\/de\/wp-json\/wp\/v2\/product"}],"about":[{"href":"https:\/\/espacetriathlon.com\/de\/wp-json\/wp\/v2\/types\/product"}],"version-history":[{"count":2,"href":"https:\/\/espacetriathlon.com\/de\/wp-json\/wp\/v2\/product\/1458\/revisions"}],"predecessor-version":[{"id":36913,"href":"https:\/\/espacetriathlon.com\/de\/wp-json\/wp\/v2\/product\/1458\/revisions\/36913"}],"wp:featuredmedia":[{"embeddable":true,"href":"https:\/\/espacetriathlon.com\/de\/wp-json\/wp\/v2\/media\/1031"}],"wp:attachment":[{"href":"https:\/\/espacetriathlon.com\/de\/wp-json\/wp\/v2\/media?parent=1458"}],"wp:term":[{"taxonomy":"product_brand","embeddable":true,"href":"https:\/\/espacetriathlon.com\/de\/wp-json\/wp\/v2\/product_brand?post=1458"},{"taxonomy":"product_cat","embeddable":true,"href":"https:\/\/espacetriathlon.com\/de\/wp-json\/wp\/v2\/product_cat?post=1458"},{"taxonomy":"product_tag","embeddable":true,"href":"https:\/\/espacetriathlon.com\/de\/wp-json\/wp\/v2\/product_tag?post=1458"}],"curies":[{"name":"wp","href":"https:\/\/api.w.org\/{rel}","templated":true}]}}