{"id":15326,"date":"2022-10-16T08:04:58","date_gmt":"2022-10-16T08:04:58","guid":{"rendered":"https:\/\/espacetriathlon.com\/?post_type=product&#038;p=15326"},"modified":"2025-06-14T19:44:31","modified_gmt":"2025-06-14T19:44:31","slug":"apex-flow-women-predator","status":"publish","type":"product","link":"https:\/\/espacetriathlon.com\/de\/product\/apex-flow-women-predator\/","title":{"rendered":"Apex Flow Women V2"},"content":{"rendered":"<p>44+: Die einzigartige Yamamoto 44-Technologie, die in den Spitzenmodellen von Orca zum Einsatz kommt, wird mit dem \u00e4u\u00dferst dehnbaren Infinity-Skin-2-Futter kombiniert, f\u00fcr optimale Bewegungsfreiheit der Schultern. Zur Verbesserung der Hydrodynamik wird die Oberfl\u00e4chenbehandlung Nano Ice SCS verwendet. Sie reduziert die Reibung im Wasser und hilft so, maximale Geschwindigkeiten zu erreichen. Das Innenfutter besteht aus Bambusfasern, die f\u00fcr Flexibilit\u00e4t bei jedem Armzug sorgen, Geruchsbildung verhindern und Bakterien fernhalten. Diese Kombination sorgt f\u00fcr absolute Flexibilit\u00e4t im Schulterbereich von Orcas Top-Neoprenanz\u00fcgen, die sich mit 90% weniger Kraftaufwand dehnen lassen, als solche aus herk\u00f6mmlichem Neopren.<\/p>\n<p>40 PF: Bei Orcas Spitzenmodellen sorgt das Power-fit-Futter mit seinen Kompressionseigenschaften in Verbindung mit Yamamoto 40 f\u00fcr eine perfekte Passform im Rumpfbereich und verhindert, dass Wasser in den Anzug flie\u00dft. Dar\u00fcber hinaus sorgt die Nano Ice SCS-Oberfl\u00e4chenbehandlung f\u00fcr eine verbesserte Hydrodynamik, da sie die Reibung im Wasser reduziert und somit Freiwasserschwimmer*innen die Geschwindigkeit bei jedem Zug sp\u00fcren l\u00e4sst.<\/p>\n<p>40 FS: F\u00fcr maximale Freiheit, Dehnbarkeit und Flexibilit\u00e4t verwenden wir f\u00fcr die Orca-Spitzenmodelle Yamamoto 40 in Kombination mit einem Futter aus Infinity Skin 2 und erg\u00e4nzt durch ein Smoothskin-Oberfl\u00e4chenfinish. Dadurch genie\u00dfen Freiwasserschwimmer*innen ein Maximum an Bewegungsfreiheit im Schulterbereich und ben\u00f6tigen 72% weniger Kraft als bei jedem anderen Neoprenanzug. Die Bambusfasern des Innenfutters sorgen f\u00fcr Flexibilit\u00e4t bei jedem Zug, reduzieren Ger\u00fcche und verhindern das Auftreten von Bakterien.<\/p>\n<p>Exo-Lift ist eine Art Sandwich-Design, das eine Neoprenschicht, die Aerodome-Technologie und eine dritte Schicht aus innerem Neopren mit einer speziellen Behandlung kombiniert, wodurch der Predator noch widerstandsf\u00e4higer wird und maximalen Auftrieb sowie eine Wasserabsorption von 0% erreicht. Eine kleine Hilfe bei der Aufrechterhaltung einer hydrodynamischen Position zu jeder Zeit, auch wenn Sie m\u00fcde sind.<\/p>\n","protected":false},"excerpt":{"rendered":"<p>Der Apex Flow ist der fortschrittlichste Neoprenanzug in unserem Sortiment, dank seiner einzigartigen Flexibilit\u00e4t und Auftriebskraft. Der Anzug wurde f\u00fcr die anspruchsvollsten Freiwasserschwimmer*innen entwickelt und ist mit den besten Materialien und Technologien, die auf dem Markt erh\u00e4ltlich sind, ausgestattet. Es ist so konstruiert, dass er die Beine maximal anhebt, somit die Wasserlage korrigiert und den K\u00f6rper in die hydrodynamischste Haltung bringt.<\/p>\n<p>Modell 2025<\/p>\n","protected":false},"featured_media":49803,"template":"","meta":[],"product_brand":[],"product_cat":[1720],"product_tag":[],"class_list":{"0":"post-15326","1":"product","2":"type-product","3":"status-publish","4":"has-post-thumbnail","6":"product_cat-wetsuit-neopren-de-2","7":"pa_brand-orca-de","8":"pa_taille-orca-f-st-170-185-cm-60-67-kg-de","9":"pa_taille-orca-f-xst-157-167-cm-50-56-kg-de","10":"pa_taille-orca-f-xs-144-160cm-46-53kg-de","11":"pa_taille-orca-f-s-157-167cm-54-61kg-de","12":"pa_taille-orca-f-m-165-177cm-60-67kg-de","13":"pa_taille-orca-f-l-170-185cm-66-74kg-de","14":"pa_taille-orca-f-xl-177-189cm-73-79kg-de","16":"first","17":"instock","18":"shipping-taxable","19":"purchasable","20":"product-type-variable"},"_links":{"self":[{"href":"https:\/\/espacetriathlon.com\/de\/wp-json\/wp\/v2\/product\/15326","targetHints":{"allow":["GET"]}}],"collection":[{"href":"https:\/\/espacetriathlon.com\/de\/wp-json\/wp\/v2\/product"}],"about":[{"href":"https:\/\/espacetriathlon.com\/de\/wp-json\/wp\/v2\/types\/product"}],"version-history":[{"count":6,"href":"https:\/\/espacetriathlon.com\/de\/wp-json\/wp\/v2\/product\/15326\/revisions"}],"predecessor-version":[{"id":48427,"href":"https:\/\/espacetriathlon.com\/de\/wp-json\/wp\/v2\/product\/15326\/revisions\/48427"}],"wp:featuredmedia":[{"embeddable":true,"href":"https:\/\/espacetriathlon.com\/de\/wp-json\/wp\/v2\/media\/49803"}],"wp:attachment":[{"href":"https:\/\/espacetriathlon.com\/de\/wp-json\/wp\/v2\/media?parent=15326"}],"wp:term":[{"taxonomy":"product_brand","embeddable":true,"href":"https:\/\/espacetriathlon.com\/de\/wp-json\/wp\/v2\/product_brand?post=15326"},{"taxonomy":"product_cat","embeddable":true,"href":"https:\/\/espacetriathlon.com\/de\/wp-json\/wp\/v2\/product_cat?post=15326"},{"taxonomy":"product_tag","embeddable":true,"href":"https:\/\/espacetriathlon.com\/de\/wp-json\/wp\/v2\/product_tag?post=15326"}],"curies":[{"name":"wp","href":"https:\/\/api.w.org\/{rel}","templated":true}]}}