{"id":15400,"date":"2022-10-16T10:41:09","date_gmt":"2022-10-16T10:41:09","guid":{"rendered":"https:\/\/espacetriathlon.com\/?post_type=product&#038;p=15400"},"modified":"2025-05-25T15:46:17","modified_gmt":"2025-05-25T15:46:17","slug":"men-openwater-core-gloves","status":"publish","type":"product","link":"https:\/\/espacetriathlon.com\/de\/product\/men-openwater-core-gloves\/","title":{"rendered":"Men Openwater Core Gloves"},"content":{"rendered":"<p>Materials: They are made with 2 mm thick neoprene, along with a highly elastic inner lining for a better fit. <\/p>\n<p>Pattern: The extra-long pattern allows the gloves to overlap the wetsuit for better insulation.<\/p>\n","protected":false},"excerpt":{"rendered":"<p>Die Core Gloves bestehen aus 2 mm dickem Neopren. Kombiniert mit dem optimierten Schnitt, ergibt dies einen Handschuh mit \u00fcberragender Elastizit\u00e4t und guter Thermoisolierung, so dass du auch in kaltem Wasser h\u00f6chstkomfortabel schwimmen kannst.<\/p>\n","protected":false},"featured_media":49798,"template":"","meta":[],"product_brand":[],"product_cat":[986,271],"product_tag":[],"class_list":{"0":"post-15400","1":"product","2":"type-product","3":"status-publish","4":"has-post-thumbnail","6":"product_cat-freediving-de","7":"product_cat-openwater-de","8":"pa_brand-orca-de","9":"pa_size-s-de","10":"pa_size-m-de","11":"pa_size-l-de","13":"first","14":"instock","15":"shipping-taxable","16":"purchasable","17":"product-type-variable"},"_links":{"self":[{"href":"https:\/\/espacetriathlon.com\/de\/wp-json\/wp\/v2\/product\/15400","targetHints":{"allow":["GET"]}}],"collection":[{"href":"https:\/\/espacetriathlon.com\/de\/wp-json\/wp\/v2\/product"}],"about":[{"href":"https:\/\/espacetriathlon.com\/de\/wp-json\/wp\/v2\/types\/product"}],"version-history":[{"count":3,"href":"https:\/\/espacetriathlon.com\/de\/wp-json\/wp\/v2\/product\/15400\/revisions"}],"predecessor-version":[{"id":35833,"href":"https:\/\/espacetriathlon.com\/de\/wp-json\/wp\/v2\/product\/15400\/revisions\/35833"}],"wp:featuredmedia":[{"embeddable":true,"href":"https:\/\/espacetriathlon.com\/de\/wp-json\/wp\/v2\/media\/49798"}],"wp:attachment":[{"href":"https:\/\/espacetriathlon.com\/de\/wp-json\/wp\/v2\/media?parent=15400"}],"wp:term":[{"taxonomy":"product_brand","embeddable":true,"href":"https:\/\/espacetriathlon.com\/de\/wp-json\/wp\/v2\/product_brand?post=15400"},{"taxonomy":"product_cat","embeddable":true,"href":"https:\/\/espacetriathlon.com\/de\/wp-json\/wp\/v2\/product_cat?post=15400"},{"taxonomy":"product_tag","embeddable":true,"href":"https:\/\/espacetriathlon.com\/de\/wp-json\/wp\/v2\/product_tag?post=15400"}],"curies":[{"name":"wp","href":"https:\/\/api.w.org\/{rel}","templated":true}]}}