{"id":15425,"date":"2022-10-16T10:48:37","date_gmt":"2022-10-16T10:48:37","guid":{"rendered":"https:\/\/espacetriathlon.com\/?post_type=product&#038;p=15425"},"modified":"2025-12-20T06:29:14","modified_gmt":"2025-12-20T06:29:14","slug":"women-openwater-core-gloves","status":"publish","type":"product","link":"https:\/\/espacetriathlon.com\/de\/product\/women-openwater-core-gloves\/","title":{"rendered":"Women Openwater Core Gloves"},"content":{"rendered":"<p>Material: Hergestellt aus 2 mm dickem Neopren, mit einem hochelastischen Innenmaterial versehen f\u00fcr eine bessere Passform <\/p>\n<p>Pattern: The extra-long pattern allows the gloves to overlap the wetsuit for better insulation.<\/p>\n","protected":false},"excerpt":{"rendered":"<p>Die Core Gloves bestehen aus 2 mm dickem Neopren. Kombiniert mit dem optimierten Schnitt, ergibt dies einen Handschuh mit \u00fcberragender Elastizit\u00e4t und guter Thermoisolierung, so dass du auch in kaltem Wasser h\u00f6chstkomfortabel schwimmen kannst. uren dich beim Schwimmen nicht beeintr\u00e4chtigen.<\/p>\n","protected":false},"featured_media":49794,"template":"","meta":[],"product_brand":[],"product_cat":[986,271],"product_tag":[],"class_list":{"0":"post-15425","1":"product","2":"type-product","3":"status-publish","4":"has-post-thumbnail","6":"product_cat-freediving-de","7":"product_cat-openwater-de","8":"pa_brand-orca-de","9":"pa_size-xs-de","10":"pa_size-s-de","11":"pa_size-m-de","13":"first","14":"instock","15":"shipping-taxable","16":"purchasable","17":"product-type-variable"},"_links":{"self":[{"href":"https:\/\/espacetriathlon.com\/de\/wp-json\/wp\/v2\/product\/15425","targetHints":{"allow":["GET"]}}],"collection":[{"href":"https:\/\/espacetriathlon.com\/de\/wp-json\/wp\/v2\/product"}],"about":[{"href":"https:\/\/espacetriathlon.com\/de\/wp-json\/wp\/v2\/types\/product"}],"version-history":[{"count":3,"href":"https:\/\/espacetriathlon.com\/de\/wp-json\/wp\/v2\/product\/15425\/revisions"}],"predecessor-version":[{"id":35825,"href":"https:\/\/espacetriathlon.com\/de\/wp-json\/wp\/v2\/product\/15425\/revisions\/35825"}],"wp:featuredmedia":[{"embeddable":true,"href":"https:\/\/espacetriathlon.com\/de\/wp-json\/wp\/v2\/media\/49794"}],"wp:attachment":[{"href":"https:\/\/espacetriathlon.com\/de\/wp-json\/wp\/v2\/media?parent=15425"}],"wp:term":[{"taxonomy":"product_brand","embeddable":true,"href":"https:\/\/espacetriathlon.com\/de\/wp-json\/wp\/v2\/product_brand?post=15425"},{"taxonomy":"product_cat","embeddable":true,"href":"https:\/\/espacetriathlon.com\/de\/wp-json\/wp\/v2\/product_cat?post=15425"},{"taxonomy":"product_tag","embeddable":true,"href":"https:\/\/espacetriathlon.com\/de\/wp-json\/wp\/v2\/product_tag?post=15425"}],"curies":[{"name":"wp","href":"https:\/\/api.w.org\/{rel}","templated":true}]}}