{"id":16438,"date":"2022-12-22T15:26:48","date_gmt":"2022-12-22T15:26:48","guid":{"rendered":"https:\/\/espacetriathlon.com\/?post_type=product&#038;p=16438"},"modified":"2025-12-20T06:29:14","modified_gmt":"2025-12-20T06:29:14","slug":"swim-socks-copy","status":"publish","type":"product","link":"https:\/\/espacetriathlon.com\/de\/product\/swim-socks-copy\/","title":{"rendered":"Swim Socks"},"content":{"rendered":"<p>Warmth<br \/>\nWith a 2.5 mm neoprene construction, this accessory provides great insulation from the cold.<br \/>\nComfort<\/p>\n<p>The high-quality lining provides comfort when swimming.<\/p>\n<p>This accessory should be worn under a neoprene wetsuit to prevent water entry.<\/p>\n<p>Size Shoe size<\/p>\n<p>Europe UK USA<br \/>\nXXS 37 4.5 5<br \/>\nXS 38 5.5 6<br \/>\nS 40 6.5 7<br \/>\nM 41 7.5 8<br \/>\nL 42.5 8.5 9<br \/>\nXL 44 9.5 10<br \/>\nXXL 45 10.5 11<\/p>\n","protected":false},"excerpt":{"rendered":"<p>Dieses Accessoire f\u00fcr kaltes Wasser hilft Ihnen, Ihre F\u00fc\u00dfe vor der K\u00e4lte zu sch\u00fctzen, damit Sie f\u00fcr l\u00e4ngere Zeit in angenehmer Weise schwimmen k\u00f6nnen.<\/p>\n<p>Um die richtige Gr\u00f6\u00dfe zu w\u00e4hlen, orientieren Sie sich an den Angaben in der Produktbeschreibung.<\/p>\n","protected":false},"featured_media":49785,"template":"","meta":[],"product_brand":[],"product_cat":[986,271],"product_tag":[],"class_list":{"0":"post-16438","1":"product","2":"type-product","3":"status-publish","4":"has-post-thumbnail","6":"product_cat-freediving-de","7":"product_cat-openwater-de","8":"pa_brand-orca-de","9":"pa_socks-3xl-eu47","10":"pa_socks-4xl-eu47","11":"pa_socks-l-eu42-5","12":"pa_socks-m-eu41","13":"pa_socks-s-eu40","14":"pa_socks-xl-eu44","15":"pa_socks-xs-eu38","16":"pa_socks-xxl-eu46","17":"pa_socks-xxs-eu37","19":"first","20":"instock","21":"shipping-taxable","22":"purchasable","23":"product-type-variable"},"_links":{"self":[{"href":"https:\/\/espacetriathlon.com\/de\/wp-json\/wp\/v2\/product\/16438","targetHints":{"allow":["GET"]}}],"collection":[{"href":"https:\/\/espacetriathlon.com\/de\/wp-json\/wp\/v2\/product"}],"about":[{"href":"https:\/\/espacetriathlon.com\/de\/wp-json\/wp\/v2\/types\/product"}],"version-history":[{"count":3,"href":"https:\/\/espacetriathlon.com\/de\/wp-json\/wp\/v2\/product\/16438\/revisions"}],"predecessor-version":[{"id":36997,"href":"https:\/\/espacetriathlon.com\/de\/wp-json\/wp\/v2\/product\/16438\/revisions\/36997"}],"wp:featuredmedia":[{"embeddable":true,"href":"https:\/\/espacetriathlon.com\/de\/wp-json\/wp\/v2\/media\/49785"}],"wp:attachment":[{"href":"https:\/\/espacetriathlon.com\/de\/wp-json\/wp\/v2\/media?parent=16438"}],"wp:term":[{"taxonomy":"product_brand","embeddable":true,"href":"https:\/\/espacetriathlon.com\/de\/wp-json\/wp\/v2\/product_brand?post=16438"},{"taxonomy":"product_cat","embeddable":true,"href":"https:\/\/espacetriathlon.com\/de\/wp-json\/wp\/v2\/product_cat?post=16438"},{"taxonomy":"product_tag","embeddable":true,"href":"https:\/\/espacetriathlon.com\/de\/wp-json\/wp\/v2\/product_tag?post=16438"}],"curies":[{"name":"wp","href":"https:\/\/api.w.org\/{rel}","templated":true}]}}