{"id":16748,"date":"2023-01-11T15:12:49","date_gmt":"2023-01-11T15:12:49","guid":{"rendered":"https:\/\/espacetriathlon.com\/product\/fc25-hydratation-system\/"},"modified":"2025-03-09T10:13:38","modified_gmt":"2025-03-09T10:13:38","slug":"fc25-hydratation-system","status":"publish","type":"product","link":"https:\/\/espacetriathlon.com\/de\/product\/fc25-hydratation-system\/","title":{"rendered":"FC25 Hydratation System"},"content":{"rendered":"<p>Details:<br \/>\n\u2022 schlankes Trinksystem in aerodynamischer Tropfenform<br \/>\n\u2022 Aerodrink Bracket mit anschraubbaren Aufsatzhalterungen und R\u00fcckhalteband aus Silikon zur Befestigung der Flasche in der Halterung<br \/>\n\u2022 No-Splash Bef\u00fcll\u00f6ffnung zur leichten Bef\u00fcllung auch w\u00e4hrend der Fahrt ohne den Deckel \u00f6ffnen zu m\u00fcssen<br \/>\n\u2022 Clip zur Fixierung des Trinkschlauches in flacher Ausrichtung bei Nichtgebrauch zum Schutz der Augen<br \/>\n\u2022 selbstverschlie\u00dfendes Bei\u00dfventil f\u00fcr die optimale Steuerung der Fl\u00fcssigkeitsversorgung<br \/>\n\u2022 flexibler Trinkhalm zur Positionierung rechts- oder linksseitig der Flasche (mit Halterung an Vorder- und R\u00fcckseite der Flasche zu befestigen)<br \/>\n\u2022 Kamm-Form am Heck reduziert Luftwiderstand<br \/>\n\u2022 integrierte stromlinienf\u00f6rmige Storage Box komprimiert die Verpflegung<br \/>\n\u2022 gut sichtbare Computerhalterung vorne am System (auch ohne Halterung benutzbar)<br \/>\n\u2022 Halterung passend f\u00fcr Aufsatzbreiten von 57 &#8211; 162 mm (Mitte &#8211; Mitte Rohr)<br \/>\n\u2022 kompatibel mit Montageadapter f\u00fcr Aerodrink- und Aqualite-Trinksysteme (Bestellnr.: 594081)<br \/>\n\u2022 mit dem optional erh\u00e4ltlichen Base Bar Bracket-Halter (Bestellnr.: 2100067) unabh\u00e4ngig von der Auslegerbreite auf dem Basislenker zu montieren<br \/>\n\u2022 BPA-freier, lebensmittelechter HDPE-Trinkbeh\u00e4lter<br \/>\n\u2022 Volumen: ca. 739 ml<br \/>\n\u2022 Gewicht: ca. 304 g<\/p>\n<p>Lieferumfang: Profile FC25 Trinksystem inkl. Halterung, Klettb\u00e4nder und Trinkhalm<\/p>\n","protected":false},"excerpt":{"rendered":"<p>F\u00fcr die notwendige Erfrischung zwischendurch. Da in Training oder Wettkampf ein ausgeglichener Fl\u00fcssigkeitshaushalt von enormer Bedeutung ist, bietet dir das Trinksystem Profile FC 25 eine auf deine Bed\u00fcrfnisse angepasste M\u00f6glichkeit diesen auszugleichen ohne dass du im Rennen oder im Training deine Sitzhaltung ver\u00e4ndern musst. Dabei verf\u00fcgt das BPA-freie Trinksystem auch \u00fcber ein selbst verschlie\u00dfendes Bei\u00dfventil, wobei deine H\u00e4nde weiter am Lenker bleiben.<\/p>\n<p>Zus\u00e4tzlich zu dem problemlos erreichbaren fl\u00fcssigen Kraftimpuls verf\u00fcgt das FC25 Trinksystem von Profile Design \u00fcber eine integrierte Computerbefestigung. Weiteren Platz f\u00fcr Gel oder Fahrradschlauch bietet die integrierte Storage Box und in Verbindung mit dem rund 739 ml gro\u00dfen Hydrationssystem kannst du bei anstrengenden Races ganz selbstverst\u00e4ndlich an den Verpflegungsstationen vorbeifahren.<\/p>\n","protected":false},"featured_media":50187,"template":"","meta":[],"product_brand":[],"product_cat":[1712,319],"product_tag":[],"class_list":{"0":"post-16748","1":"product","2":"type-product","3":"status-publish","4":"has-post-thumbnail","6":"product_cat-accessories-tri-de-2","7":"product_cat-bike-de","8":"pa_brand-profile-design-de","10":"first","11":"outofstock","12":"sale","13":"shipping-taxable","14":"purchasable","15":"product-type-simple"},"_links":{"self":[{"href":"https:\/\/espacetriathlon.com\/de\/wp-json\/wp\/v2\/product\/16748","targetHints":{"allow":["GET"]}}],"collection":[{"href":"https:\/\/espacetriathlon.com\/de\/wp-json\/wp\/v2\/product"}],"about":[{"href":"https:\/\/espacetriathlon.com\/de\/wp-json\/wp\/v2\/types\/product"}],"version-history":[{"count":3,"href":"https:\/\/espacetriathlon.com\/de\/wp-json\/wp\/v2\/product\/16748\/revisions"}],"predecessor-version":[{"id":36964,"href":"https:\/\/espacetriathlon.com\/de\/wp-json\/wp\/v2\/product\/16748\/revisions\/36964"}],"wp:featuredmedia":[{"embeddable":true,"href":"https:\/\/espacetriathlon.com\/de\/wp-json\/wp\/v2\/media\/50187"}],"wp:attachment":[{"href":"https:\/\/espacetriathlon.com\/de\/wp-json\/wp\/v2\/media?parent=16748"}],"wp:term":[{"taxonomy":"product_brand","embeddable":true,"href":"https:\/\/espacetriathlon.com\/de\/wp-json\/wp\/v2\/product_brand?post=16748"},{"taxonomy":"product_cat","embeddable":true,"href":"https:\/\/espacetriathlon.com\/de\/wp-json\/wp\/v2\/product_cat?post=16748"},{"taxonomy":"product_tag","embeddable":true,"href":"https:\/\/espacetriathlon.com\/de\/wp-json\/wp\/v2\/product_tag?post=16748"}],"curies":[{"name":"wp","href":"https:\/\/api.w.org\/{rel}","templated":true}]}}