{"id":16762,"date":"2023-01-13T12:31:42","date_gmt":"2023-01-13T12:31:42","guid":{"rendered":"https:\/\/espacetriathlon.com\/product\/freestyler-hand-paddle\/"},"modified":"2024-07-15T11:30:21","modified_gmt":"2024-07-15T11:30:21","slug":"freestyler-hand-paddle","status":"publish","type":"product","link":"https:\/\/espacetriathlon.com\/de\/product\/freestyler-hand-paddle\/","title":{"rendered":"Freestyler Hand paddle"},"content":{"rendered":"<p>IMPROVED SWIM TECHNIQUE:\u00a0Improves body position by streamlining hand entry and eliminating crossover; Designed specifically for freestyle training<br \/>\nINCREASES STRENGTH:\u00a0Provides added resistance in order to build muscle<br \/>\nHYDRODYNAMIC DESIGN:\u00a0Surfboard shape decreases resistance through the water and planes the hand forward, lengthening each stroke<br \/>\nINSTANT FEEDBACK:\u00a0Patented skeg on the bottom of the paddle provides immediate stroke feedback, streamlining and straightening hand entry<br \/>\nREDUCES SHOULDER STRESS:\u00a0Prevents hand entry crossover that causes shoulder injury<\/p>\n","protected":false},"excerpt":{"rendered":"<p>Die Freestyler Hand Paddles wurden speziell f\u00fcr das Freestyle-Training entwickelt. Sie lassen die Hand nach vorne durch das Wasser gleiten und verbessern die Reichweite und die Distanz pro Schlag. Mit ihrer langen Flossenform und dem einzigartigen Skeg-Design f\u00f6rdern die Freestyler Hand Paddles einen starken Durchzug, eine bessere H\u00fcftrotation und eine h\u00f6here Effizienz. Ein verstellbarer Fingerriemen bietet eine perfekte Passform und die schmale Oberfl\u00e4che beugt einer \u00dcberlastung der Schulter vor.<\/p>\n","protected":false},"featured_media":50183,"template":"","meta":[],"product_brand":[],"product_cat":[286],"product_tag":[],"class_list":{"0":"post-16762","1":"product","2":"type-product","3":"status-publish","4":"has-post-thumbnail","6":"product_cat-paddles-de","7":"pa_brand-finis-de","9":"first","10":"outofstock","11":"sale","12":"shipping-taxable","13":"purchasable","14":"product-type-simple"},"_links":{"self":[{"href":"https:\/\/espacetriathlon.com\/de\/wp-json\/wp\/v2\/product\/16762","targetHints":{"allow":["GET"]}}],"collection":[{"href":"https:\/\/espacetriathlon.com\/de\/wp-json\/wp\/v2\/product"}],"about":[{"href":"https:\/\/espacetriathlon.com\/de\/wp-json\/wp\/v2\/types\/product"}],"version-history":[{"count":3,"href":"https:\/\/espacetriathlon.com\/de\/wp-json\/wp\/v2\/product\/16762\/revisions"}],"predecessor-version":[{"id":36960,"href":"https:\/\/espacetriathlon.com\/de\/wp-json\/wp\/v2\/product\/16762\/revisions\/36960"}],"wp:featuredmedia":[{"embeddable":true,"href":"https:\/\/espacetriathlon.com\/de\/wp-json\/wp\/v2\/media\/50183"}],"wp:attachment":[{"href":"https:\/\/espacetriathlon.com\/de\/wp-json\/wp\/v2\/media?parent=16762"}],"wp:term":[{"taxonomy":"product_brand","embeddable":true,"href":"https:\/\/espacetriathlon.com\/de\/wp-json\/wp\/v2\/product_brand?post=16762"},{"taxonomy":"product_cat","embeddable":true,"href":"https:\/\/espacetriathlon.com\/de\/wp-json\/wp\/v2\/product_cat?post=16762"},{"taxonomy":"product_tag","embeddable":true,"href":"https:\/\/espacetriathlon.com\/de\/wp-json\/wp\/v2\/product_tag?post=16762"}],"curies":[{"name":"wp","href":"https:\/\/api.w.org\/{rel}","templated":true}]}}