{"id":1694,"date":"2020-11-08T16:28:35","date_gmt":"2020-11-08T16:28:35","guid":{"rendered":"https:\/\/espacetriathlon.com\/product\/goggle-mask\/"},"modified":"2025-01-13T11:33:08","modified_gmt":"2025-01-13T11:33:08","slug":"goggle-mask","status":"publish","type":"product","link":"https:\/\/espacetriathlon.com\/de\/product\/goggle-mask\/","title":{"rendered":"Goggle Mask"},"content":{"rendered":"<p>Die neue google mask von Orca stellt eine komfortable Alternative zu den klassischen Brillen dar. Die Gl\u00e4ser der leichten, widerstandsf\u00e4higen Fassung sind gr\u00f6\u00dfer und bieten somit ein breiteres Sichtfeld. Das Design erm\u00f6glicht eine perfekte Anpassung an die Nase, gleichzeitig wird das Gesicht vor Verletzungen gesch\u00fctzt, die durch St\u00f6\u00dfe w\u00e4hrend des Triathlon-Wettkampfes entstehen k\u00f6nnten. Das Silikon sorgt f\u00fcr einen bequemen Sitz und verhindert Abdr\u00fccke um die Augen. Ein weites Sichtfeld und optimaler Komfort.<\/p>\n","protected":false},"excerpt":{"rendered":"<p>Orca<\/p>\n<p>Die neue google mask von Orca stellt eine komfortable Alternative zu den klassischen Brillen dar. Die Gl\u00e4ser der leichten, widerstandsf\u00e4higen Fassung sind gr\u00f6\u00dfer und bieten somit ein breiteres Sichtfeld. Das Design erm\u00f6glicht eine perfekte Anpassung an die Nase, gleichzeitig wird das Gesicht vor Verletzungen gesch\u00fctzt, die durch St\u00f6\u00dfe w\u00e4hrend des Triathlon-Wettkampfes entstehen k\u00f6nnten. Das Silikon sorgt f\u00fcr einen bequemen Sitz und verhindert Abdr\u00fccke um die Augen. Ein weites Sichtfeld und optimaler Komfort.<\/p>\n","protected":false},"featured_media":49244,"template":"","meta":[],"product_brand":[],"product_cat":[283],"product_tag":[],"class_list":{"0":"post-1694","1":"product","2":"type-product","3":"status-publish","4":"has-post-thumbnail","6":"product_cat-goggles-de","7":"pa_brand-orca-de","9":"first","10":"instock","11":"shipping-taxable","12":"purchasable","13":"product-type-simple"},"_links":{"self":[{"href":"https:\/\/espacetriathlon.com\/de\/wp-json\/wp\/v2\/product\/1694","targetHints":{"allow":["GET"]}}],"collection":[{"href":"https:\/\/espacetriathlon.com\/de\/wp-json\/wp\/v2\/product"}],"about":[{"href":"https:\/\/espacetriathlon.com\/de\/wp-json\/wp\/v2\/types\/product"}],"version-history":[{"count":3,"href":"https:\/\/espacetriathlon.com\/de\/wp-json\/wp\/v2\/product\/1694\/revisions"}],"predecessor-version":[{"id":36946,"href":"https:\/\/espacetriathlon.com\/de\/wp-json\/wp\/v2\/product\/1694\/revisions\/36946"}],"wp:featuredmedia":[{"embeddable":true,"href":"https:\/\/espacetriathlon.com\/de\/wp-json\/wp\/v2\/media\/49244"}],"wp:attachment":[{"href":"https:\/\/espacetriathlon.com\/de\/wp-json\/wp\/v2\/media?parent=1694"}],"wp:term":[{"taxonomy":"product_brand","embeddable":true,"href":"https:\/\/espacetriathlon.com\/de\/wp-json\/wp\/v2\/product_brand?post=1694"},{"taxonomy":"product_cat","embeddable":true,"href":"https:\/\/espacetriathlon.com\/de\/wp-json\/wp\/v2\/product_cat?post=1694"},{"taxonomy":"product_tag","embeddable":true,"href":"https:\/\/espacetriathlon.com\/de\/wp-json\/wp\/v2\/product_tag?post=1694"}],"curies":[{"name":"wp","href":"https:\/\/api.w.org\/{rel}","templated":true}]}}