{"id":1702,"date":"2020-11-08T16:40:38","date_gmt":"2020-11-08T16:40:38","guid":{"rendered":"https:\/\/espacetriathlon.com\/product\/safety-bag\/"},"modified":"2025-10-11T10:27:48","modified_gmt":"2025-10-11T10:27:48","slug":"safety-bag","status":"publish","type":"product","link":"https:\/\/espacetriathlon.com\/de\/product\/safety-bag\/","title":{"rendered":"Safety Bag"},"content":{"rendered":"<p>Der Safety Bag von Orca macht Sie im Wasser besser sichtbar und gibt Ihnen ein Auftriebselement zum Festhalten. Dank des wasserdichten Fachs k\u00f6nnen Sie Ihre Wertsachen trocken und sicher aufbewahren. Ein praktisches und unverzichtbares Sicherheitselement f\u00fcr Ihr Schwimmtraining und Ihre Wettk\u00e4mpfe.<\/p>\n","protected":false},"excerpt":{"rendered":"<p>Der Safety Bag von Orca macht Sie im Wasser besser sichtbar und gibt Ihnen ein Auftriebselement zum Festhalten. Dank des wasserdichten Fachs k\u00f6nnen Sie Ihre Wertsachen trocken und sicher aufbewahren. Ein praktisches und unverzichtbares Sicherheitselement f\u00fcr Ihr Schwimmtraining und Ihre Wettk\u00e4mpfe.<\/p>\n","protected":false},"featured_media":1083,"template":"","meta":[],"product_brand":[],"product_cat":[271],"product_tag":[],"class_list":{"0":"post-1702","1":"product","2":"type-product","3":"status-publish","4":"has-post-thumbnail","6":"product_cat-openwater-de","7":"pa_brand-orca-de","9":"first","10":"instock","11":"sale","12":"shipping-taxable","13":"purchasable","14":"product-type-simple"},"_links":{"self":[{"href":"https:\/\/espacetriathlon.com\/de\/wp-json\/wp\/v2\/product\/1702","targetHints":{"allow":["GET"]}}],"collection":[{"href":"https:\/\/espacetriathlon.com\/de\/wp-json\/wp\/v2\/product"}],"about":[{"href":"https:\/\/espacetriathlon.com\/de\/wp-json\/wp\/v2\/types\/product"}],"version-history":[{"count":3,"href":"https:\/\/espacetriathlon.com\/de\/wp-json\/wp\/v2\/product\/1702\/revisions"}],"predecessor-version":[{"id":38207,"href":"https:\/\/espacetriathlon.com\/de\/wp-json\/wp\/v2\/product\/1702\/revisions\/38207"}],"wp:featuredmedia":[{"embeddable":true,"href":"https:\/\/espacetriathlon.com\/de\/wp-json\/wp\/v2\/media\/1083"}],"wp:attachment":[{"href":"https:\/\/espacetriathlon.com\/de\/wp-json\/wp\/v2\/media?parent=1702"}],"wp:term":[{"taxonomy":"product_brand","embeddable":true,"href":"https:\/\/espacetriathlon.com\/de\/wp-json\/wp\/v2\/product_brand?post=1702"},{"taxonomy":"product_cat","embeddable":true,"href":"https:\/\/espacetriathlon.com\/de\/wp-json\/wp\/v2\/product_cat?post=1702"},{"taxonomy":"product_tag","embeddable":true,"href":"https:\/\/espacetriathlon.com\/de\/wp-json\/wp\/v2\/product_tag?post=1702"}],"curies":[{"name":"wp","href":"https:\/\/api.w.org\/{rel}","templated":true}]}}