{"id":1715,"date":"2020-11-08T17:05:31","date_gmt":"2020-11-08T17:05:31","guid":{"rendered":"https:\/\/espacetriathlon.com\/product\/transition-bag\/"},"modified":"2025-12-08T14:51:38","modified_gmt":"2025-12-08T14:51:38","slug":"transition-bag","status":"publish","type":"product","link":"https:\/\/espacetriathlon.com\/de\/product\/transition-bag\/","title":{"rendered":"Transition Bag"},"content":{"rendered":"<p>Die ultimative Tasche f\u00fcr den Triathleten von heute. Helm \u2013 Wetsuit \u2013 Radschuhe \u2013 Laufschuhe \u2013 Startnummernband &#8211; Trinkflaschen\u2026 der Transition Bag ist gleichzeitig eine \u00fcberdimensionale Checkliste. Ist jedes Fach bef\u00fcllt dann hast Du alles dabei. Abschlie\u00dfend den Bag auf den R\u00fccken genommen und beide H\u00e4nde bleiben frei. Perfekt geeignet f\u00fcr Kurzreisen und damit unglaublich vielseitig.<\/p>\n","protected":false},"excerpt":{"rendered":"<p>Die ultimative Tasche f\u00fcr den Triathleten von heute. Helm \u2013 Wetsuit \u2013 Radschuhe \u2013 Laufschuhe \u2013 Startnummernband &#8211; Trinkflaschen\u2026 der Transition Bag ist gleichzeitig eine \u00fcberdimensionale Checkliste. Ist jedes Fach bef\u00fcllt dann hast Du alles dabei. Abschlie\u00dfend den Bag auf den R\u00fccken genommen und beide H\u00e4nde bleiben frei. Perfekt geeignet f\u00fcr Kurzreisen und damit unglaublich vielseitig.<\/p>\n","protected":false},"featured_media":1051,"template":"","meta":[],"product_brand":[],"product_cat":[326],"product_tag":[],"class_list":{"0":"post-1715","1":"product","2":"type-product","3":"status-publish","4":"has-post-thumbnail","6":"product_cat-bags-de","7":"pa_brand-orca-de","9":"first","10":"instock","11":"sale","12":"shipping-taxable","13":"purchasable","14":"product-type-simple"},"_links":{"self":[{"href":"https:\/\/espacetriathlon.com\/de\/wp-json\/wp\/v2\/product\/1715","targetHints":{"allow":["GET"]}}],"collection":[{"href":"https:\/\/espacetriathlon.com\/de\/wp-json\/wp\/v2\/product"}],"about":[{"href":"https:\/\/espacetriathlon.com\/de\/wp-json\/wp\/v2\/types\/product"}],"version-history":[{"count":3,"href":"https:\/\/espacetriathlon.com\/de\/wp-json\/wp\/v2\/product\/1715\/revisions"}],"predecessor-version":[{"id":38213,"href":"https:\/\/espacetriathlon.com\/de\/wp-json\/wp\/v2\/product\/1715\/revisions\/38213"}],"wp:featuredmedia":[{"embeddable":true,"href":"https:\/\/espacetriathlon.com\/de\/wp-json\/wp\/v2\/media\/1051"}],"wp:attachment":[{"href":"https:\/\/espacetriathlon.com\/de\/wp-json\/wp\/v2\/media?parent=1715"}],"wp:term":[{"taxonomy":"product_brand","embeddable":true,"href":"https:\/\/espacetriathlon.com\/de\/wp-json\/wp\/v2\/product_brand?post=1715"},{"taxonomy":"product_cat","embeddable":true,"href":"https:\/\/espacetriathlon.com\/de\/wp-json\/wp\/v2\/product_cat?post=1715"},{"taxonomy":"product_tag","embeddable":true,"href":"https:\/\/espacetriathlon.com\/de\/wp-json\/wp\/v2\/product_tag?post=1715"}],"curies":[{"name":"wp","href":"https:\/\/api.w.org\/{rel}","templated":true}]}}