{"id":1719,"date":"2020-11-08T17:18:24","date_gmt":"2020-11-08T17:18:24","guid":{"rendered":"https:\/\/espacetriathlon.com\/product\/transition-bagpack\/"},"modified":"2025-02-23T14:12:51","modified_gmt":"2025-02-23T14:12:51","slug":"transition-bagpack","status":"publish","type":"product","link":"https:\/\/espacetriathlon.com\/de\/product\/transition-bagpack\/","title":{"rendered":"Transition Backpack"},"content":{"rendered":"<p>Wenn Sie einen Rucksack suchen, in dem Sie alles tragen k\u00f6nnen, was Sie f\u00fcr Ihre Wettk\u00e4mpfe oder Ihr Training ben\u00f6tigen, dann ist dies der passende Begleiter f\u00fcr Sie. Ein anpassungsf\u00e4higer Rucksack, der dank seines variablen Fassungsverm\u00f6gens seine Kapazit\u00e4t erh\u00f6hen kann, sodass er f\u00fcr jeden Bedarf eingesetzt werden kann. Dank seines neuen flachen Bodens bleibt der Rucksack aufrecht, wenn er auf einer Fl\u00e4che aufgestellt wird, ideal f\u00fcr \u00dcberg\u00e4nge und die Umkleidekabine. Er hat eine kleine Tasche f\u00fcr den Helm und eine separate Tasche an der Unterseite, ideal zum Tragen Ihres Neoprenanzugs oder nasser Kleidung. Dar\u00fcber hinaus beg\u00fcnstigt sein Design die Atmungsaktivit\u00e4t des R\u00fcckens, sodass er bequem auf dem Weg zu Ihrem Training oder Wettkampf genutzt werden kann. Der Wettkampfpartner, auf den Sie gewartet haben.<\/p>\n","protected":false},"excerpt":{"rendered":"<p>Wenn Sie einen Rucksack suchen, in dem Sie alles tragen k\u00f6nnen, was Sie f\u00fcr Ihre Wettk\u00e4mpfe oder Ihr Training ben\u00f6tigen, dann ist dies der passende Begleiter f\u00fcr Sie. Ein anpassungsf\u00e4higer Rucksack, der dank seines variablen Fassungsverm\u00f6gens seine Kapazit\u00e4t erh\u00f6hen kann, sodass er f\u00fcr jeden Bedarf eingesetzt werden kann. Dank seines neuen flachen Bodens bleibt der Rucksack aufrecht, wenn er auf einer Fl\u00e4che aufgestellt wird, ideal f\u00fcr \u00dcberg\u00e4nge und die Umkleidekabine. Er hat eine kleine Tasche f\u00fcr den Helm und eine separate Tasche an der Unterseite, ideal zum Tragen Ihres Neoprenanzugs oder nasser Kleidung. Dar\u00fcber hinaus beg\u00fcnstigt sein Design die Atmungsaktivit\u00e4t des R\u00fcckens, sodass er bequem auf dem Weg zu Ihrem Training oder Wettkampf genutzt werden kann. Der Wettkampfpartner, auf den Sie gewartet haben.<\/p>\n","protected":false},"featured_media":1059,"template":"","meta":[],"product_brand":[],"product_cat":[326],"product_tag":[],"class_list":{"0":"post-1719","1":"product","2":"type-product","3":"status-publish","4":"has-post-thumbnail","6":"product_cat-bags-de","7":"pa_brand-orca-de","9":"first","10":"instock","11":"sale","12":"shipping-taxable","13":"purchasable","14":"product-type-simple"},"_links":{"self":[{"href":"https:\/\/espacetriathlon.com\/de\/wp-json\/wp\/v2\/product\/1719","targetHints":{"allow":["GET"]}}],"collection":[{"href":"https:\/\/espacetriathlon.com\/de\/wp-json\/wp\/v2\/product"}],"about":[{"href":"https:\/\/espacetriathlon.com\/de\/wp-json\/wp\/v2\/types\/product"}],"version-history":[{"count":3,"href":"https:\/\/espacetriathlon.com\/de\/wp-json\/wp\/v2\/product\/1719\/revisions"}],"predecessor-version":[{"id":45925,"href":"https:\/\/espacetriathlon.com\/de\/wp-json\/wp\/v2\/product\/1719\/revisions\/45925"}],"wp:featuredmedia":[{"embeddable":true,"href":"https:\/\/espacetriathlon.com\/de\/wp-json\/wp\/v2\/media\/1059"}],"wp:attachment":[{"href":"https:\/\/espacetriathlon.com\/de\/wp-json\/wp\/v2\/media?parent=1719"}],"wp:term":[{"taxonomy":"product_brand","embeddable":true,"href":"https:\/\/espacetriathlon.com\/de\/wp-json\/wp\/v2\/product_brand?post=1719"},{"taxonomy":"product_cat","embeddable":true,"href":"https:\/\/espacetriathlon.com\/de\/wp-json\/wp\/v2\/product_cat?post=1719"},{"taxonomy":"product_tag","embeddable":true,"href":"https:\/\/espacetriathlon.com\/de\/wp-json\/wp\/v2\/product_tag?post=1719"}],"curies":[{"name":"wp","href":"https:\/\/api.w.org\/{rel}","templated":true}]}}