{"id":1741,"date":"2020-11-09T09:12:30","date_gmt":"2020-11-09T09:12:30","guid":{"rendered":"https:\/\/espacetriathlon.com\/product\/forearm-fulcrums\/"},"modified":"2026-03-11T06:09:30","modified_gmt":"2026-03-11T06:09:30","slug":"forearm-fulcrums","status":"publish","type":"product","link":"https:\/\/espacetriathlon.com\/de\/product\/forearm-fulcrums\/","title":{"rendered":"Forearm Fulcrum Paddle"},"content":{"rendered":"<p>Das Unterarm-Fuclrum entwickelt eine fr\u00fche vertikale Unterarmposition (EVF) und erh\u00f6ht die Effizienz des Schlaganfalls. Bei einer EVF-Position wird der gesamte Unterarm beim Zug von den Fingerspitzen bis zum Ellenbogen benutzt. Die Unterarmst\u00fctzpunkte helfen bei der Verfeinerung der Bewegungen, indem sie das Muskelged\u00e4chtnis der korrekten Position von Hand, Handgelenk und Unterarm nutzen. Die Unterarmst\u00fctzpunkte verbessern die Effizienz und gew\u00e4hrleisten eine starke, ununterbrochene Traktion von Anfang bis Ende. Der Unterarmdrehpunkt ist ein vielseitiges Werkzeug f\u00fcr alle vier H\u00fcbe.<\/p>\n","protected":false},"excerpt":{"rendered":"<p>Das Unterarm-Fuclrum entwickelt eine fr\u00fche vertikale Unterarmposition (EVF) und erh\u00f6ht die Effizienz des Schlaganfalls. Bei einer EVF-Position wird der gesamte Unterarm beim Zug von den Fingerspitzen bis zum Ellenbogen benutzt. Die Unterarmst\u00fctzpunkte helfen bei der Verfeinerung der Bewegungen, indem sie das Muskelged\u00e4chtnis der korrekten Position von Hand, Handgelenk und Unterarm nutzen. Die Unterarmst\u00fctzpunkte verbessern die Effizienz und gew\u00e4hrleisten eine starke, ununterbrochene Traktion von Anfang bis Ende. Der Unterarmdrehpunkt ist ein vielseitiges Werkzeug f\u00fcr alle vier H\u00fcbe.<\/p>\n","protected":false},"featured_media":49248,"template":"","meta":[],"product_brand":[],"product_cat":[286],"product_tag":[],"class_list":{"0":"post-1741","1":"product","2":"type-product","3":"status-publish","4":"has-post-thumbnail","6":"product_cat-paddles-de","7":"pa_brand-finis-de","9":"first","10":"instock","11":"shipping-taxable","12":"purchasable","13":"product-type-simple"},"_links":{"self":[{"href":"https:\/\/espacetriathlon.com\/de\/wp-json\/wp\/v2\/product\/1741","targetHints":{"allow":["GET"]}}],"collection":[{"href":"https:\/\/espacetriathlon.com\/de\/wp-json\/wp\/v2\/product"}],"about":[{"href":"https:\/\/espacetriathlon.com\/de\/wp-json\/wp\/v2\/types\/product"}],"version-history":[{"count":3,"href":"https:\/\/espacetriathlon.com\/de\/wp-json\/wp\/v2\/product\/1741\/revisions"}],"predecessor-version":[{"id":45402,"href":"https:\/\/espacetriathlon.com\/de\/wp-json\/wp\/v2\/product\/1741\/revisions\/45402"}],"wp:featuredmedia":[{"embeddable":true,"href":"https:\/\/espacetriathlon.com\/de\/wp-json\/wp\/v2\/media\/49248"}],"wp:attachment":[{"href":"https:\/\/espacetriathlon.com\/de\/wp-json\/wp\/v2\/media?parent=1741"}],"wp:term":[{"taxonomy":"product_brand","embeddable":true,"href":"https:\/\/espacetriathlon.com\/de\/wp-json\/wp\/v2\/product_brand?post=1741"},{"taxonomy":"product_cat","embeddable":true,"href":"https:\/\/espacetriathlon.com\/de\/wp-json\/wp\/v2\/product_cat?post=1741"},{"taxonomy":"product_tag","embeddable":true,"href":"https:\/\/espacetriathlon.com\/de\/wp-json\/wp\/v2\/product_tag?post=1741"}],"curies":[{"name":"wp","href":"https:\/\/api.w.org\/{rel}","templated":true}]}}