{"id":1749,"date":"2020-11-09T09:17:12","date_gmt":"2020-11-09T09:17:12","guid":{"rendered":"https:\/\/espacetriathlon.com\/product\/free-style-snorkel\/"},"modified":"2024-07-15T10:17:44","modified_gmt":"2024-07-15T10:17:44","slug":"free-style-snorkel","status":"publish","type":"product","link":"https:\/\/espacetriathlon.com\/de\/product\/free-style-snorkel\/","title":{"rendered":"Free Style Snorkel"},"content":{"rendered":"<p>Der Freestyle-Schnorchel erm\u00f6glicht es den Schwimmern, sich auf die Freestyle-Technik zu konzentrieren, ohne den Kopf zum Atmen drehen zu m\u00fcssen. Das gekr\u00fcmmte Design f\u00f6rdert die richtige Kopfposition und K\u00f6rperausrichtung, um die Effizienz der Bewegungen zu maximieren. Mit seiner verbesserten Stabilit\u00e4t erm\u00f6glicht der Freestyle-Schnorchel einen vollen Bewegungsumfang bei allen Geschwindigkeiten, einschlie\u00dflich 180\u00b0-Drehungen.<\/p>\n","protected":false},"excerpt":{"rendered":"<p>Der Freestyle-Schnorchel erm\u00f6glicht es den Schwimmern, sich auf die Freestyle-Technik zu konzentrieren, ohne den Kopf zum Atmen drehen zu m\u00fcssen. Das gekr\u00fcmmte Design f\u00f6rdert die richtige Kopfposition und K\u00f6rperausrichtung, um die Effizienz der Bewegungen zu maximieren. Mit seiner verbesserten Stabilit\u00e4t erm\u00f6glicht der Freestyle-Schnorchel einen vollen Bewegungsumfang bei allen Geschwindigkeiten, einschlie\u00dflich 180\u00b0-Drehungen.<\/p>\n","protected":false},"featured_media":49252,"template":"","meta":[],"product_brand":[],"product_cat":[289],"product_tag":[],"class_list":{"0":"post-1749","1":"product","2":"type-product","3":"status-publish","4":"has-post-thumbnail","6":"product_cat-snorkels-de","7":"pa_brand-finis-de","9":"first","10":"instock","11":"sale","12":"shipping-taxable","13":"purchasable","14":"product-type-simple"},"_links":{"self":[{"href":"https:\/\/espacetriathlon.com\/de\/wp-json\/wp\/v2\/product\/1749","targetHints":{"allow":["GET"]}}],"collection":[{"href":"https:\/\/espacetriathlon.com\/de\/wp-json\/wp\/v2\/product"}],"about":[{"href":"https:\/\/espacetriathlon.com\/de\/wp-json\/wp\/v2\/types\/product"}],"version-history":[{"count":2,"href":"https:\/\/espacetriathlon.com\/de\/wp-json\/wp\/v2\/product\/1749\/revisions"}],"predecessor-version":[{"id":36866,"href":"https:\/\/espacetriathlon.com\/de\/wp-json\/wp\/v2\/product\/1749\/revisions\/36866"}],"wp:featuredmedia":[{"embeddable":true,"href":"https:\/\/espacetriathlon.com\/de\/wp-json\/wp\/v2\/media\/49252"}],"wp:attachment":[{"href":"https:\/\/espacetriathlon.com\/de\/wp-json\/wp\/v2\/media?parent=1749"}],"wp:term":[{"taxonomy":"product_brand","embeddable":true,"href":"https:\/\/espacetriathlon.com\/de\/wp-json\/wp\/v2\/product_brand?post=1749"},{"taxonomy":"product_cat","embeddable":true,"href":"https:\/\/espacetriathlon.com\/de\/wp-json\/wp\/v2\/product_cat?post=1749"},{"taxonomy":"product_tag","embeddable":true,"href":"https:\/\/espacetriathlon.com\/de\/wp-json\/wp\/v2\/product_tag?post=1749"}],"curies":[{"name":"wp","href":"https:\/\/api.w.org\/{rel}","templated":true}]}}