{"id":1755,"date":"2020-11-09T09:23:08","date_gmt":"2020-11-09T09:23:08","guid":{"rendered":"https:\/\/espacetriathlon.com\/product\/instinct-paddle\/"},"modified":"2025-04-01T10:09:48","modified_gmt":"2025-04-01T10:09:48","slug":"instinct-paddle","status":"publish","type":"product","link":"https:\/\/espacetriathlon.com\/de\/product\/instinct-paddle\/","title":{"rendered":"Instinct Paddle"},"content":{"rendered":"<p>Das tr\u00e4gerlose Design der Paddel sch\u00e4rft das Schlagbewusstsein zur Verbesserung der Technik. Das ergonomisch fortschrittliche Design der Instinct-Skulling-Paddel hilft Schwimmern beim Erlernen der korrekten positiven Handposition der Handfl\u00e4che w\u00e4hrend des Skullens. Das konvexe Design der Instinct Skulling-Paddles f\u00f6rdert ein fr\u00fches Fangen und eine fr\u00fche vertikale Unterarmposition bei der Skullbewegung. Die Instinct Sculling Paddles sind ein vielseitiges Werkzeug f\u00fcr alle vier Schwimmbewegungen und sind in zwei Gr\u00f6\u00dfen erh\u00e4ltlich: Mittel &amp; Gro\u00df.<\/p>\n","protected":false},"excerpt":{"rendered":"<p>Das tr\u00e4gerlose Design der Paddel sch\u00e4rft das Schlagbewusstsein zur Verbesserung der Technik. Das ergonomisch fortschrittliche Design der Instinct-Skulling-Paddel hilft Schwimmern beim Erlernen der korrekten positiven Handposition der Handfl\u00e4che w\u00e4hrend des Skullens. Das konvexe Design der Instinct Skulling-Paddles f\u00f6rdert ein fr\u00fches Fangen und eine fr\u00fche vertikale Unterarmposition bei der Skullbewegung. Die Instinct Sculling Paddles sind ein vielseitiges Werkzeug f\u00fcr alle vier Schwimmbewegungen und sind in zwei Gr\u00f6\u00dfen erh\u00e4ltlich: Mittel &amp; Gro\u00df.<\/p>\n","protected":false},"featured_media":49256,"template":"","meta":[],"product_brand":[],"product_cat":[286],"product_tag":[],"class_list":{"0":"post-1755","1":"product","2":"type-product","3":"status-publish","4":"has-post-thumbnail","6":"product_cat-paddles-de","7":"pa_brand-finis-de","8":"pa_size-m-de","9":"pa_size-l-de","11":"first","12":"instock","13":"shipping-taxable","14":"purchasable","15":"product-type-variable"},"_links":{"self":[{"href":"https:\/\/espacetriathlon.com\/de\/wp-json\/wp\/v2\/product\/1755","targetHints":{"allow":["GET"]}}],"collection":[{"href":"https:\/\/espacetriathlon.com\/de\/wp-json\/wp\/v2\/product"}],"about":[{"href":"https:\/\/espacetriathlon.com\/de\/wp-json\/wp\/v2\/types\/product"}],"version-history":[{"count":3,"href":"https:\/\/espacetriathlon.com\/de\/wp-json\/wp\/v2\/product\/1755\/revisions"}],"predecessor-version":[{"id":36854,"href":"https:\/\/espacetriathlon.com\/de\/wp-json\/wp\/v2\/product\/1755\/revisions\/36854"}],"wp:featuredmedia":[{"embeddable":true,"href":"https:\/\/espacetriathlon.com\/de\/wp-json\/wp\/v2\/media\/49256"}],"wp:attachment":[{"href":"https:\/\/espacetriathlon.com\/de\/wp-json\/wp\/v2\/media?parent=1755"}],"wp:term":[{"taxonomy":"product_brand","embeddable":true,"href":"https:\/\/espacetriathlon.com\/de\/wp-json\/wp\/v2\/product_brand?post=1755"},{"taxonomy":"product_cat","embeddable":true,"href":"https:\/\/espacetriathlon.com\/de\/wp-json\/wp\/v2\/product_cat?post=1755"},{"taxonomy":"product_tag","embeddable":true,"href":"https:\/\/espacetriathlon.com\/de\/wp-json\/wp\/v2\/product_tag?post=1755"}],"curies":[{"name":"wp","href":"https:\/\/api.w.org\/{rel}","templated":true}]}}