{"id":1772,"date":"2020-11-09T10:07:41","date_gmt":"2020-11-09T10:07:41","guid":{"rendered":"https:\/\/espacetriathlon.com\/product\/killa-speed-goggle\/"},"modified":"2024-07-15T10:08:04","modified_gmt":"2024-07-15T10:08:04","slug":"killa-speed-goggle","status":"publish","type":"product","link":"https:\/\/espacetriathlon.com\/de\/product\/killa-speed-goggle\/","title":{"rendered":"Killa Speed Goggle"},"content":{"rendered":"<p>F\u00fcr alle, die eine leichte, ergonomische und trotzdem preisg\u00fcnstige Schwimmbrille suchen, die sowohl Komfort als auch einmalige Geschwindigkeiten bietet und f\u00fcr die Kurzstrecke ebenso geeignet ist wie f\u00fcr das Training im Schwimmbad. Aufgrund der verschiedenen Gl\u00e4ser ist sie f\u00fcr alle klimatischen Verh\u00e4ltnisse geeignet.<\/p>\n","protected":false},"excerpt":{"rendered":"<p>F\u00fcr alle, die eine leichte, ergonomische und trotzdem preisg\u00fcnstige Schwimmbrille suchen, die sowohl Komfort als auch einmalige Geschwindigkeiten bietet und f\u00fcr die Kurzstrecke ebenso geeignet ist wie f\u00fcr das Training im Schwimmbad. Aufgrund der verschiedenen Gl\u00e4ser ist sie f\u00fcr alle klimatischen Verh\u00e4ltnisse geeignet.<\/p>\n","protected":false},"featured_media":49260,"template":"","meta":[],"product_brand":[],"product_cat":[283],"product_tag":[],"class_list":{"0":"post-1772","1":"product","2":"type-product","3":"status-publish","4":"has-post-thumbnail","6":"product_cat-goggles-de","7":"pa_brand-orca-de","8":"pa_color_n-clear-black-de","9":"pa_color_n-white-de","11":"first","12":"instock","13":"shipping-taxable","14":"purchasable","15":"product-type-variable","16":"has-default-attributes"},"_links":{"self":[{"href":"https:\/\/espacetriathlon.com\/de\/wp-json\/wp\/v2\/product\/1772","targetHints":{"allow":["GET"]}}],"collection":[{"href":"https:\/\/espacetriathlon.com\/de\/wp-json\/wp\/v2\/product"}],"about":[{"href":"https:\/\/espacetriathlon.com\/de\/wp-json\/wp\/v2\/types\/product"}],"version-history":[{"count":3,"href":"https:\/\/espacetriathlon.com\/de\/wp-json\/wp\/v2\/product\/1772\/revisions"}],"predecessor-version":[{"id":36843,"href":"https:\/\/espacetriathlon.com\/de\/wp-json\/wp\/v2\/product\/1772\/revisions\/36843"}],"wp:featuredmedia":[{"embeddable":true,"href":"https:\/\/espacetriathlon.com\/de\/wp-json\/wp\/v2\/media\/49260"}],"wp:attachment":[{"href":"https:\/\/espacetriathlon.com\/de\/wp-json\/wp\/v2\/media?parent=1772"}],"wp:term":[{"taxonomy":"product_brand","embeddable":true,"href":"https:\/\/espacetriathlon.com\/de\/wp-json\/wp\/v2\/product_brand?post=1772"},{"taxonomy":"product_cat","embeddable":true,"href":"https:\/\/espacetriathlon.com\/de\/wp-json\/wp\/v2\/product_cat?post=1772"},{"taxonomy":"product_tag","embeddable":true,"href":"https:\/\/espacetriathlon.com\/de\/wp-json\/wp\/v2\/product_tag?post=1772"}],"curies":[{"name":"wp","href":"https:\/\/api.w.org\/{rel}","templated":true}]}}