{"id":17868,"date":"2023-03-22T12:38:43","date_gmt":"2023-03-22T12:38:43","guid":{"rendered":"https:\/\/espacetriathlon.com\/product\/swimrun-calf-guards\/"},"modified":"2024-07-12T11:09:18","modified_gmt":"2024-07-12T11:09:18","slug":"swimrun-calf-guards","status":"publish","type":"product","link":"https:\/\/espacetriathlon.com\/de\/product\/swimrun-calf-guards\/","title":{"rendered":"Swimrun Calf Guards"},"content":{"rendered":"<p>Diese Leggings wurden speziell f\u00fcr den Schwimmsport entwickelt. Sie geben Ihnen zus\u00e4tzlichen Auftrieb in den Beinen und erlauben Ihnen, auf die Pull Buoy verzichten zu k\u00f6nnen, wodurch Sie an Bewegungsfreiheit gewinnen. Dar\u00fcber hinaus sch\u00fctzen sie Ihre Schienbeine vor Steinen und Str\u00e4uchern, um kleine Kratzer zu vermeiden, die Ihnen die Freude am Rennen nehmen k\u00f6nnen. Der perfekte Begleiter f\u00fcr Ihre Schwimmwettk\u00e4mpfe.<\/p>\n","protected":false},"excerpt":{"rendered":"<p>Calf-guards for swimrun races.<\/p>\n","protected":false},"featured_media":50116,"template":"","meta":[],"product_brand":[],"product_cat":[274],"product_tag":[],"class_list":{"0":"post-17868","1":"product","2":"type-product","3":"status-publish","4":"has-post-thumbnail","6":"product_cat-swimrun-de","7":"pa_brand-orca-de","8":"pa_size-xs-de","9":"pa_size-s-de","10":"pa_size-m-de","11":"pa_size-l-de","13":"first","14":"instock","15":"shipping-taxable","16":"purchasable","17":"product-type-variable"},"_links":{"self":[{"href":"https:\/\/espacetriathlon.com\/de\/wp-json\/wp\/v2\/product\/17868","targetHints":{"allow":["GET"]}}],"collection":[{"href":"https:\/\/espacetriathlon.com\/de\/wp-json\/wp\/v2\/product"}],"about":[{"href":"https:\/\/espacetriathlon.com\/de\/wp-json\/wp\/v2\/types\/product"}],"version-history":[{"count":3,"href":"https:\/\/espacetriathlon.com\/de\/wp-json\/wp\/v2\/product\/17868\/revisions"}],"predecessor-version":[{"id":36316,"href":"https:\/\/espacetriathlon.com\/de\/wp-json\/wp\/v2\/product\/17868\/revisions\/36316"}],"wp:featuredmedia":[{"embeddable":true,"href":"https:\/\/espacetriathlon.com\/de\/wp-json\/wp\/v2\/media\/50116"}],"wp:attachment":[{"href":"https:\/\/espacetriathlon.com\/de\/wp-json\/wp\/v2\/media?parent=17868"}],"wp:term":[{"taxonomy":"product_brand","embeddable":true,"href":"https:\/\/espacetriathlon.com\/de\/wp-json\/wp\/v2\/product_brand?post=17868"},{"taxonomy":"product_cat","embeddable":true,"href":"https:\/\/espacetriathlon.com\/de\/wp-json\/wp\/v2\/product_cat?post=17868"},{"taxonomy":"product_tag","embeddable":true,"href":"https:\/\/espacetriathlon.com\/de\/wp-json\/wp\/v2\/product_tag?post=17868"}],"curies":[{"name":"wp","href":"https:\/\/api.w.org\/{rel}","templated":true}]}}