{"id":1797,"date":"2020-11-09T10:18:53","date_gmt":"2020-11-09T10:18:53","guid":{"rendered":"https:\/\/espacetriathlon.com\/product\/killa-vision-goggle\/"},"modified":"2024-10-20T09:21:04","modified_gmt":"2024-10-20T09:21:04","slug":"killa-vision-goggle","status":"publish","type":"product","link":"https:\/\/espacetriathlon.com\/de\/product\/killa-vision-goggle\/","title":{"rendered":"Killa Vision Goggle"},"content":{"rendered":"<p>Die Schwimmbrille Killa Vision ist ergonomisch und vielseitig und bietet sowohl einen Panoramablick als auch eine optimale Anpassung, weshalb sie sich besonders gut f\u00fcr die Langstrecke eignet. Aufgrund der verschiedenen Gl\u00e4ser ist sie f\u00fcr alle klimatischen Verh\u00e4ltnisse geeignet.<\/p>\n","protected":false},"excerpt":{"rendered":"<p>Die Schwimmbrille Killa Vision ist ergonomisch und vielseitig und bietet sowohl einen Panoramablick als auch eine optimale Anpassung, weshalb sie sich besonders gut f\u00fcr die Langstrecke eignet. Aufgrund der verschiedenen Gl\u00e4ser ist sie f\u00fcr alle klimatischen Verh\u00e4ltnisse geeignet.<\/p>\n","protected":false},"featured_media":49264,"template":"","meta":[],"product_brand":[],"product_cat":[2196,283],"product_tag":[],"class_list":{"0":"post-1797","1":"product","2":"type-product","3":"status-publish","4":"has-post-thumbnail","6":"product_cat-sales-de","7":"product_cat-goggles-de","8":"pa_brand-orca-de","9":"pa_color_n-black-de","10":"pa_color_n-blue-white-de","11":"pa_color_n-red-de","13":"first","14":"instock","15":"sale","16":"featured","17":"shipping-taxable","18":"purchasable","19":"product-type-variable"},"_links":{"self":[{"href":"https:\/\/espacetriathlon.com\/de\/wp-json\/wp\/v2\/product\/1797","targetHints":{"allow":["GET"]}}],"collection":[{"href":"https:\/\/espacetriathlon.com\/de\/wp-json\/wp\/v2\/product"}],"about":[{"href":"https:\/\/espacetriathlon.com\/de\/wp-json\/wp\/v2\/types\/product"}],"version-history":[{"count":3,"href":"https:\/\/espacetriathlon.com\/de\/wp-json\/wp\/v2\/product\/1797\/revisions"}],"predecessor-version":[{"id":36833,"href":"https:\/\/espacetriathlon.com\/de\/wp-json\/wp\/v2\/product\/1797\/revisions\/36833"}],"wp:featuredmedia":[{"embeddable":true,"href":"https:\/\/espacetriathlon.com\/de\/wp-json\/wp\/v2\/media\/49264"}],"wp:attachment":[{"href":"https:\/\/espacetriathlon.com\/de\/wp-json\/wp\/v2\/media?parent=1797"}],"wp:term":[{"taxonomy":"product_brand","embeddable":true,"href":"https:\/\/espacetriathlon.com\/de\/wp-json\/wp\/v2\/product_brand?post=1797"},{"taxonomy":"product_cat","embeddable":true,"href":"https:\/\/espacetriathlon.com\/de\/wp-json\/wp\/v2\/product_cat?post=1797"},{"taxonomy":"product_tag","embeddable":true,"href":"https:\/\/espacetriathlon.com\/de\/wp-json\/wp\/v2\/product_tag?post=1797"}],"curies":[{"name":"wp","href":"https:\/\/api.w.org\/{rel}","templated":true}]}}