{"id":1841,"date":"2020-11-09T10:31:38","date_gmt":"2020-11-09T10:31:38","guid":{"rendered":"https:\/\/espacetriathlon.com\/product\/speed-laces\/"},"modified":"2026-03-04T12:30:49","modified_gmt":"2026-03-04T12:30:49","slug":"speed-laces","status":"publish","type":"product","link":"https:\/\/espacetriathlon.com\/de\/product\/speed-laces\/","title":{"rendered":"Speed Laces"},"content":{"rendered":"<p>Verschwenden Sie keine Sekunden beim \u00dcbergang, w\u00e4hrend Sie Ihre Schuhe binden. Die elastischen Schn\u00fcre von Orca passen sich dank ihres neuen flachen Designs bequem und zuverl\u00e4ssig dem Fu\u00df an. Kleine Details, die den Unterschied machen.<\/p>\n","protected":false},"excerpt":{"rendered":"<p>Verschwenden Sie keine Sekunden beim \u00dcbergang, w\u00e4hrend Sie Ihre Schuhe binden. Die elastischen Schn\u00fcre von Orca passen sich dank ihres neuen flachen Designs bequem und zuverl\u00e4ssig dem Fu\u00df an. Kleine Details, die den Unterschied machen..<\/p>\n","protected":false},"featured_media":49268,"template":"","meta":[],"product_brand":[],"product_cat":[301],"product_tag":[],"class_list":{"0":"post-1841","1":"product","2":"type-product","3":"status-publish","4":"has-post-thumbnail","6":"product_cat-run-accessories-triathlon-de","7":"product_shipping_class-petitarticle-de","8":"pa_brand-orca-de","9":"pa_color_n-black-de","10":"pa_color_n-blue-de","11":"pa_color_n-grey-de","12":"pa_color_n-red-de","13":"pa_color_n-white-de","14":"pa_color_n-yellow-de","16":"first","17":"instock","18":"shipping-taxable","19":"purchasable","20":"product-type-variable"},"_links":{"self":[{"href":"https:\/\/espacetriathlon.com\/de\/wp-json\/wp\/v2\/product\/1841","targetHints":{"allow":["GET"]}}],"collection":[{"href":"https:\/\/espacetriathlon.com\/de\/wp-json\/wp\/v2\/product"}],"about":[{"href":"https:\/\/espacetriathlon.com\/de\/wp-json\/wp\/v2\/types\/product"}],"version-history":[{"count":3,"href":"https:\/\/espacetriathlon.com\/de\/wp-json\/wp\/v2\/product\/1841\/revisions"}],"predecessor-version":[{"id":36810,"href":"https:\/\/espacetriathlon.com\/de\/wp-json\/wp\/v2\/product\/1841\/revisions\/36810"}],"wp:featuredmedia":[{"embeddable":true,"href":"https:\/\/espacetriathlon.com\/de\/wp-json\/wp\/v2\/media\/49268"}],"wp:attachment":[{"href":"https:\/\/espacetriathlon.com\/de\/wp-json\/wp\/v2\/media?parent=1841"}],"wp:term":[{"taxonomy":"product_brand","embeddable":true,"href":"https:\/\/espacetriathlon.com\/de\/wp-json\/wp\/v2\/product_brand?post=1841"},{"taxonomy":"product_cat","embeddable":true,"href":"https:\/\/espacetriathlon.com\/de\/wp-json\/wp\/v2\/product_cat?post=1841"},{"taxonomy":"product_tag","embeddable":true,"href":"https:\/\/espacetriathlon.com\/de\/wp-json\/wp\/v2\/product_tag?post=1841"}],"curies":[{"name":"wp","href":"https:\/\/api.w.org\/{rel}","templated":true}]}}