{"id":1854,"date":"2020-11-09T11:12:47","date_gmt":"2020-11-09T11:12:47","guid":{"rendered":"https:\/\/espacetriathlon.com\/product\/pulling-ankle-strap\/"},"modified":"2025-06-15T20:12:06","modified_gmt":"2025-06-15T20:12:06","slug":"pulling-ankle-strap","status":"publish","type":"product","link":"https:\/\/espacetriathlon.com\/de\/product\/pulling-ankle-strap\/","title":{"rendered":"Pulling Ankle Strap"},"content":{"rendered":"<p>Der Pulling Ankle Strap ist ein Gummiband, das um die Kn\u00f6chel getragen wird, um Tritte zu vermeiden. Idealerweise zusammen mit der Schaumstoff-Zugboje verwendet, h\u00e4lt der Zugwinkelriemen f\u00fcr den Kn\u00f6chel die Kn\u00f6chel zusammen und lenkt die Aufmerksamkeit auf die St\u00e4rkung des Oberk\u00f6rpers. Der Pulling Ankle Strap ist in einer Universalgr\u00f6\u00dfe erh\u00e4ltlich, die f\u00fcr alle Kn\u00f6chel passt.<\/p>\n","protected":false},"excerpt":{"rendered":"<p>Der Pulling Ankle Strap ist ein Gummiband, das um die Kn\u00f6chel getragen wird, um Tritte zu vermeiden. Idealerweise zusammen mit der Schaumstoff-Zugboje verwendet, h\u00e4lt der Zugwinkelriemen f\u00fcr den Kn\u00f6chel die Kn\u00f6chel zusammen und lenkt die Aufmerksamkeit auf die St\u00e4rkung des Oberk\u00f6rpers. Der Pulling Ankle Strap ist in einer Universalgr\u00f6\u00dfe erh\u00e4ltlich, die f\u00fcr alle Kn\u00f6chel passt.<\/p>\n","protected":false},"featured_media":49293,"template":"","meta":[],"product_brand":[],"product_cat":[280],"product_tag":[],"class_list":{"0":"post-1854","1":"product","2":"type-product","3":"status-publish","4":"has-post-thumbnail","6":"product_cat-accessories-swims-de","7":"product_shipping_class-petitarticle-de","8":"pa_brand-finis-de","10":"first","11":"instock","12":"shipping-taxable","13":"purchasable","14":"product-type-simple"},"_links":{"self":[{"href":"https:\/\/espacetriathlon.com\/de\/wp-json\/wp\/v2\/product\/1854","targetHints":{"allow":["GET"]}}],"collection":[{"href":"https:\/\/espacetriathlon.com\/de\/wp-json\/wp\/v2\/product"}],"about":[{"href":"https:\/\/espacetriathlon.com\/de\/wp-json\/wp\/v2\/types\/product"}],"version-history":[{"count":3,"href":"https:\/\/espacetriathlon.com\/de\/wp-json\/wp\/v2\/product\/1854\/revisions"}],"predecessor-version":[{"id":36791,"href":"https:\/\/espacetriathlon.com\/de\/wp-json\/wp\/v2\/product\/1854\/revisions\/36791"}],"wp:featuredmedia":[{"embeddable":true,"href":"https:\/\/espacetriathlon.com\/de\/wp-json\/wp\/v2\/media\/49293"}],"wp:attachment":[{"href":"https:\/\/espacetriathlon.com\/de\/wp-json\/wp\/v2\/media?parent=1854"}],"wp:term":[{"taxonomy":"product_brand","embeddable":true,"href":"https:\/\/espacetriathlon.com\/de\/wp-json\/wp\/v2\/product_brand?post=1854"},{"taxonomy":"product_cat","embeddable":true,"href":"https:\/\/espacetriathlon.com\/de\/wp-json\/wp\/v2\/product_cat?post=1854"},{"taxonomy":"product_tag","embeddable":true,"href":"https:\/\/espacetriathlon.com\/de\/wp-json\/wp\/v2\/product_tag?post=1854"}],"curies":[{"name":"wp","href":"https:\/\/api.w.org\/{rel}","templated":true}]}}