{"id":18715,"date":"2023-05-24T13:06:40","date_gmt":"2023-05-24T13:06:40","guid":{"rendered":"https:\/\/espacetriathlon.com\/product\/men-vitalis-light-sleeveless\/"},"modified":"2025-03-15T20:40:26","modified_gmt":"2025-03-15T20:40:26","slug":"men-vitalis-light-sleeveless","status":"publish","type":"product","link":"https:\/\/espacetriathlon.com\/de\/product\/men-vitalis-light-sleeveless\/","title":{"rendered":"Men Vitalis Light (sleeveless)"},"content":{"rendered":"<p>Bewegungsfreiheit: Die \u00e4rmellose Konstruktion des Vitalis Light gibt dir beim Schwimmen absolute Beweglichkeit im Schulter- und Armbereich. Ein uneingeschr\u00e4nkter Schwimmzug, genug Auftrieb im unteren Bereich und die Thermoisolierung am Rumpf sorgen daf\u00fcr, dass du deine Sessions im Freiwasser in vollen Z\u00fcgen genie\u00dfen kannst.<br \/>\nAuftrieb: Die Verteilung der Materialst\u00e4rke, die bis zu 4,5 mm im Beinbereich betr\u00e4gt, gibt dir mehr Auftrieb und Support auf deinen Schwimmabenteuern.<\/p>\n","protected":false},"excerpt":{"rendered":"<p>Der Freiwasser-Neoprenanzug Vitalis Light ist die perfekte Wahl f\u00fcr alle Schwimmer*innen, die keine besonders hohe Thermoisolierung ben\u00f6tigen, aber maximale Bewegungsfreiheit beim Schwimmen w\u00fcnschen.<\/p>\n","protected":false},"featured_media":50112,"template":"","meta":[],"product_brand":[],"product_cat":[1720,271],"product_tag":[],"class_list":{"0":"post-18715","1":"product","2":"type-product","3":"status-publish","4":"has-post-thumbnail","6":"product_cat-wetsuit-neopren-de-2","7":"product_cat-openwater-de","8":"pa_brand-orca-de","9":"pa_taille-orca-h-t5-162-172-cm-61-66-kg-de","10":"pa_taille-orca-h-t6-167-175-cm-67-75-kg-de","11":"pa_taille-orca-h-tmt-177-190-cm-68-76-kg","12":"pa_taille-orca-h-t7-173-185-cm-75-82-kg-de","13":"pa_taille-orca-h-t8-180-188-cm-82-89-kg-de","14":"pa_taille-orca-h-t9-185-193-cm-89-97-kg-de","16":"first","17":"instock","18":"shipping-taxable","19":"purchasable","20":"product-type-variable"},"_links":{"self":[{"href":"https:\/\/espacetriathlon.com\/de\/wp-json\/wp\/v2\/product\/18715","targetHints":{"allow":["GET"]}}],"collection":[{"href":"https:\/\/espacetriathlon.com\/de\/wp-json\/wp\/v2\/product"}],"about":[{"href":"https:\/\/espacetriathlon.com\/de\/wp-json\/wp\/v2\/types\/product"}],"version-history":[{"count":3,"href":"https:\/\/espacetriathlon.com\/de\/wp-json\/wp\/v2\/product\/18715\/revisions"}],"predecessor-version":[{"id":36345,"href":"https:\/\/espacetriathlon.com\/de\/wp-json\/wp\/v2\/product\/18715\/revisions\/36345"}],"wp:featuredmedia":[{"embeddable":true,"href":"https:\/\/espacetriathlon.com\/de\/wp-json\/wp\/v2\/media\/50112"}],"wp:attachment":[{"href":"https:\/\/espacetriathlon.com\/de\/wp-json\/wp\/v2\/media?parent=18715"}],"wp:term":[{"taxonomy":"product_brand","embeddable":true,"href":"https:\/\/espacetriathlon.com\/de\/wp-json\/wp\/v2\/product_brand?post=18715"},{"taxonomy":"product_cat","embeddable":true,"href":"https:\/\/espacetriathlon.com\/de\/wp-json\/wp\/v2\/product_cat?post=18715"},{"taxonomy":"product_tag","embeddable":true,"href":"https:\/\/espacetriathlon.com\/de\/wp-json\/wp\/v2\/product_tag?post=18715"}],"curies":[{"name":"wp","href":"https:\/\/api.w.org\/{rel}","templated":true}]}}