{"id":18944,"date":"2023-06-07T13:58:08","date_gmt":"2023-06-07T13:58:08","guid":{"rendered":"https:\/\/espacetriathlon.com\/product\/openwater-vitalis-trn-men\/"},"modified":"2026-04-12T15:47:50","modified_gmt":"2026-04-12T15:47:50","slug":"openwater-vitalis-trn-men","status":"publish","type":"product","link":"https:\/\/espacetriathlon.com\/de\/product\/openwater-vitalis-trn-men\/","title":{"rendered":"Openwater Vitalis TRN men"},"content":{"rendered":"<p>Der Vitalis TRN ist der ideale Anzug f\u00fcr Freiwasserneulinge oder dein t\u00e4gliches Triathlon-Schwimmtraining. Die hohe Flexibilit\u00e4t in den Schultern sorgt f\u00fcr komfortables erste Z\u00fcge beim Freiwasserschwimmen, w\u00e4hrend der neutrale Auftrieb dich sicher und geborgen f\u00fchlen l\u00e4sst.<\/p>\n","protected":false},"excerpt":{"rendered":"<p>Vielseitig nutzbarer Freiwasser-Neoprenanzug<\/p>\n","protected":false},"featured_media":50055,"template":"","meta":[],"product_brand":[],"product_cat":[1720,271],"product_tag":[],"class_list":{"0":"post-18944","1":"product","2":"type-product","3":"status-publish","4":"has-post-thumbnail","6":"product_cat-wetsuit-neopren-de-2","7":"product_cat-openwater-de","8":"pa_brand-orca-de","9":"pa_taille-orca-h-t5-162-172-cm-61-66-kg-de","10":"pa_taille-orca-h-t6-167-175-cm-67-75-kg-de","11":"pa_taille-orca-h-tmt-177-190-cm-68-76-kg","12":"pa_taille-orca-h-t7-173-185-cm-75-82-kg-de","13":"pa_taille-orca-h-t8-180-188-cm-82-89-kg-de","14":"pa_taille-orca-h-t9-185-193-cm-89-97-kg-de","15":"pa_taille-orca-h-t10-190-196-cm-98-109-kg-de","17":"first","18":"instock","19":"shipping-taxable","20":"purchasable","21":"product-type-variable"},"_links":{"self":[{"href":"https:\/\/espacetriathlon.com\/de\/wp-json\/wp\/v2\/product\/18944","targetHints":{"allow":["GET"]}}],"collection":[{"href":"https:\/\/espacetriathlon.com\/de\/wp-json\/wp\/v2\/product"}],"about":[{"href":"https:\/\/espacetriathlon.com\/de\/wp-json\/wp\/v2\/types\/product"}],"version-history":[{"count":3,"href":"https:\/\/espacetriathlon.com\/de\/wp-json\/wp\/v2\/product\/18944\/revisions"}],"predecessor-version":[{"id":36374,"href":"https:\/\/espacetriathlon.com\/de\/wp-json\/wp\/v2\/product\/18944\/revisions\/36374"}],"wp:featuredmedia":[{"embeddable":true,"href":"https:\/\/espacetriathlon.com\/de\/wp-json\/wp\/v2\/media\/50055"}],"wp:attachment":[{"href":"https:\/\/espacetriathlon.com\/de\/wp-json\/wp\/v2\/media?parent=18944"}],"wp:term":[{"taxonomy":"product_brand","embeddable":true,"href":"https:\/\/espacetriathlon.com\/de\/wp-json\/wp\/v2\/product_brand?post=18944"},{"taxonomy":"product_cat","embeddable":true,"href":"https:\/\/espacetriathlon.com\/de\/wp-json\/wp\/v2\/product_cat?post=18944"},{"taxonomy":"product_tag","embeddable":true,"href":"https:\/\/espacetriathlon.com\/de\/wp-json\/wp\/v2\/product_tag?post=18944"}],"curies":[{"name":"wp","href":"https:\/\/api.w.org\/{rel}","templated":true}]}}