{"id":18980,"date":"2023-06-07T14:48:31","date_gmt":"2023-06-07T14:48:31","guid":{"rendered":"https:\/\/espacetriathlon.com\/product\/openwater-zeal-perform-women\/"},"modified":"2024-07-12T11:58:39","modified_gmt":"2024-07-12T11:58:39","slug":"openwater-zeal-perform-women","status":"publish","type":"product","link":"https:\/\/espacetriathlon.com\/de\/product\/openwater-zeal-perform-women\/","title":{"rendered":"Openwater Zeal Perform Women"},"content":{"rendered":"<p>Von der FINA zugelassen: Perfekt f\u00fcr den Einsatz bei FINA-Freiwasser-Wettk\u00e4mpfen. Der Zeal Perform ist \u00fcbrigens der erste Neoprenanzug, der offiziell vom Internationalen Schwimmverband zertifiziert wurde.<br \/>\nMaximale Freiheit: Durch die Kombination von Technologien f\u00fcr maximale Dehnbarkeit, wie Yamamoto 40+, genie\u00dft du bei deinen Schwimmeinheiten im offenen Wasser absolute Bewegungsfreiheit.<br \/>\nNeutraler Auftrieb: Die Verteilung der Materialst\u00e4rken verleiht diesem Neoprenanzug einen neutralen Auftrieb. So finden Schwimmer*innen mit ausgefeilter Technik mit Leichtigkeit in ihre gewohnte Wasserlage.<br \/>\nNull Beeintr\u00e4chtigung: Dieser Neoprenanzug wurde f\u00fcr versierte Schwimmer*innen entwickelt. Er bietet dir maximale Dehnbarkeit und minimalen Auftrieb, sodass du beim Schwimmen keinerlei Einschr\u00e4nkungen sp\u00fcrst und deine F\u00e4higkeiten im Wasser voll aussch\u00f6pfen kannst.<\/p>\n","protected":false},"excerpt":{"rendered":"<p>Openwater Zeal Perform, der Freiwasser-Wetsuit f\u00fcr Top-Schwimmer*innen, die Flexibilit\u00e4t suchen und niedrigen, ausgeglichenen Auftrieb w\u00fcnschen.<\/p>\n","protected":false},"featured_media":50046,"template":"","meta":[],"product_brand":[],"product_cat":[271],"product_tag":[],"class_list":{"0":"post-18980","1":"product","2":"type-product","3":"status-publish","4":"has-post-thumbnail","6":"product_cat-openwater-de","7":"pa_brand-orca-de","8":"pa_taille-orca-f-s-157-167cm-54-61kg-de","9":"pa_taille-orca-f-m-165-177cm-60-67kg-de","10":"pa_taille-orca-f-l-170-185cm-66-74kg-de","11":"pa_taille-orca-f-xl-177-189cm-73-79kg-de","13":"first","14":"instock","15":"shipping-taxable","16":"purchasable","17":"product-type-variable"},"_links":{"self":[{"href":"https:\/\/espacetriathlon.com\/de\/wp-json\/wp\/v2\/product\/18980","targetHints":{"allow":["GET"]}}],"collection":[{"href":"https:\/\/espacetriathlon.com\/de\/wp-json\/wp\/v2\/product"}],"about":[{"href":"https:\/\/espacetriathlon.com\/de\/wp-json\/wp\/v2\/types\/product"}],"version-history":[{"count":3,"href":"https:\/\/espacetriathlon.com\/de\/wp-json\/wp\/v2\/product\/18980\/revisions"}],"predecessor-version":[{"id":36380,"href":"https:\/\/espacetriathlon.com\/de\/wp-json\/wp\/v2\/product\/18980\/revisions\/36380"}],"wp:featuredmedia":[{"embeddable":true,"href":"https:\/\/espacetriathlon.com\/de\/wp-json\/wp\/v2\/media\/50046"}],"wp:attachment":[{"href":"https:\/\/espacetriathlon.com\/de\/wp-json\/wp\/v2\/media?parent=18980"}],"wp:term":[{"taxonomy":"product_brand","embeddable":true,"href":"https:\/\/espacetriathlon.com\/de\/wp-json\/wp\/v2\/product_brand?post=18980"},{"taxonomy":"product_cat","embeddable":true,"href":"https:\/\/espacetriathlon.com\/de\/wp-json\/wp\/v2\/product_cat?post=18980"},{"taxonomy":"product_tag","embeddable":true,"href":"https:\/\/espacetriathlon.com\/de\/wp-json\/wp\/v2\/product_tag?post=18980"}],"curies":[{"name":"wp","href":"https:\/\/api.w.org\/{rel}","templated":true}]}}