{"id":1900,"date":"2020-11-10T14:39:55","date_gmt":"2020-11-10T14:39:55","guid":{"rendered":"https:\/\/espacetriathlon.com\/product\/snorkel\/"},"modified":"2026-01-09T17:20:58","modified_gmt":"2026-01-09T17:20:58","slug":"snorkel","status":"publish","type":"product","link":"https:\/\/espacetriathlon.com\/de\/product\/snorkel\/","title":{"rendered":"Snorkel"},"content":{"rendered":"<p>Dieses Schnorchelrohr geh\u00f6rt bei Schwimmtrainings zur Grundlagenausr\u00fcstung. Es bietet perfekten Halt, damit Du dich auf die Verbesserung deiner Technik konzentrieren kannst, w\u00e4hrend Du unter Wasser gleichm\u00e4\u00dfig weiteratmest. \u00dcber das Entl\u00fcftungsventil kann Wasser entweichen, das w\u00e4hrend des Schwimmens in den Schlauch eindringen kann. Verbesser deine Technik und Leistung im Wasser.<\/p>\n","protected":false},"excerpt":{"rendered":"<p>Dieses Schnorchelrohr geh\u00f6rt bei Schwimmtrainings zur Grundlagenausr\u00fcstung. Es bietet perfekten Halt, damit Du dich auf die Verbesserung deiner Technik konzentrieren kannst, w\u00e4hrend Du unter Wasser gleichm\u00e4\u00dfig weiteratmest. \u00dcber das Entl\u00fcftungsventil kann Wasser entweichen, das w\u00e4hrend des Schwimmens in den Schlauch eindringen kann. Verbesser deine Technik und Leistung im Wasser.<\/p>\n","protected":false},"featured_media":49302,"template":"","meta":[],"product_brand":[],"product_cat":[289],"product_tag":[],"class_list":{"0":"post-1900","1":"product","2":"type-product","3":"status-publish","4":"has-post-thumbnail","6":"product_cat-snorkels-de","7":"pa_brand-orca-de","8":"pa_color_n-black-de","9":"pa_color_n-orange-de-2","11":"first","12":"instock","13":"shipping-taxable","14":"purchasable","15":"product-type-variable"},"_links":{"self":[{"href":"https:\/\/espacetriathlon.com\/de\/wp-json\/wp\/v2\/product\/1900","targetHints":{"allow":["GET"]}}],"collection":[{"href":"https:\/\/espacetriathlon.com\/de\/wp-json\/wp\/v2\/product"}],"about":[{"href":"https:\/\/espacetriathlon.com\/de\/wp-json\/wp\/v2\/types\/product"}],"version-history":[{"count":3,"href":"https:\/\/espacetriathlon.com\/de\/wp-json\/wp\/v2\/product\/1900\/revisions"}],"predecessor-version":[{"id":36768,"href":"https:\/\/espacetriathlon.com\/de\/wp-json\/wp\/v2\/product\/1900\/revisions\/36768"}],"wp:featuredmedia":[{"embeddable":true,"href":"https:\/\/espacetriathlon.com\/de\/wp-json\/wp\/v2\/media\/49302"}],"wp:attachment":[{"href":"https:\/\/espacetriathlon.com\/de\/wp-json\/wp\/v2\/media?parent=1900"}],"wp:term":[{"taxonomy":"product_brand","embeddable":true,"href":"https:\/\/espacetriathlon.com\/de\/wp-json\/wp\/v2\/product_brand?post=1900"},{"taxonomy":"product_cat","embeddable":true,"href":"https:\/\/espacetriathlon.com\/de\/wp-json\/wp\/v2\/product_cat?post=1900"},{"taxonomy":"product_tag","embeddable":true,"href":"https:\/\/espacetriathlon.com\/de\/wp-json\/wp\/v2\/product_tag?post=1900"}],"curies":[{"name":"wp","href":"https:\/\/api.w.org\/{rel}","templated":true}]}}