{"id":19013,"date":"2023-06-07T15:08:19","date_gmt":"2023-06-07T15:08:19","guid":{"rendered":"https:\/\/espacetriathlon.com\/product\/openwater-zeal-high-visibility-men\/"},"modified":"2025-03-06T05:51:55","modified_gmt":"2025-03-06T05:51:55","slug":"openwater-zeal-high-visibility-men","status":"publish","type":"product","link":"https:\/\/espacetriathlon.com\/de\/product\/openwater-zeal-high-visibility-men\/","title":{"rendered":"Openwater Zeal High Visibility Men"},"content":{"rendered":"<p>\u201eDer Zeal Hi-Vis kombiniert Sichtbarkeit, Auftrieb<br \/>\nund Dehnbarkeit und ist damit der ideale<br \/>\nNeoprenanzug f\u00fcr Freiwasserschwimmer, die<br \/>\nauch den widrigsten Bedingungen die Stirn<br \/>\nbieten wollen. F\u00fcr ein Plus an Sicherheit sind die<br \/>\nArme, Beine und der R\u00fccken mit gro\u00dfen Fl\u00e4chen<br \/>\naus hochsichtbarem Neonorange versehen.<br \/>\nGleichzeitig sorgt die Aerodome-2-Technologie<br \/>\nf\u00fcr Auftrieb, damit du dich bei deinen Abenteuern<br \/>\nim offenen Wasser immer sicher f\u00fchlst. F\u00fcr mehr<br \/>\nK\u00e4lteschutz, sorgt der \u201eBatwing\u201c, eine zus\u00e4tzliche<br \/>\nNeoprenlage, die verhindert, dass Wasser \u00fcber<br \/>\nRei\u00dfverschluss und am Halsbereich eindringt.\u201c<\/p>\n","protected":false},"excerpt":{"rendered":"<p>Der Neoprenanzug, auf den du dich im offenen Wasser hundertprozentig verlassen kannst<\/p>\n","protected":false},"featured_media":50037,"template":"","meta":[],"product_brand":[],"product_cat":[271],"product_tag":[],"class_list":{"0":"post-19013","1":"product","2":"type-product","3":"status-publish","4":"has-post-thumbnail","6":"product_cat-openwater-de","7":"pa_brand-orca-de","8":"pa_taille-orca-h-t6-167-175-cm-67-75-kg-de","9":"pa_taille-orca-h-tmt-177-190-cm-68-76-kg","10":"pa_taille-orca-h-t7-173-185-cm-75-82-kg-de","11":"pa_taille-orca-h-t8-180-188-cm-82-89-kg-de","12":"pa_taille-orca-h-t9-185-193-cm-89-97-kg-de","14":"first","15":"instock","16":"sale","17":"shipping-taxable","18":"purchasable","19":"product-type-variable"},"_links":{"self":[{"href":"https:\/\/espacetriathlon.com\/de\/wp-json\/wp\/v2\/product\/19013","targetHints":{"allow":["GET"]}}],"collection":[{"href":"https:\/\/espacetriathlon.com\/de\/wp-json\/wp\/v2\/product"}],"about":[{"href":"https:\/\/espacetriathlon.com\/de\/wp-json\/wp\/v2\/types\/product"}],"version-history":[{"count":2,"href":"https:\/\/espacetriathlon.com\/de\/wp-json\/wp\/v2\/product\/19013\/revisions"}],"predecessor-version":[{"id":36392,"href":"https:\/\/espacetriathlon.com\/de\/wp-json\/wp\/v2\/product\/19013\/revisions\/36392"}],"wp:featuredmedia":[{"embeddable":true,"href":"https:\/\/espacetriathlon.com\/de\/wp-json\/wp\/v2\/media\/50037"}],"wp:attachment":[{"href":"https:\/\/espacetriathlon.com\/de\/wp-json\/wp\/v2\/media?parent=19013"}],"wp:term":[{"taxonomy":"product_brand","embeddable":true,"href":"https:\/\/espacetriathlon.com\/de\/wp-json\/wp\/v2\/product_brand?post=19013"},{"taxonomy":"product_cat","embeddable":true,"href":"https:\/\/espacetriathlon.com\/de\/wp-json\/wp\/v2\/product_cat?post=19013"},{"taxonomy":"product_tag","embeddable":true,"href":"https:\/\/espacetriathlon.com\/de\/wp-json\/wp\/v2\/product_tag?post=19013"}],"curies":[{"name":"wp","href":"https:\/\/api.w.org\/{rel}","templated":true}]}}